{"id":2710,"date":"2025-02-26T23:17:19","date_gmt":"2025-02-26T22:17:19","guid":{"rendered":"https:\/\/stolagon.lesitesweb.ch\/?page_id=2710"},"modified":"2025-02-27T18:35:42","modified_gmt":"2025-02-27T17:35:42","slug":"a-propos-de-stolagon-capital","status":"publish","type":"page","link":"https:\/\/stolagon.lesitesweb.ch\/ar\/a-propos-de-stolagon-capital\/","title":{"rendered":"\u0645\u0639\u0644\u0648\u0645\u0627\u062a \u0639\u0646\u0627"},"content":{"rendered":"<div data-elementor-type=\"wp-page\" data-elementor-id=\"2710\" class=\"elementor elementor-2710\">\n\t\t\t\t\t\t<section class=\"elementor-section elementor-top-section elementor-element elementor-element-1666e75 elementor-section-boxed elementor-section-height-default elementor-section-height-default\" data-id=\"1666e75\" data-element_type=\"section\" data-settings=\"{&quot;background_background&quot;:&quot;classic&quot;}\">\n\t\t\t\t\t\t<div class=\"elementor-container elementor-column-gap-default\">\n\t\t\t\t\t<div class=\"elementor-column elementor-col-100 elementor-top-column elementor-element elementor-element-b585b40 ot-flex-column-vertical\" data-id=\"b585b40\" data-element_type=\"column\">\n\t\t\t<div class=\"elementor-widget-wrap elementor-element-populated\">\n\t\t\t\t\t\t<section class=\"elementor-section elementor-inner-section elementor-element elementor-element-df4af2f elementor-section-full_width elementor-section-height-default elementor-section-height-default\" data-id=\"df4af2f\" data-element_type=\"section\">\n\t\t\t\t\t\t<div class=\"elementor-container elementor-column-gap-extended\">\n\t\t\t\t\t<div class=\"elementor-column elementor-col-33 elementor-inner-column elementor-element elementor-element-e5a80f1 ot-flex-column-vertical\" data-id=\"e5a80f1\" data-element_type=\"column\">\n\t\t\t<div class=\"elementor-widget-wrap\">\n\t\t\t\t\t\t\t<\/div>\n\t\t<\/div>\n\t\t\t\t<div class=\"elementor-column elementor-col-33 elementor-inner-column elementor-element elementor-element-0e70c66 ot-flex-column-vertical\" data-id=\"0e70c66\" data-element_type=\"column\">\n\t\t\t<div class=\"elementor-widget-wrap elementor-element-populated\">\n\t\t\t\t\t\t<div class=\"elementor-element elementor-element-f8f4182 elementor-widget elementor-widget-iheading\" data-id=\"f8f4182\" data-element_type=\"widget\" data-widget_type=\"iheading.default\">\n\t\t\t\t<div class=\"elementor-widget-container\">\n\t\t\t\t\t\t\t<div class=\"ot-heading\">\r\n\t        <span class=\"\">\u0627\u0644\u0623\u0645\u0627\u0646\u060c \u0627\u0644\u0634\u0641\u0627\u0641\u064a\u0629\u060c \u0627\u0644\u0623\u062f\u0627\u0621 <\/span>\t        <h3 class=\"main-head\">\u062d\u0644\u0648\u0644 \u0645\u0627\u0644\u064a\u0629 \u0645\u062e\u0635\u0635\u0629 \u0644\u0646\u0645\u0648 \u0645\u0633\u062a\u062f\u0627\u0645.<\/h3>\t    <\/div>\r\n\t    \t\t\t\t<\/div>\n\t\t\t\t<\/div>\n\t\t\t\t<div class=\"elementor-element elementor-element-b352688 elementor-widget elementor-widget-text-editor\" data-id=\"b352688\" data-element_type=\"widget\" data-widget_type=\"text-editor.default\">\n\t\t\t\t<div class=\"elementor-widget-container\">\n\t\t\t\t\t\t\t\t\t<p>\u0633\u062a\u0648\u0644\u0627\u063a\u0648\u0646 \u0643\u0627\u0628\u064a\u062a\u0627\u0644\u060c \u0648\u0633\u064a\u0637 \u0645\u0627\u0644\u064a \u0645\u0646\u0638\u0645 \u0645\u0639\u062a\u0631\u0641 \u0628\u0647 \u0645\u0646 \u0642\u0628\u0644 \u0627\u0644\u0633\u0644\u0637\u0627\u062a \u0627\u0644\u0645\u0627\u0644\u064a\u0629 \u0627\u0644\u0633\u0648\u064a\u062f\u064a\u0629<\/p><p>\u062a\u0647\u062f\u0641 \u0634\u0631\u0643\u0629 \u0633\u062a\u0648\u0644\u0627\u063a\u0648\u0646 \u0643\u0627\u0628\u064a\u062a\u0627\u0644 \u0625\u0644\u0649 \u0645\u0633\u0627\u0639\u062f\u0629 \u0627\u0644\u0645\u0624\u0633\u0633\u0627\u062a \u0648\u0627\u0644\u0623\u0641\u0631\u0627\u062f \u0639\u0644\u0649 \u062a\u062d\u0633\u064a\u0646 \u0627\u0633\u062a\u062b\u0645\u0627\u0631\u0627\u062a\u0647\u0645 \u0648\u0645\u062e\u0627\u0637\u0631\u0647\u0645 \u0628\u0634\u0643\u0644 \u0641\u0639\u0627\u0644\u060c \u0628\u0623\u0645\u0627\u0646 \u0648\u0634\u0641\u0627\u0641\u064a\u0629.<\/p>\t\t\t\t\t\t\t\t<\/div>\n\t\t\t\t<\/div>\n\t\t\t\t\t<\/div>\n\t\t<\/div>\n\t\t\t\t<div class=\"elementor-column elementor-col-33 elementor-inner-column elementor-element elementor-element-a822a5c ot-flex-column-vertical\" data-id=\"a822a5c\" data-element_type=\"column\">\n\t\t\t<div class=\"elementor-widget-wrap\">\n\t\t\t\t\t\t\t<\/div>\n\t\t<\/div>\n\t\t\t\t\t<\/div>\n\t\t<\/section>\n\t\t\t\t<section class=\"elementor-section elementor-inner-section elementor-element elementor-element-672f9ef elementor-section-full_width elementor-section-height-default elementor-section-height-default\" data-id=\"672f9ef\" data-element_type=\"section\">\n\t\t\t\t\t\t<div class=\"elementor-container elementor-column-gap-default\">\n\t\t\t\t\t<div class=\"elementor-column elementor-col-100 elementor-inner-column elementor-element elementor-element-330a29f ot-flex-column-vertical\" data-id=\"330a29f\" data-element_type=\"column\">\n\t\t\t<div class=\"elementor-widget-wrap elementor-element-populated\">\n\t\t\t\t\t\t<div class=\"elementor-element elementor-element-2c2634f elementor-widget elementor-widget-itabtitle\" data-id=\"2c2634f\" data-element_type=\"widget\" data-widget_type=\"itabtitle.default\">\n\t\t\t\t<div class=\"elementor-widget-container\">\n\t\t\t\t\t\r\n\t\t<div class=\"tab-titles\">\r\n\t\t\t\t\t\t<div class=\"title-item font-second\">\r\n\t\t\t\t<a href=\"#our-philo\">\u0641\u0644\u0633\u0641\u062a\u0646\u0627<\/a>\r\n\t\t\t<\/div>\r\n\t\t\t\t\t\t<div class=\"title-item font-second\">\r\n\t\t\t\t<a href=\"#our-mission\">\u0645\u0647\u0645\u062a\u0646\u0627<\/a>\r\n\t\t\t<\/div>\r\n\t\t\t\t\t\t<div class=\"title-item font-second\">\r\n\t\t\t\t<a href=\"#our-vision\">\u0631\u0624\u064a\u062a\u0646\u0627<\/a>\r\n\t\t\t<\/div>\r\n\t\t\t\t\t<\/div>\r\n\r\n\t    \t\t\t\t<\/div>\n\t\t\t\t<\/div>\n\t\t\t\t\t<\/div>\n\t\t<\/div>\n\t\t\t\t\t<\/div>\n\t\t<\/section>\n\t\t\t\t\t<\/div>\n\t\t<\/div>\n\t\t\t\t\t<\/div>\n\t\t<\/section>\n\t\t\t\t<section class=\"elementor-section elementor-top-section elementor-element elementor-element-228523d elementor-section-content-middle content-tab elementor-section-boxed elementor-section-height-default elementor-section-height-default\" data-id=\"228523d\" data-element_type=\"section\" id=\"our-philo\">\n\t\t\t\t\t\t<div class=\"elementor-container elementor-column-gap-extended\">\n\t\t\t\t\t<div class=\"elementor-column elementor-col-50 elementor-top-column elementor-element elementor-element-eb6c645 ot-flex-column-vertical\" data-id=\"eb6c645\" data-element_type=\"column\">\n\t\t\t<div class=\"elementor-widget-wrap elementor-element-populated\">\n\t\t\t\t\t\t<div class=\"elementor-element elementor-element-d6b3683 elementor-widget elementor-widget-image\" data-id=\"d6b3683\" data-element_type=\"widget\" data-widget_type=\"image.default\">\n\t\t\t\t<div class=\"elementor-widget-container\">\n\t\t\t\t\t\t\t\t\t\t\t\t\t\t\t<img fetchpriority=\"high\" decoding=\"async\" width=\"750\" height=\"656\" src=\"https:\/\/stolagon.lesitesweb.ch\/wp-content\/uploads\/2020\/09\/image1-value.jpg\" class=\"attachment-full size-full wp-image-542\" alt=\"\" srcset=\"https:\/\/stolagon.lesitesweb.ch\/wp-content\/uploads\/2020\/09\/image1-value.jpg 750w, https:\/\/stolagon.lesitesweb.ch\/wp-content\/uploads\/2020\/09\/image1-value-300x262.jpg 300w\" sizes=\"(max-width: 750px) 100vw, 750px\" \/>\t\t\t\t\t\t\t\t\t\t\t\t\t\t\t<\/div>\n\t\t\t\t<\/div>\n\t\t\t\t\t<\/div>\n\t\t<\/div>\n\t\t\t\t<div class=\"elementor-column elementor-col-50 elementor-top-column elementor-element elementor-element-2fad922 ot-flex-column-vertical\" data-id=\"2fad922\" data-element_type=\"column\">\n\t\t\t<div class=\"elementor-widget-wrap elementor-element-populated\">\n\t\t\t\t\t\t<div class=\"elementor-element elementor-element-bd49588 elementor-widget elementor-widget-heading\" data-id=\"bd49588\" data-element_type=\"widget\" data-widget_type=\"heading.default\">\n\t\t\t\t<div class=\"elementor-widget-container\">\n\t\t\t\t\t<h4 class=\"elementor-heading-title elementor-size-default\">\u0641\u0644\u0633\u0641\u062a\u0646\u0627\n<\/h4>\t\t\t\t<\/div>\n\t\t\t\t<\/div>\n\t\t\t\t<div class=\"elementor-element elementor-element-8bac0a3 elementor-widget elementor-widget-text-editor\" data-id=\"8bac0a3\" data-element_type=\"widget\" data-widget_type=\"text-editor.default\">\n\t\t\t\t<div class=\"elementor-widget-container\">\n\t\t\t\t\t\t\t\t\t<p>\u0641\u064a \u0634\u0631\u0643\u0629 \u0633\u062a\u0648\u0644\u0627\u063a\u0648\u0646 \u0643\u0627\u0628\u064a\u062a\u0627\u0644\u060c \u0646\u0624\u0645\u0646 \u0628\u0646\u0647\u062c \u0642\u0627\u0626\u0645 \u0639\u0644\u0649 \u0627\u0644\u0634\u0641\u0627\u0641\u064a\u0629 \u0648\u0627\u0644\u0623\u0645\u0627\u0646 \u0648\u0627\u0644\u062a\u0645\u064a\u0632.  \u0628\u0635\u0641\u062a\u0646\u0627 \u0648\u0633\u064a\u0637\u064b\u0627 \u0645\u0627\u0644\u064a\u064b\u0627 \u0645\u0646\u0638\u0645\u064b\u0627\u060c \u0646\u0648\u0644\u064a \u0623\u0647\u0645\u064a\u0629 \u0643\u0628\u064a\u0631\u0629 \u0644\u062a\u0642\u062f\u064a\u0645 \u062d\u0644\u0648\u0644 \u0645\u062d\u0633\u0651\u0646\u0629 \u0644\u0639\u0645\u0644\u0627\u0626\u0646\u0627 \u2013 \u0627\u0644\u0645\u0624\u0633\u0633\u0627\u062a \u0648\u0627\u0644\u0623\u0641\u0631\u0627\u062f \u2013 \u0644\u0625\u062f\u0627\u0631\u0629 \u0627\u0633\u062a\u062b\u0645\u0627\u0631\u0627\u062a\u0647\u0645 \u0648\u0645\u062e\u0627\u0637\u0631\u0647\u0645.\u00a0<\/p>\t\t\t\t\t\t\t\t<\/div>\n\t\t\t\t<\/div>\n\t\t\t\t<div class=\"elementor-element elementor-element-c410e5e elementor-position-left elementor-view-default elementor-mobile-position-top elementor-vertical-align-top elementor-widget elementor-widget-icon-box\" data-id=\"c410e5e\" data-element_type=\"widget\" data-widget_type=\"icon-box.default\">\n\t\t\t\t<div class=\"elementor-widget-container\">\n\t\t\t\t\t\t\t<div class=\"elementor-icon-box-wrapper\">\n\n\t\t\t\t\t\t<div class=\"elementor-icon-box-icon\">\n\t\t\t\t<span  class=\"elementor-icon\">\n\t\t\t\t<svg xmlns=\"http:\/\/www.w3.org\/2000\/svg\" id=\"Capa_1\" viewbox=\"0 0 515.556 515.556\"><path d=\"m0 274.226 176.549 176.886 339.007-338.672-48.67-47.997-290.337 290-128.553-128.552z\"><\/path><\/svg>\t\t\t\t<\/span>\n\t\t\t<\/div>\n\t\t\t\n\t\t\t\t\t\t<div class=\"elementor-icon-box-content\">\n\n\t\t\t\t\t\t\t\t\t<h6 class=\"elementor-icon-box-title\">\n\t\t\t\t\t\t<span  >\n\t\t\t\t\t\t\t\u0627\u0644\u062a\u0632\u0627\u0645\u0646\u0627\t\t\t\t\t\t<\/span>\n\t\t\t\t\t<\/h6>\n\t\t\t\t\n\t\t\t\t\t\t\t\t\t<p class=\"elementor-icon-box-description\">\n\t\t\t\t\t\t\u0627\u0644\u062a\u0632\u0627\u0645\u0646\u0627 \u064a\u0639\u062a\u0645\u062f \u0639\u0644\u0649 \u0642\u064a\u0645 \u0642\u0648\u064a\u0629: \u0627\u0644\u0646\u0632\u0627\u0647\u0629\u060c \u0627\u062d\u062a\u0631\u0627\u0645 \u0627\u062e\u062a\u064a\u0627\u0631\u0627\u062a \u0639\u0645\u0644\u0627\u0626\u0646\u0627 \u0648\u0634\u0631\u0643\u0627\u0626\u0646\u0627\u060c \u0648\u062b\u0642\u0627\u0641\u0629 \u0645\u0624\u0633\u0633\u064a\u0629 \u062a\u0631\u0643\u0632 \u0639\u0644\u0649 \u0627\u0644\u0623\u062f\u0627\u0621 \u0627\u0644\u0645\u0633\u062a\u062f\u0627\u0645.\t\t\t\t\t<\/p>\n\t\t\t\t\n\t\t\t<\/div>\n\t\t\t\n\t\t<\/div>\n\t\t\t\t\t\t<\/div>\n\t\t\t\t<\/div>\n\t\t\t\t\t<\/div>\n\t\t<\/div>\n\t\t\t\t\t<\/div>\n\t\t<\/section>\n\t\t\t\t<section class=\"elementor-section elementor-top-section elementor-element elementor-element-8aac974 elementor-section-content-middle content-tab elementor-section-boxed elementor-section-height-default elementor-section-height-default\" data-id=\"8aac974\" data-element_type=\"section\" id=\"our-mission\">\n\t\t\t\t\t\t<div class=\"elementor-container elementor-column-gap-extended\">\n\t\t\t\t\t<div class=\"elementor-column elementor-col-50 elementor-top-column elementor-element elementor-element-98a32bf ot-flex-column-vertical\" data-id=\"98a32bf\" data-element_type=\"column\">\n\t\t\t<div class=\"elementor-widget-wrap elementor-element-populated\">\n\t\t\t\t\t\t<div class=\"elementor-element elementor-element-d88f5f9 elementor-widget elementor-widget-image\" data-id=\"d88f5f9\" data-element_type=\"widget\" data-widget_type=\"image.default\">\n\t\t\t\t<div class=\"elementor-widget-container\">\n\t\t\t\t\t\t\t\t\t\t\t\t\t\t\t<img decoding=\"async\" width=\"750\" height=\"656\" src=\"https:\/\/stolagon.lesitesweb.ch\/wp-content\/uploads\/2020\/09\/our-vision.jpg\" class=\"attachment-full size-full wp-image-1029\" alt=\"\" srcset=\"https:\/\/stolagon.lesitesweb.ch\/wp-content\/uploads\/2020\/09\/our-vision.jpg 750w, https:\/\/stolagon.lesitesweb.ch\/wp-content\/uploads\/2020\/09\/our-vision-300x262.jpg 300w\" sizes=\"(max-width: 750px) 100vw, 750px\" \/>\t\t\t\t\t\t\t\t\t\t\t\t\t\t\t<\/div>\n\t\t\t\t<\/div>\n\t\t\t\t\t<\/div>\n\t\t<\/div>\n\t\t\t\t<div class=\"elementor-column elementor-col-50 elementor-top-column elementor-element elementor-element-fca9f77 ot-flex-column-vertical\" data-id=\"fca9f77\" data-element_type=\"column\">\n\t\t\t<div class=\"elementor-widget-wrap elementor-element-populated\">\n\t\t\t\t\t\t<div class=\"elementor-element elementor-element-a676bd0 elementor-widget elementor-widget-heading\" data-id=\"a676bd0\" data-element_type=\"widget\" data-widget_type=\"heading.default\">\n\t\t\t\t<div class=\"elementor-widget-container\">\n\t\t\t\t\t<h4 class=\"elementor-heading-title elementor-size-default\">\u0645\u0647\u0645\u062a\u0646\u0627<\/h4>\t\t\t\t<\/div>\n\t\t\t\t<\/div>\n\t\t\t\t<div class=\"elementor-element elementor-element-1913da8 elementor-widget elementor-widget-text-editor\" data-id=\"1913da8\" data-element_type=\"widget\" data-widget_type=\"text-editor.default\">\n\t\t\t\t<div class=\"elementor-widget-container\">\n\t\t\t\t\t\t\t\t\t<p>\u0645\u0647\u0645\u062a\u0646\u0627 \u0647\u064a \u062a\u0642\u062f\u064a\u0645 \u062e\u062f\u0645\u0627\u062a \u0645\u0627\u0644\u064a\u0629 \u0645\u0646 \u0627\u0644\u062f\u0631\u062c\u0629 \u0627\u0644\u0623\u0648\u0644\u0649 \u0645\u0646 \u062e\u0644\u0627\u0644 \u0627\u0644\u062c\u0645\u0639 \u0628\u064a\u0646 \u0627\u0644\u062e\u0628\u0631\u0629 \u0627\u0644\u0639\u0645\u064a\u0642\u0629 \u0648\u0634\u0628\u0643\u0629 \u062f\u0648\u0644\u064a\u0629 \u0627\u0633\u062a\u0631\u0627\u062a\u064a\u062c\u064a\u0629.\u00a0<\/p>\t\t\t\t\t\t\t\t<\/div>\n\t\t\t\t<\/div>\n\t\t\t\t<div class=\"elementor-element elementor-element-ccbfb4e elementor-position-left elementor-view-default elementor-mobile-position-top elementor-vertical-align-top elementor-widget elementor-widget-icon-box\" data-id=\"ccbfb4e\" data-element_type=\"widget\" data-widget_type=\"icon-box.default\">\n\t\t\t\t<div class=\"elementor-widget-container\">\n\t\t\t\t\t\t\t<div class=\"elementor-icon-box-wrapper\">\n\n\t\t\t\t\t\t<div class=\"elementor-icon-box-icon\">\n\t\t\t\t<span  class=\"elementor-icon\">\n\t\t\t\t<svg xmlns=\"http:\/\/www.w3.org\/2000\/svg\" id=\"Capa_1\" viewbox=\"0 0 515.556 515.556\"><path d=\"m0 274.226 176.549 176.886 339.007-338.672-48.67-47.997-290.337 290-128.553-128.552z\"><\/path><\/svg>\t\t\t\t<\/span>\n\t\t\t<\/div>\n\t\t\t\n\t\t\t\t\t\t<div class=\"elementor-icon-box-content\">\n\n\t\t\t\t\t\t\t\t\t<h6 class=\"elementor-icon-box-title\">\n\t\t\t\t\t\t<span  >\n\t\t\t\t\t\t\t\u062a\u062d\u0633\u064a\u0646 \u0627\u0644\u0627\u0633\u062a\u062b\u0645\u0627\u0631\u0627\u062a\t\t\t\t\t\t<\/span>\n\t\t\t\t\t<\/h6>\n\t\t\t\t\n\t\t\t\t\t\t\t\t\t<p class=\"elementor-icon-box-description\">\n\t\t\t\t\t\t\u0645\u0642\u0631\u0647\u0627 \u0641\u064a \u0633\u062a\u0648\u0643\u0647\u0648\u0644\u0645\u060c \u0627\u0644\u0633\u0648\u064a\u062f \u2013 \u0648\u0647\u064a \u062f\u0648\u0644\u0629 \u0645\u0639\u0631\u0648\u0641\u0629 \u0628\u062d\u0648\u0643\u0645\u062a\u0647\u0627 \u0627\u0644\u0645\u0633\u062a\u0642\u0631\u0629 \u0648\u0625\u0637\u0627\u0631\u0647\u0627 \u0627\u0644\u062a\u0646\u0638\u064a\u0645\u064a \u0627\u0644\u0635\u0627\u0631\u0645 \u2013 \u062a\u0636\u0639 \u0634\u0631\u0643\u0629 \u0633\u062a\u0648\u0644\u0627\u063a\u0648\u0646 \u0643\u0627\u0628\u064a\u062a\u0627\u0644 \u0646\u0641\u0633\u0647\u0627 \u0643\u0644\u0627\u0639\u0628 \u0631\u0626\u064a\u0633\u064a \u0641\u064a \u062a\u062d\u0633\u064a\u0646 \u0627\u0644\u0627\u0633\u062a\u062b\u0645\u0627\u0631\u0627\u062a \u0648\u0625\u062f\u0627\u0631\u0629 \u0627\u0644\u0645\u062e\u0627\u0637\u0631.\u00a0\t\t\t\t\t<\/p>\n\t\t\t\t\n\t\t\t<\/div>\n\t\t\t\n\t\t<\/div>\n\t\t\t\t\t\t<\/div>\n\t\t\t\t<\/div>\n\t\t\t\t<div class=\"elementor-element elementor-element-cf4a623 elementor-position-left elementor-view-default elementor-mobile-position-top elementor-vertical-align-top elementor-widget elementor-widget-icon-box\" data-id=\"cf4a623\" data-element_type=\"widget\" data-widget_type=\"icon-box.default\">\n\t\t\t\t<div class=\"elementor-widget-container\">\n\t\t\t\t\t\t\t<div class=\"elementor-icon-box-wrapper\">\n\n\t\t\t\t\t\t<div class=\"elementor-icon-box-icon\">\n\t\t\t\t<span  class=\"elementor-icon\">\n\t\t\t\t<svg xmlns=\"http:\/\/www.w3.org\/2000\/svg\" id=\"Capa_1\" viewbox=\"0 0 515.556 515.556\"><path d=\"m0 274.226 176.549 176.886 339.007-338.672-48.67-47.997-290.337 290-128.553-128.552z\"><\/path><\/svg>\t\t\t\t<\/span>\n\t\t\t<\/div>\n\t\t\t\n\t\t\t\t\t\t<div class=\"elementor-icon-box-content\">\n\n\t\t\t\t\t\t\t\t\t<h6 class=\"elementor-icon-box-title\">\n\t\t\t\t\t\t<span  >\n\t\t\t\t\t\t\t\u062d\u0644\u0648\u0644 \u0645\u062e\u0635\u0635\u0629\t\t\t\t\t\t<\/span>\n\t\t\t\t\t<\/h6>\n\t\t\t\t\n\t\t\t\t\t\t\t\t\t<p class=\"elementor-icon-box-description\">\n\t\t\t\t\t\t\u0628\u0641\u0636\u0644 \u0648\u062c\u0648\u062f\u0646\u0627 \u0627\u0644\u0648\u0627\u0633\u0639 \u0641\u064a \u0627\u0644\u0623\u0633\u0648\u0627\u0642 \u0627\u0644\u0645\u0627\u0644\u064a\u0629 \u0627\u0644\u0639\u0627\u0644\u0645\u064a\u0629 \u0627\u0644\u0631\u0626\u064a\u0633\u064a\u0629\u060c \u0646\u0631\u0627\u0641\u0642 \u0639\u0645\u0644\u0627\u0621\u0646\u0627 \u0645\u0646 \u062e\u0644\u0627\u0644 \u062a\u0642\u062f\u064a\u0645 \u062d\u0644\u0648\u0644 \u0645\u062e\u0635\u0635\u0629 \u062a\u062a\u0646\u0627\u0633\u0628 \u0645\u0639 \u0627\u062d\u062a\u064a\u0627\u062c\u0627\u062a\u0647\u0645 \u0648\u0623\u0647\u062f\u0627\u0641\u0647\u0645.\t\t\t\t\t<\/p>\n\t\t\t\t\n\t\t\t<\/div>\n\t\t\t\n\t\t<\/div>\n\t\t\t\t\t\t<\/div>\n\t\t\t\t<\/div>\n\t\t\t\t\t<\/div>\n\t\t<\/div>\n\t\t\t\t\t<\/div>\n\t\t<\/section>\n\t\t\t\t<section class=\"elementor-section elementor-top-section elementor-element elementor-element-d55903d elementor-section-content-middle content-tab elementor-section-boxed elementor-section-height-default elementor-section-height-default\" data-id=\"d55903d\" data-element_type=\"section\" id=\"our-vision\">\n\t\t\t\t\t\t<div class=\"elementor-container elementor-column-gap-extended\">\n\t\t\t\t\t<div class=\"elementor-column elementor-col-50 elementor-top-column elementor-element elementor-element-d7f103f ot-flex-column-vertical\" data-id=\"d7f103f\" data-element_type=\"column\">\n\t\t\t<div class=\"elementor-widget-wrap elementor-element-populated\">\n\t\t\t\t\t\t<div class=\"elementor-element elementor-element-9313107 elementor-widget elementor-widget-image\" data-id=\"9313107\" data-element_type=\"widget\" data-widget_type=\"image.default\">\n\t\t\t\t<div class=\"elementor-widget-container\">\n\t\t\t\t\t\t\t\t\t\t\t\t\t\t\t<img decoding=\"async\" width=\"750\" height=\"660\" src=\"https:\/\/stolagon.lesitesweb.ch\/wp-content\/uploads\/2020\/09\/image2-home1.jpg\" class=\"attachment-full size-full wp-image-1026\" alt=\"\" srcset=\"https:\/\/stolagon.lesitesweb.ch\/wp-content\/uploads\/2020\/09\/image2-home1.jpg 750w, https:\/\/stolagon.lesitesweb.ch\/wp-content\/uploads\/2020\/09\/image2-home1-300x264.jpg 300w\" sizes=\"(max-width: 750px) 100vw, 750px\" \/>\t\t\t\t\t\t\t\t\t\t\t\t\t\t\t<\/div>\n\t\t\t\t<\/div>\n\t\t\t\t\t<\/div>\n\t\t<\/div>\n\t\t\t\t<div class=\"elementor-column elementor-col-50 elementor-top-column elementor-element elementor-element-7b719a7 ot-flex-column-vertical\" data-id=\"7b719a7\" data-element_type=\"column\">\n\t\t\t<div class=\"elementor-widget-wrap elementor-element-populated\">\n\t\t\t\t\t\t<div class=\"elementor-element elementor-element-e62ad61 elementor-widget elementor-widget-heading\" data-id=\"e62ad61\" data-element_type=\"widget\" data-widget_type=\"heading.default\">\n\t\t\t\t<div class=\"elementor-widget-container\">\n\t\t\t\t\t<h4 class=\"elementor-heading-title elementor-size-default\">\u0631\u0624\u064a\u062a\u0646\u0627<\/h4>\t\t\t\t<\/div>\n\t\t\t\t<\/div>\n\t\t\t\t<div class=\"elementor-element elementor-element-be84664 elementor-widget elementor-widget-text-editor\" data-id=\"be84664\" data-element_type=\"widget\" data-widget_type=\"text-editor.default\">\n\t\t\t\t<div class=\"elementor-widget-container\">\n\t\t\t\t\t\t\t\t\t\u0646\u0637\u0645\u062d \u0625\u0644\u0649 \u0623\u0646 \u0646\u0635\u0628\u062d \u0634\u0631\u064a\u0643\u0643\u0645 \u0627\u0644\u0645\u0627\u0644\u064a \u0627\u0644\u0645\u0631\u062c\u0639\u064a \u0639\u0644\u0649 \u0627\u0644\u0645\u0633\u062a\u0648\u0649 \u0627\u0644\u0639\u0627\u0644\u0645\u064a\u060c \u0645\u0646 \u062e\u0644\u0627\u0644 \u0627\u0644\u062c\u0645\u0639 \u0628\u064a\u0646 \u0627\u0644\u0645\u0639\u0631\u0641\u0629 \u0627\u0644\u0645\u062d\u0644\u064a\u0629 \u0648\u0627\u0644\u0646\u0637\u0627\u0642 \u0627\u0644\u062f\u0648\u0644\u064a.\t\t\t\t\t\t\t\t<\/div>\n\t\t\t\t<\/div>\n\t\t\t\t<div class=\"elementor-element elementor-element-14a9149 elementor-position-left elementor-view-default elementor-mobile-position-top elementor-vertical-align-top elementor-widget elementor-widget-icon-box\" data-id=\"14a9149\" data-element_type=\"widget\" data-widget_type=\"icon-box.default\">\n\t\t\t\t<div class=\"elementor-widget-container\">\n\t\t\t\t\t\t\t<div class=\"elementor-icon-box-wrapper\">\n\n\t\t\t\t\t\t<div class=\"elementor-icon-box-icon\">\n\t\t\t\t<span  class=\"elementor-icon\">\n\t\t\t\t<svg xmlns=\"http:\/\/www.w3.org\/2000\/svg\" id=\"Capa_1\" viewbox=\"0 0 515.556 515.556\"><path d=\"m0 274.226 176.549 176.886 339.007-338.672-48.67-47.997-290.337 290-128.553-128.552z\"><\/path><\/svg>\t\t\t\t<\/span>\n\t\t\t<\/div>\n\t\t\t\n\t\t\t\t\t\t<div class=\"elementor-icon-box-content\">\n\n\t\t\t\t\t\t\t\t\t<h6 class=\"elementor-icon-box-title\">\n\t\t\t\t\t\t<span  >\n\t\t\t\t\t\t\t\u0634\u0628\u0643\u062a\u0646\u0627 \t\t\t\t\t\t<\/span>\n\t\t\t\t\t<\/h6>\n\t\t\t\t\n\t\t\t\t\t\t\t\t\t<p class=\"elementor-icon-box-description\">\n\t\t\t\t\t\t\u0645\u0639 \u0634\u0628\u0643\u0629 \u0645\u0646 \u0627\u0644\u0634\u0631\u0643\u0627\u0621 \u0641\u064a \u0623\u0643\u062b\u0631 \u0645\u0646 20 \u0645\u062f\u064a\u0646\u0629 \u0648\u0639\u0627\u0635\u0645\u0629 \u0648\u0645\u0645\u062b\u0644\u064a\u0646 \u0641\u064a \u0632\u064a\u0648\u0631\u062e\u060c \u062c\u0646\u064a\u0641\u060c \u0644\u0648\u0643\u0633\u0645\u0628\u0648\u0631\u063a\u060c \u0644\u0646\u062f\u0646\u060c \u0628\u0627\u0631\u064a\u0633\u060c \u0625\u0633\u0637\u0646\u0628\u0648\u0644\u060c \u0633\u0646\u063a\u0627\u0641\u0648\u0631\u0629\u060c \u0647\u0648\u0646\u063a \u0643\u0648\u0646\u063a \u0648\u0645\u0627\u0646\u064a\u0644\u0627\u060c \u0646\u062d\u0646 \u0646\u0648\u0635\u0644\u0643\u0645 \u0628\u0623\u0641\u0636\u0644 \u0627\u0644\u0641\u0631\u0635 \u0627\u0644\u0645\u0627\u0644\u064a\u0629.\t\t\t\t\t<\/p>\n\t\t\t\t\n\t\t\t<\/div>\n\t\t\t\n\t\t<\/div>\n\t\t\t\t\t\t<\/div>\n\t\t\t\t<\/div>\n\t\t\t\t<div class=\"elementor-element elementor-element-8140da5 elementor-position-left elementor-view-default elementor-mobile-position-top elementor-vertical-align-top elementor-widget elementor-widget-icon-box\" data-id=\"8140da5\" data-element_type=\"widget\" data-widget_type=\"icon-box.default\">\n\t\t\t\t<div class=\"elementor-widget-container\">\n\t\t\t\t\t\t\t<div class=\"elementor-icon-box-wrapper\">\n\n\t\t\t\t\t\t<div class=\"elementor-icon-box-icon\">\n\t\t\t\t<span  class=\"elementor-icon\">\n\t\t\t\t<svg xmlns=\"http:\/\/www.w3.org\/2000\/svg\" id=\"Capa_1\" viewbox=\"0 0 515.556 515.556\"><path d=\"m0 274.226 176.549 176.886 339.007-338.672-48.67-47.997-290.337 290-128.553-128.552z\"><\/path><\/svg>\t\t\t\t<\/span>\n\t\t\t<\/div>\n\t\t\t\n\t\t\t\t\t\t<div class=\"elementor-icon-box-content\">\n\n\t\t\t\t\t\t\t\t\t<h6 class=\"elementor-icon-box-title\">\n\t\t\t\t\t\t<span  >\n\t\t\t\t\t\t\t\u0642\u064a\u0645\u062a\u0646\u0627 \u0627\u0644\u0645\u0636\u0627\u0641\u0629\t\t\t\t\t\t<\/span>\n\t\t\t\t\t<\/h6>\n\t\t\t\t\n\t\t\t\t\t\t\t\t\t<p class=\"elementor-icon-box-description\">\n\t\t\t\t\t\t\u0628\u0641\u0636\u0644 \u062e\u0628\u0631\u062a\u0646\u0627 \u0648\u0631\u0623\u0633\u0645\u0627\u0644\u0646\u0627 \u0627\u0644\u0641\u0643\u0631\u064a\u060c \u0646\u0644\u062a\u0632\u0645 \u0628\u062a\u0648\u0644\u064a\u062f \u0642\u064a\u0645\u0629 \u0645\u0636\u0627\u0641\u0629 \u0643\u0628\u064a\u0631\u0629\u060c \u0645\u0645\u0627 \u064a\u0639\u0632\u0632 \u0646\u062c\u0627\u062d\u0643\u0645 \u0648\u062a\u0637\u0648\u064a\u0631 \u0645\u0634\u0627\u0631\u064a\u0639\u0643\u0645 \u0639\u0644\u0649 \u0627\u0644\u0645\u062f\u0649 \u0627\u0644\u0637\u0648\u064a\u0644.\t\t\t\t\t<\/p>\n\t\t\t\t\n\t\t\t<\/div>\n\t\t\t\n\t\t<\/div>\n\t\t\t\t\t\t<\/div>\n\t\t\t\t<\/div>\n\t\t\t\t\t<\/div>\n\t\t<\/div>\n\t\t\t\t\t<\/div>\n\t\t<\/section>\n\t\t\t\t<\/div>","protected":false},"excerpt":{"rendered":"<p>S\u00e9curit\u00e9, transparence, performance Des solutions financi\u00e8res sur mesure pour une croissance durable. Stolagon Capital, Interm\u00e9diaire financier r\u00e9gul\u00e9 reconnu par les autorit\u00e9s des march\u00e9s financiers su\u00e9dois Stolagon Capital a pour objectif de favoriser les institutions et les particuliers \u00e0 optimiser efficacement, avec s\u00e9curit\u00e9 et transparence leurs investissements et leurs risques. Notre Philosophie Notre Mission Notre Vision [&hellip;]<\/p>","protected":false},"author":1,"featured_media":0,"parent":0,"menu_order":0,"comment_status":"closed","ping_status":"closed","template":"","meta":{"footnotes":""},"class_list":["post-2710","page","type-page","status-publish","hentry"],"_links":{"self":[{"href":"https:\/\/stolagon.lesitesweb.ch\/ar\/wp-json\/wp\/v2\/pages\/2710","targetHints":{"allow":["GET"]}}],"collection":[{"href":"https:\/\/stolagon.lesitesweb.ch\/ar\/wp-json\/wp\/v2\/pages"}],"about":[{"href":"https:\/\/stolagon.lesitesweb.ch\/ar\/wp-json\/wp\/v2\/types\/page"}],"author":[{"embeddable":true,"href":"https:\/\/stolagon.lesitesweb.ch\/ar\/wp-json\/wp\/v2\/users\/1"}],"replies":[{"embeddable":true,"href":"https:\/\/stolagon.lesitesweb.ch\/ar\/wp-json\/wp\/v2\/comments?post=2710"}],"version-history":[{"count":7,"href":"https:\/\/stolagon.lesitesweb.ch\/ar\/wp-json\/wp\/v2\/pages\/2710\/revisions"}],"predecessor-version":[{"id":2906,"href":"https:\/\/stolagon.lesitesweb.ch\/ar\/wp-json\/wp\/v2\/pages\/2710\/revisions\/2906"}],"wp:attachment":[{"href":"https:\/\/stolagon.lesitesweb.ch\/ar\/wp-json\/wp\/v2\/media?parent=2710"}],"curies":[{"name":"wp","href":"https:\/\/api.w.org\/{rel}","templated":true}]}}