{"id":2713,"date":"2025-02-26T23:22:55","date_gmt":"2025-02-26T22:22:55","guid":{"rendered":"https:\/\/stolagon.lesitesweb.ch\/?page_id=2713"},"modified":"2025-02-27T18:58:58","modified_gmt":"2025-02-27T17:58:58","slug":"nos-prestations","status":"publish","type":"page","link":"https:\/\/stolagon.lesitesweb.ch\/ar\/nos-prestations\/","title":{"rendered":"\u062e\u062f\u0645\u0627\u062a\u0646\u0627"},"content":{"rendered":"<div data-elementor-type=\"wp-page\" data-elementor-id=\"2713\" class=\"elementor elementor-2713\">\n\t\t\t\t\t\t<section class=\"elementor-section elementor-top-section elementor-element elementor-element-d4e8d44 elementor-section-boxed elementor-section-height-default elementor-section-height-default\" data-id=\"d4e8d44\" data-element_type=\"section\">\n\t\t\t\t\t\t<div class=\"elementor-container elementor-column-gap-default\">\n\t\t\t\t\t<div class=\"elementor-column elementor-col-100 elementor-top-column elementor-element elementor-element-00e26e8 ot-flex-column-vertical\" data-id=\"00e26e8\" data-element_type=\"column\">\n\t\t\t<div class=\"elementor-widget-wrap elementor-element-populated\">\n\t\t\t\t\t\t<section class=\"elementor-section elementor-inner-section elementor-element elementor-element-5dd0271 elementor-section-full_width elementor-section-height-default elementor-section-height-default\" data-id=\"5dd0271\" data-element_type=\"section\">\n\t\t\t\t\t\t<div class=\"elementor-container elementor-column-gap-default\">\n\t\t\t\t\t<div class=\"elementor-column elementor-col-33 elementor-inner-column elementor-element elementor-element-dbac810 ot-flex-column-vertical\" data-id=\"dbac810\" data-element_type=\"column\">\n\t\t\t<div class=\"elementor-widget-wrap\">\n\t\t\t\t\t\t\t<\/div>\n\t\t<\/div>\n\t\t\t\t<div class=\"elementor-column elementor-col-33 elementor-inner-column elementor-element elementor-element-393b617 ot-flex-column-vertical\" data-id=\"393b617\" data-element_type=\"column\">\n\t\t\t<div class=\"elementor-widget-wrap elementor-element-populated\">\n\t\t\t\t\t\t<div class=\"elementor-element elementor-element-92ae92e elementor-widget elementor-widget-iheading\" data-id=\"92ae92e\" data-element_type=\"widget\" data-widget_type=\"iheading.default\">\n\t\t\t\t<div class=\"elementor-widget-container\">\n\t\t\t\t\t\t\t<div class=\"ot-heading\">\r\n\t        <span class=\"\">\u062e\u062f\u0645\u0627\u062a\u0646\u0627 \u0627\u0644\u0631\u0626\u064a\u0633\u064a\u0629<\/span>\t        <h3 class=\"main-head\">\u0648\u0623\u0643\u062b\u0631 \u0645\u0646 \u0630\u0644\u0643 \u0628\u0643\u062b\u064a\u0631!<\/h3>\t    <\/div>\r\n\t    \t\t\t\t<\/div>\n\t\t\t\t<\/div>\n\t\t\t\t\t<\/div>\n\t\t<\/div>\n\t\t\t\t<div class=\"elementor-column elementor-col-33 elementor-inner-column elementor-element elementor-element-720e2fb ot-flex-column-vertical\" data-id=\"720e2fb\" data-element_type=\"column\">\n\t\t\t<div class=\"elementor-widget-wrap\">\n\t\t\t\t\t\t\t<\/div>\n\t\t<\/div>\n\t\t\t\t\t<\/div>\n\t\t<\/section>\n\t\t\t\t<section class=\"elementor-section elementor-inner-section elementor-element elementor-element-6abb851 elementor-section-full_width elementor-section-height-default elementor-section-height-default\" data-id=\"6abb851\" data-element_type=\"section\">\n\t\t\t\t\t\t<div class=\"elementor-container elementor-column-gap-extended\">\n\t\t\t\t\t<div class=\"elementor-column elementor-col-50 elementor-inner-column elementor-element elementor-element-31d8ee5 ot-flex-column-vertical\" data-id=\"31d8ee5\" data-element_type=\"column\">\n\t\t\t<div class=\"elementor-widget-wrap elementor-element-populated\">\n\t\t\t\t\t\t<div class=\"elementor-element elementor-element-fbe2a54 elementor-widget elementor-widget-iimage_box\" data-id=\"fbe2a54\" data-element_type=\"widget\" data-widget_type=\"iimage_box.default\">\n\t\t\t\t<div class=\"elementor-widget-container\">\n\t\t\t\t\t\r\n\t\t<div class=\"ot-image-box\">\r\n\t\t\t<a href=\"https:\/\/stolagon.lesitesweb.ch\/ar\/nos-prestations\/gestion-dactifs\/\"><img fetchpriority=\"high\" decoding=\"async\" width=\"600\" height=\"400\" src=\"https:\/\/stolagon.lesitesweb.ch\/wp-content\/uploads\/2025\/02\/Stolagon-gestion-dactif-600x400.jpeg\" class=\"attachment-maxbizz-post-thumbnail-grid size-maxbizz-post-thumbnail-grid wp-image-2765\" alt=\"\" srcset=\"https:\/\/stolagon.lesitesweb.ch\/wp-content\/uploads\/2025\/02\/Stolagon-gestion-dactif-600x400.jpeg 600w, https:\/\/stolagon.lesitesweb.ch\/wp-content\/uploads\/2025\/02\/Stolagon-gestion-dactif-300x200.jpeg 300w, https:\/\/stolagon.lesitesweb.ch\/wp-content\/uploads\/2025\/02\/Stolagon-gestion-dactif-1024x683.jpeg 1024w, https:\/\/stolagon.lesitesweb.ch\/wp-content\/uploads\/2025\/02\/Stolagon-gestion-dactif-768x512.jpeg 768w, https:\/\/stolagon.lesitesweb.ch\/wp-content\/uploads\/2025\/02\/Stolagon-gestion-dactif.jpeg 1200w\" sizes=\"(max-width: 600px) 100vw, 600px\" \/><\/a>\t\t\t<div class=\"content-box\">\r\n\t\t\t\t<h5 class=\"title-box\"><a href=\"https:\/\/stolagon.lesitesweb.ch\/ar\/nos-prestations\/gestion-dactifs\/\">\u0625\u062f\u0627\u0631\u0629 \u0627\u0644\u0623\u0635\u0648\u0644<\/a><\/h5>\t\t\t\t<p>\u0627\u0644\u0637\u0631\u064a\u0642\u0629 \u0627\u0644\u062a\u064a \u0646\u062f\u064a\u0631 \u0628\u0647\u0627 \u0623\u0635\u0648\u0644\u0643\u0645 \u062a\u0639\u0643\u0633 \u0627\u0644\u062a\u0632\u0627\u0645\u0646\u0627 \u0628\u0627\u0644\u0627\u0633\u062a\u062c\u0627\u0628\u0629 \u0627\u0644\u064a\u0648\u0645\u064a\u0629 \u0627\u0644\u0644\u0627\u0632\u0645\u0629 \u0644\u0625\u062f\u0627\u0631\u0629 \u062f\u064a\u0646\u0627\u0645\u064a\u0643\u064a\u0629 \u0644\u0644\u0623\u0635\u0648\u0644. <\/p>\t\t\t<\/div>\r\n\t\t\t<a href=\"https:\/\/stolagon.lesitesweb.ch\/ar\/nos-prestations\/gestion-dactifs\/\" class=\"link-box font-second\"><span>\u0627\u0642\u0631\u0623 \u0627\u0644\u0645\u0632\u064a\u062f<\/span><i class=\"ot-flaticon-trajectory\"><\/i><\/a>\t    <\/div>\r\n\r\n\t    \t\t\t\t<\/div>\n\t\t\t\t<\/div>\n\t\t\t\t\t<\/div>\n\t\t<\/div>\n\t\t\t\t<div class=\"elementor-column elementor-col-50 elementor-inner-column elementor-element elementor-element-07239d9 ot-flex-column-vertical\" data-id=\"07239d9\" data-element_type=\"column\">\n\t\t\t<div class=\"elementor-widget-wrap elementor-element-populated\">\n\t\t\t\t\t\t<div class=\"elementor-element elementor-element-3b330b8 elementor-widget elementor-widget-iimage_box\" data-id=\"3b330b8\" data-element_type=\"widget\" data-widget_type=\"iimage_box.default\">\n\t\t\t\t<div class=\"elementor-widget-container\">\n\t\t\t\t\t\r\n\t\t<div class=\"ot-image-box\">\r\n\t\t\t<a href=\"https:\/\/stolagon.lesitesweb.ch\/ar\/nos-prestations\/fonds-dinvestissement\/\"><img decoding=\"async\" width=\"600\" height=\"400\" src=\"https:\/\/stolagon.lesitesweb.ch\/wp-content\/uploads\/2025\/02\/Stolagon-fonds-dinvestissement-600x400.jpeg\" class=\"attachment-maxbizz-post-thumbnail-grid size-maxbizz-post-thumbnail-grid wp-image-2793\" alt=\"\" \/><\/a>\t\t\t<div class=\"content-box\">\r\n\t\t\t\t<h5 class=\"title-box\"><a href=\"https:\/\/stolagon.lesitesweb.ch\/ar\/nos-prestations\/fonds-dinvestissement\/\">\u0635\u0646\u062f\u0648\u0642 \u0627\u0633\u062a\u062b\u0645\u0627\u0631\u064a<\/a><\/h5>\t\t\t\t<p>En 2025, le march\u00e9 immobilier de Marrakech continue de se d\u00e9velopper \u00e0 un rythme impressionnant, attirant des investisseurs locaux et internationaux<\/p>\t\t\t<\/div>\r\n\t\t\t<a href=\"https:\/\/stolagon.lesitesweb.ch\/ar\/nos-prestations\/fonds-dinvestissement\/\" class=\"link-box font-second\"><span>\u0627\u0642\u0631\u0623 \u0627\u0644\u0645\u0632\u064a\u062f<\/span><i class=\"ot-flaticon-trajectory\"><\/i><\/a>\t    <\/div>\r\n\r\n\t    \t\t\t\t<\/div>\n\t\t\t\t<\/div>\n\t\t\t\t\t<\/div>\n\t\t<\/div>\n\t\t\t\t\t<\/div>\n\t\t<\/section>\n\t\t\t\t<section class=\"elementor-section elementor-inner-section elementor-element elementor-element-a97a932 elementor-section-full_width elementor-section-height-default elementor-section-height-default\" data-id=\"a97a932\" data-element_type=\"section\">\n\t\t\t\t\t\t<div class=\"elementor-container elementor-column-gap-extended\">\n\t\t\t\t\t<div class=\"elementor-column elementor-col-50 elementor-inner-column elementor-element elementor-element-03e63f2 ot-flex-column-vertical\" data-id=\"03e63f2\" data-element_type=\"column\">\n\t\t\t<div class=\"elementor-widget-wrap elementor-element-populated\">\n\t\t\t\t\t\t<div class=\"elementor-element elementor-element-c25f9ad elementor-widget elementor-widget-iimage_box\" data-id=\"c25f9ad\" data-element_type=\"widget\" data-widget_type=\"iimage_box.default\">\n\t\t\t\t<div class=\"elementor-widget-container\">\n\t\t\t\t\t\r\n\t\t<div class=\"ot-image-box\">\r\n\t\t\t<a href=\"https:\/\/stolagon.lesitesweb.ch\/ar\/nos-prestations\/plateforme-dechanges\/\"><img decoding=\"async\" width=\"600\" height=\"400\" src=\"https:\/\/stolagon.lesitesweb.ch\/wp-content\/uploads\/2025\/02\/Stolagon-plateforme-dechange-600x400.png\" class=\"attachment-maxbizz-post-thumbnail-grid size-maxbizz-post-thumbnail-grid wp-image-2797\" alt=\"\" \/><\/a>\t\t\t<div class=\"content-box\">\r\n\t\t\t\t<h5 class=\"title-box\"><a href=\"https:\/\/stolagon.lesitesweb.ch\/ar\/nos-prestations\/plateforme-dechanges\/\">\u0645\u0646\u0635\u0629 \u0627\u0644\u062a\u0628\u0627\u062f\u0644 M5<\/a><\/h5>\t\t\t\t<p>\u062a\u062f\u0627\u0648\u0644 \u0628\u0623\u0645\u0627\u0646\n\u0645\u0646\u0635\u062a\u0646\u0627 MT5\n\u0633\u062a\u0648\u0644\u0627\u063a\u0648\u0646 \u0643\u0627\u0628\u064a\u062a\u0627\u0644<\/p>\t\t\t<\/div>\r\n\t\t\t<a href=\"https:\/\/stolagon.lesitesweb.ch\/ar\/nos-prestations\/plateforme-dechanges\/\" class=\"link-box font-second\"><span>\u0627\u0642\u0631\u0623 \u0627\u0644\u0645\u0632\u064a\u062f<\/span><i class=\"ot-flaticon-trajectory\"><\/i><\/a>\t    <\/div>\r\n\r\n\t    \t\t\t\t<\/div>\n\t\t\t\t<\/div>\n\t\t\t\t\t<\/div>\n\t\t<\/div>\n\t\t\t\t<div class=\"elementor-column elementor-col-50 elementor-inner-column elementor-element elementor-element-b9517cf ot-flex-column-vertical\" data-id=\"b9517cf\" data-element_type=\"column\">\n\t\t\t<div class=\"elementor-widget-wrap elementor-element-populated\">\n\t\t\t\t\t\t<div class=\"elementor-element elementor-element-619b8c3 elementor-widget elementor-widget-iimage_box\" data-id=\"619b8c3\" data-element_type=\"widget\" data-widget_type=\"iimage_box.default\">\n\t\t\t\t<div class=\"elementor-widget-container\">\n\t\t\t\t\t\r\n\t\t<div class=\"ot-image-box\">\r\n\t\t\t<a href=\"https:\/\/stolagon.lesitesweb.ch\/ar\/nos-prestations\/promotion-immobiliere\/\"><img loading=\"lazy\" decoding=\"async\" width=\"600\" height=\"400\" src=\"https:\/\/stolagon.lesitesweb.ch\/wp-content\/uploads\/2025\/02\/Stolagon-Financement-dactifs-600x400.png\" class=\"attachment-maxbizz-post-thumbnail-grid size-maxbizz-post-thumbnail-grid wp-image-2801\" alt=\"\" \/><\/a>\t\t\t<div class=\"content-box\">\r\n\t\t\t\t<h5 class=\"title-box\"><a href=\"https:\/\/stolagon.lesitesweb.ch\/ar\/nos-prestations\/promotion-immobiliere\/\">\u062a\u0645\u0648\u064a\u0644 \u0627\u0644\u0623\u0635\u0648\u0644<\/a><\/h5>\t\t\t\t<p>\u0633\u064a\u0645\u0643\u0646 \u0647\u0630\u0627 \u0627\u0644\u0646\u0648\u0639 \u0645\u0646 \u0627\u0644\u062a\u0645\u0648\u064a\u0644 \u0645\u0646 \u0627\u0644\u0627\u062d\u062a\u0641\u0627\u0638 \u0628\u0645\u0644\u0643\u064a\u0629 \u0627\u0644\u0623\u0635\u0648\u0644 \u0648\u064a\u0648\u0641\u0631 \u0644\u0644\u0645\u0642\u0631\u0636 \u0636\u0645\u0627\u0646\u064b\u0627 \u062d\u0642\u064a\u0642\u064a\u064b\u0627 \u0641\u064a \u062d\u0627\u0644\u0629 \u0627\u0644\u062a\u062e\u0644\u0641 \u0639\u0646 \u0627\u0644\u0633\u062f\u0627\u062f.<\/p>\t\t\t<\/div>\r\n\t\t\t<a href=\"https:\/\/stolagon.lesitesweb.ch\/ar\/nos-prestations\/promotion-immobiliere\/\" class=\"link-box font-second\"><span>\u0627\u0642\u0631\u0623 \u0627\u0644\u0645\u0632\u064a\u062f<\/span><i class=\"ot-flaticon-trajectory\"><\/i><\/a>\t    <\/div>\r\n\r\n\t    \t\t\t\t<\/div>\n\t\t\t\t<\/div>\n\t\t\t\t\t<\/div>\n\t\t<\/div>\n\t\t\t\t\t<\/div>\n\t\t<\/section>\n\t\t\t\t<section class=\"elementor-section elementor-inner-section elementor-element elementor-element-54812d1 elementor-section-full_width elementor-section-height-default elementor-section-height-default\" data-id=\"54812d1\" data-element_type=\"section\">\n\t\t\t\t\t\t<div class=\"elementor-container elementor-column-gap-extended\">\n\t\t\t\t\t<div class=\"elementor-column elementor-col-50 elementor-inner-column elementor-element elementor-element-88f8157 ot-flex-column-vertical\" data-id=\"88f8157\" data-element_type=\"column\">\n\t\t\t<div class=\"elementor-widget-wrap elementor-element-populated\">\n\t\t\t\t\t\t<div class=\"elementor-element elementor-element-ba6694c elementor-widget elementor-widget-iimage_box\" data-id=\"ba6694c\" data-element_type=\"widget\" data-widget_type=\"iimage_box.default\">\n\t\t\t\t<div class=\"elementor-widget-container\">\n\t\t\t\t\t\r\n\t\t<div class=\"ot-image-box\">\r\n\t\t\t<a href=\"https:\/\/stolagon.lesitesweb.ch\/ar\/nos-prestations\/promotion-immobiliere\/\"><img loading=\"lazy\" decoding=\"async\" width=\"1770\" height=\"1040\" src=\"https:\/\/stolagon.lesitesweb.ch\/wp-content\/uploads\/2025\/02\/Stolagon-Notre-fonds-dinvestissement-immobilier-a-Marrakech.png\" class=\"attachment-full size-full wp-image-2805\" alt=\"\" srcset=\"https:\/\/stolagon.lesitesweb.ch\/wp-content\/uploads\/2025\/02\/Stolagon-Notre-fonds-dinvestissement-immobilier-a-Marrakech.png 1770w, https:\/\/stolagon.lesitesweb.ch\/wp-content\/uploads\/2025\/02\/Stolagon-Notre-fonds-dinvestissement-immobilier-a-Marrakech-300x176.png 300w, https:\/\/stolagon.lesitesweb.ch\/wp-content\/uploads\/2025\/02\/Stolagon-Notre-fonds-dinvestissement-immobilier-a-Marrakech-1024x602.png 1024w, https:\/\/stolagon.lesitesweb.ch\/wp-content\/uploads\/2025\/02\/Stolagon-Notre-fonds-dinvestissement-immobilier-a-Marrakech-768x451.png 768w, https:\/\/stolagon.lesitesweb.ch\/wp-content\/uploads\/2025\/02\/Stolagon-Notre-fonds-dinvestissement-immobilier-a-Marrakech-1536x903.png 1536w\" sizes=\"(max-width: 1770px) 100vw, 1770px\" \/><\/a>\t\t\t<div class=\"content-box\">\r\n\t\t\t\t<h5 class=\"title-box\"><a href=\"https:\/\/stolagon.lesitesweb.ch\/ar\/nos-prestations\/promotion-immobiliere\/\">\u062a\u0631\u0648\u064a\u062c \u0639\u0642\u0627\u0631\u064a \u0641\u064a \u0645\u0631\u0627\u0643\u0634<\/a><\/h5>\t\t\t\t<p>\u0641\u064a \u0639\u0627\u0645 2025\u060c \u064a\u0633\u062a\u0645\u0631 \u0633\u0648\u0642 \u0627\u0644\u0639\u0642\u0627\u0631\u0627\u062a \u0641\u064a \u0645\u0631\u0627\u0643\u0634 \u0641\u064a \u0627\u0644\u0646\u0645\u0648 \u0628\u0648\u062a\u064a\u0631\u0629 \u0645\u062b\u064a\u0631\u0629 \u0644\u0644\u0625\u0639\u062c\u0627\u0628\u060c \u0645\u0645\u0627 \u064a\u062c\u0630\u0628 \u0627\u0644\u0645\u0633\u062a\u062b\u0645\u0631\u064a\u0646 \u0627\u0644\u0645\u062d\u0644\u064a\u064a\u0646 \u0648\u0627\u0644\u062f\u0648\u0644\u064a\u064a\u0646.<\/p>\t\t\t<\/div>\r\n\t\t\t<a href=\"https:\/\/stolagon.lesitesweb.ch\/ar\/nos-prestations\/promotion-immobiliere\/\" class=\"link-box font-second\"><span>\u0627\u0642\u0631\u0623 \u0627\u0644\u0645\u0632\u064a\u062f<\/span><i class=\"ot-flaticon-trajectory\"><\/i><\/a>\t    <\/div>\r\n\r\n\t    \t\t\t\t<\/div>\n\t\t\t\t<\/div>\n\t\t\t\t\t<\/div>\n\t\t<\/div>\n\t\t\t\t<div class=\"elementor-column elementor-col-50 elementor-inner-column elementor-element elementor-element-ef56d3b ot-flex-column-vertical\" data-id=\"ef56d3b\" data-element_type=\"column\">\n\t\t\t<div class=\"elementor-widget-wrap elementor-element-populated\">\n\t\t\t\t\t\t<div class=\"elementor-element elementor-element-e3054b6 elementor-widget elementor-widget-iimage_box\" data-id=\"e3054b6\" data-element_type=\"widget\" data-widget_type=\"iimage_box.default\">\n\t\t\t\t<div class=\"elementor-widget-container\">\n\t\t\t\t\t\r\n\t\t<div class=\"ot-image-box\">\r\n\t\t\t<a href=\"http:\/\/wpdemo.archiwp.com\/maxbizz\/our-services\/marketing-research\/\"><img loading=\"lazy\" decoding=\"async\" width=\"600\" height=\"400\" src=\"https:\/\/stolagon.lesitesweb.ch\/wp-content\/uploads\/2025\/02\/Stolagon-service-conseil-juridique-600x400.jpeg\" class=\"attachment-maxbizz-post-thumbnail-grid size-maxbizz-post-thumbnail-grid wp-image-2839\" alt=\"\" \/><\/a>\t\t\t<div class=\"content-box\">\r\n\t\t\t\t<h5 class=\"title-box\"><a href=\"http:\/\/wpdemo.archiwp.com\/maxbizz\/our-services\/marketing-research\/\">\u0646\u0635\u0627\u0626\u062d \u0642\u0627\u0646\u0648\u0646\u064a\u0629<\/a><\/h5>\t\t\t\t<p>Analysis of the market as a whole and its particular components (competitors, consumers, product, etc.)<\/p>\t\t\t<\/div>\r\n\t\t\t<a href=\"http:\/\/wpdemo.archiwp.com\/maxbizz\/our-services\/marketing-research\/\" class=\"link-box font-second\"><span>\u0627\u0642\u0631\u0623 \u0627\u0644\u0645\u0632\u064a\u062f<\/span><i class=\"ot-flaticon-trajectory\"><\/i><\/a>\t    <\/div>\r\n\r\n\t    \t\t\t\t<\/div>\n\t\t\t\t<\/div>\n\t\t\t\t\t<\/div>\n\t\t<\/div>\n\t\t\t\t\t<\/div>\n\t\t<\/section>\n\t\t\t\t<section class=\"elementor-section elementor-inner-section elementor-element elementor-element-edbeebc elementor-section-full_width elementor-section-height-default elementor-section-height-default\" data-id=\"edbeebc\" data-element_type=\"section\">\n\t\t\t\t\t\t<div class=\"elementor-container elementor-column-gap-extended\">\n\t\t\t\t\t<div class=\"elementor-column elementor-col-50 elementor-inner-column elementor-element elementor-element-a91b5b4 ot-flex-column-vertical\" data-id=\"a91b5b4\" data-element_type=\"column\">\n\t\t\t<div class=\"elementor-widget-wrap elementor-element-populated\">\n\t\t\t\t\t\t<div class=\"elementor-element elementor-element-c97d8d1 elementor-widget elementor-widget-iimage_box\" data-id=\"c97d8d1\" data-element_type=\"widget\" data-widget_type=\"iimage_box.default\">\n\t\t\t\t<div class=\"elementor-widget-container\">\n\t\t\t\t\t\r\n\t\t<div class=\"ot-image-box\">\r\n\t\t\t<a href=\"http:\/\/wpdemo.archiwp.com\/maxbizz\/our-services\/marketing-research\/\"><img loading=\"lazy\" decoding=\"async\" width=\"700\" height=\"400\" src=\"https:\/\/stolagon.lesitesweb.ch\/wp-content\/uploads\/2025\/02\/Stolagon-Administration-de-societes-.jpeg\" class=\"attachment-full size-full wp-image-2844\" alt=\"\" srcset=\"https:\/\/stolagon.lesitesweb.ch\/wp-content\/uploads\/2025\/02\/Stolagon-Administration-de-societes-.jpeg 700w, https:\/\/stolagon.lesitesweb.ch\/wp-content\/uploads\/2025\/02\/Stolagon-Administration-de-societes--300x171.jpeg 300w\" sizes=\"(max-width: 700px) 100vw, 700px\" \/><\/a>\t\t\t<div class=\"content-box\">\r\n\t\t\t\t<h5 class=\"title-box\"><a href=\"http:\/\/wpdemo.archiwp.com\/maxbizz\/our-services\/marketing-research\/\">\u0625\u062f\u0627\u0631\u0629 \u0648\u0625\u0646\u0634\u0627\u0621 \u0627\u0644\u0634\u0631\u0643\u0627\u062a<\/a><\/h5>\t\t\t\t<p>\u0633\u062a\u0648\u0644\u0627\u063a\u0648\u0646 \u0643\u0627\u0628\u064a\u062a\u0627\u0644 \u0648\u0634\u0631\u0643\u0627\u0624\u0647\u0627 \u064a\u0642\u062f\u0645\u0648\u0646 \u062e\u062f\u0645\u0627\u062a \u0634\u0627\u0645\u0644\u0629 \u0644\u0625\u0646\u0634\u0627\u0621 \u0627\u0644\u0634\u0631\u0643\u0627\u062a\u060c \u0627\u0644\u0625\u062f\u0627\u0631\u0629\u060c \u0625\u062f\u0627\u0631\u0629 \u0627\u0644\u0631\u0648\u0627\u062a\u0628...<\/p>\t\t\t<\/div>\r\n\t\t\t<a href=\"http:\/\/wpdemo.archiwp.com\/maxbizz\/our-services\/marketing-research\/\" class=\"link-box font-second\"><span>\u0627\u0642\u0631\u0623 \u0627\u0644\u0645\u0632\u064a\u062f<\/span><i class=\"ot-flaticon-trajectory\"><\/i><\/a>\t    <\/div>\r\n\r\n\t    \t\t\t\t<\/div>\n\t\t\t\t<\/div>\n\t\t\t\t\t<\/div>\n\t\t<\/div>\n\t\t\t\t<div class=\"elementor-column elementor-col-50 elementor-inner-column elementor-element elementor-element-947621e ot-flex-column-vertical\" data-id=\"947621e\" data-element_type=\"column\">\n\t\t\t<div class=\"elementor-widget-wrap elementor-element-populated\">\n\t\t\t\t\t\t<div class=\"elementor-element elementor-element-2aa14ae elementor-widget elementor-widget-iimage_box\" data-id=\"2aa14ae\" data-element_type=\"widget\" data-widget_type=\"iimage_box.default\">\n\t\t\t\t<div class=\"elementor-widget-container\">\n\t\t\t\t\t\r\n\t\t<div class=\"ot-image-box\">\r\n\t\t\t<a href=\"http:\/\/wpdemo.archiwp.com\/maxbizz\/our-services\/organizational-audit\/\"><img loading=\"lazy\" decoding=\"async\" width=\"600\" height=\"400\" src=\"https:\/\/stolagon.lesitesweb.ch\/wp-content\/uploads\/2020\/09\/service-box1-600x400.jpg\" class=\"attachment-maxbizz-post-thumbnail-grid size-maxbizz-post-thumbnail-grid wp-image-902\" alt=\"\" srcset=\"https:\/\/stolagon.lesitesweb.ch\/wp-content\/uploads\/2020\/09\/service-box1-600x400.jpg 600w, https:\/\/stolagon.lesitesweb.ch\/wp-content\/uploads\/2020\/09\/service-box1-300x199.jpg 300w\" sizes=\"(max-width: 600px) 100vw, 600px\" \/><\/a>\t\t\t<div class=\"content-box\">\r\n\t\t\t\t<h5 class=\"title-box\"><a href=\"http:\/\/wpdemo.archiwp.com\/maxbizz\/our-services\/organizational-audit\/\">\u062e\u062f\u0645\u0627\u062a \u0627\u0644\u062a\u064a\u0633\u064a\u0631<\/a><\/h5>\t\t\t\t<p>Analysis of internal processes & procedures, staff activity evaluation, evaluation of technologies.<\/p>\t\t\t<\/div>\r\n\t\t\t<a href=\"http:\/\/wpdemo.archiwp.com\/maxbizz\/our-services\/organizational-audit\/\" class=\"link-box font-second\"><span>\u0627\u0642\u0631\u0623 \u0627\u0644\u0645\u0632\u064a\u062f<\/span><i class=\"ot-flaticon-trajectory\"><\/i><\/a>\t    <\/div>\r\n\r\n\t    \t\t\t\t<\/div>\n\t\t\t\t<\/div>\n\t\t\t\t\t<\/div>\n\t\t<\/div>\n\t\t\t\t\t<\/div>\n\t\t<\/section>\n\t\t\t\t\t<\/div>\n\t\t<\/div>\n\t\t\t\t\t<\/div>\n\t\t<\/section>\n\t\t\t\t<\/div>","protected":false},"excerpt":{"rendered":"<p>Nos principaux services Et bien plus encore ! Gestion d&rsquo;actifs La fa\u00e7on dont nous g\u00e9rons vos actifs refl\u00e8te notre implication dans les r\u00e9ponses quotidiennes n\u00e9cessaires \u00e0 une gestion dynamique d\u2019actifs Lire la suite Fonds d&rsquo;investissement En 2025, le march\u00e9 immobilier de Marrakech continue de se d\u00e9velopper \u00e0 un rythme impressionnant, attirant des investisseurs locaux et [&hellip;]<\/p>","protected":false},"author":1,"featured_media":0,"parent":0,"menu_order":0,"comment_status":"closed","ping_status":"closed","template":"","meta":{"footnotes":""},"class_list":["post-2713","page","type-page","status-publish","hentry"],"_links":{"self":[{"href":"https:\/\/stolagon.lesitesweb.ch\/ar\/wp-json\/wp\/v2\/pages\/2713","targetHints":{"allow":["GET"]}}],"collection":[{"href":"https:\/\/stolagon.lesitesweb.ch\/ar\/wp-json\/wp\/v2\/pages"}],"about":[{"href":"https:\/\/stolagon.lesitesweb.ch\/ar\/wp-json\/wp\/v2\/types\/page"}],"author":[{"embeddable":true,"href":"https:\/\/stolagon.lesitesweb.ch\/ar\/wp-json\/wp\/v2\/users\/1"}],"replies":[{"embeddable":true,"href":"https:\/\/stolagon.lesitesweb.ch\/ar\/wp-json\/wp\/v2\/comments?post=2713"}],"version-history":[{"count":4,"href":"https:\/\/stolagon.lesitesweb.ch\/ar\/wp-json\/wp\/v2\/pages\/2713\/revisions"}],"predecessor-version":[{"id":2916,"href":"https:\/\/stolagon.lesitesweb.ch\/ar\/wp-json\/wp\/v2\/pages\/2713\/revisions\/2916"}],"wp:attachment":[{"href":"https:\/\/stolagon.lesitesweb.ch\/ar\/wp-json\/wp\/v2\/media?parent=2713"}],"curies":[{"name":"wp","href":"https:\/\/api.w.org\/{rel}","templated":true}]}}