{"id":2715,"date":"2025-02-26T23:24:41","date_gmt":"2025-02-26T22:24:41","guid":{"rendered":"https:\/\/stolagon.lesitesweb.ch\/?page_id=2715"},"modified":"2025-02-27T19:22:31","modified_gmt":"2025-02-27T18:22:31","slug":"gestion-dactifs","status":"publish","type":"page","link":"https:\/\/stolagon.lesitesweb.ch\/ar\/nos-prestations\/gestion-dactifs\/","title":{"rendered":"\u0625\u062f\u0627\u0631\u0629 \u0627\u0644\u0623\u0635\u0648\u0644"},"content":{"rendered":"<div data-elementor-type=\"wp-page\" data-elementor-id=\"2715\" class=\"elementor elementor-2715\">\n\t\t\t\t\t\t<section class=\"elementor-section elementor-top-section elementor-element elementor-element-317e6d4 elementor-section-boxed elementor-section-height-default elementor-section-height-default\" data-id=\"317e6d4\" data-element_type=\"section\">\n\t\t\t\t\t\t<div class=\"elementor-container elementor-column-gap-extended\">\n\t\t\t\t\t<div class=\"elementor-column elementor-col-100 elementor-top-column elementor-element elementor-element-efbeefb ot-flex-column-vertical\" data-id=\"efbeefb\" data-element_type=\"column\">\n\t\t\t<div class=\"elementor-widget-wrap elementor-element-populated\">\n\t\t\t\t\t\t<div class=\"elementor-element elementor-element-f82bab9 elementor-widget elementor-widget-image\" data-id=\"f82bab9\" data-element_type=\"widget\" data-widget_type=\"image.default\">\n\t\t\t\t<div class=\"elementor-widget-container\">\n\t\t\t\t\t\t\t\t\t\t\t\t\t\t\t<img fetchpriority=\"high\" decoding=\"async\" width=\"1200\" height=\"800\" src=\"https:\/\/stolagon.lesitesweb.ch\/wp-content\/uploads\/2025\/02\/Stolagon-gestion-dactif.jpeg\" class=\"attachment-full size-full wp-image-2765\" alt=\"\" srcset=\"https:\/\/stolagon.lesitesweb.ch\/wp-content\/uploads\/2025\/02\/Stolagon-gestion-dactif.jpeg 1200w, https:\/\/stolagon.lesitesweb.ch\/wp-content\/uploads\/2025\/02\/Stolagon-gestion-dactif-300x200.jpeg 300w, https:\/\/stolagon.lesitesweb.ch\/wp-content\/uploads\/2025\/02\/Stolagon-gestion-dactif-1024x683.jpeg 1024w, https:\/\/stolagon.lesitesweb.ch\/wp-content\/uploads\/2025\/02\/Stolagon-gestion-dactif-768x512.jpeg 768w, https:\/\/stolagon.lesitesweb.ch\/wp-content\/uploads\/2025\/02\/Stolagon-gestion-dactif-600x400.jpeg 600w\" sizes=\"(max-width: 1200px) 100vw, 1200px\" \/>\t\t\t\t\t\t\t\t\t\t\t\t\t\t\t<\/div>\n\t\t\t\t<\/div>\n\t\t\t\t<div class=\"elementor-element elementor-element-d516166 elementor-widget elementor-widget-heading\" data-id=\"d516166\" data-element_type=\"widget\" data-widget_type=\"heading.default\">\n\t\t\t\t<div class=\"elementor-widget-container\">\n\t\t\t\t\t<h2 class=\"elementor-heading-title elementor-size-default\">\u0625\u062f\u0627\u0631\u0629 \u0627\u0644\u062b\u0631\u0648\u0627\u062a\u060c \u0625\u062f\u0627\u0631\u0629 \u0627\u0644\u0623\u0635\u0648\u0644<\/h2>\t\t\t\t<\/div>\n\t\t\t\t<\/div>\n\t\t\t\t<div class=\"elementor-element elementor-element-0a3f3b9 elementor-widget elementor-widget-text-editor\" data-id=\"0a3f3b9\" data-element_type=\"widget\" data-widget_type=\"text-editor.default\">\n\t\t\t\t<div class=\"elementor-widget-container\">\n\t\t\t\t\t\t\t\t\t<p>\u0628\u0635\u0641\u062a\u0646\u0627 \u0634\u0631\u0643\u0629 \u0645\u0627\u0644\u064a\u0629 \u062a\u0646\u0645\u0648\u060c \u0646\u062a\u0628\u0646\u0649 \u0627\u0633\u062a\u0631\u0627\u062a\u064a\u062c\u064a\u062a\u0646\u0627 \u0648\u0641\u0642\u064b\u0627 \u0644\u0631\u0624\u064a\u062a\u0643\u0645 \u0639\u0644\u0649 \u0627\u0644\u0645\u062f\u0649 \u0627\u0644\u0642\u0635\u064a\u0631 \u0623\u0648 \u0627\u0644\u0637\u0648\u064a\u0644 \u0641\u064a \u0627\u062e\u062a\u064a\u0627\u0631\u0627\u062a\u0643\u0645 \u0627\u0644\u0627\u0633\u062a\u062b\u0645\u0627\u0631\u064a\u0629.<\/p><h3>\u0625\u062f\u0627\u0631\u0629 \u0627\u0644\u062b\u0631\u0648\u0627\u062a \u0648\u0627\u0644\u0627\u0633\u062a\u0634\u0627\u0631\u0627\u062a \u0641\u064a \u0645\u062d\u0641\u0638\u0629 \u0627\u0644\u0623\u0635\u0648\u0644<\/h3><p>\u0628\u0635\u0641\u062a\u0646\u0627 \u0645\u0624\u0633\u0633\u0629 \u0645\u0627\u0644\u064a\u0629 \u062e\u0627\u0635\u0629\u060c \u0646\u062d\u0646 \u0645\u0644\u062a\u0632\u0645\u0648\u0646 \u0628\u062a\u062c\u0633\u064a\u062f \u0642\u064a\u0645\u0646\u0627 \u0627\u0644\u062a\u0642\u0644\u064a\u062f\u064a\u0629 \u0643\u0644 \u064a\u0648\u0645: \u0627\u0644\u0627\u0633\u062a\u0642\u0644\u0627\u0644\u064a\u0629\u060c \u0631\u0624\u064a\u0629 \u0648\u0627\u0642\u0639\u064a\u0629 \u0644\u0644\u0641\u0631\u0635\u060c \u0627\u0644\u0623\u062f\u0627\u0621.<br \/>\u0645\u0639\u0646\u0627\u060c \u0623\u0635\u0648\u0644\u0643 \u0641\u064a \u0623\u064a\u062f \u0623\u0645\u064a\u0646\u0629.<\/p><p>\u062a\u0648\u0643\u0651\u0644\u0648\u0627 \u0625\u062f\u0627\u0631\u0629 \u0623\u0635\u0648\u0644\u0643\u0645 \u0625\u0644\u0649 \u0645\u062e\u062a\u0635\u064a\u0646\u0627.  \u0646\u062d\u0644\u0644 \u0645\u0639\u064b\u0627 \u0623\u0647\u062f\u0627\u0641\u0643\u0645<br \/>\u0646\u062d\u0646 \u0646\u0636\u0639 \u0645\u0639\u064b\u0627 \u0627\u0633\u062a\u0631\u0627\u062a\u064a\u062c\u064a\u0629 \u062a\u062a\u0646\u0627\u0633\u0628 \u0645\u0639 \u0627\u062d\u062a\u064a\u0627\u062c\u0627\u062a\u0643\u0645.<\/p><p>\u062a\u0642\u0648\u0645\u0648\u0646 \u0628\u0625\u0639\u062f\u0627\u062f \u0645\u0644\u0641 \u0627\u0644\u0645\u062e\u0627\u0637\u0631 \u0627\u0644\u062e\u0627\u0635 \u0628\u0643\u0645 \u0648\u0627\u0633\u062a\u0631\u0627\u062a\u064a\u062c\u064a\u0629 \u0627\u0644\u0627\u0633\u062a\u062b\u0645\u0627\u0631 \u0627\u0644\u062e\u0627\u0635\u0629 \u0628\u0643\u0645 \u0645\u0639 \u0645\u062f\u064a\u0631 \u0627\u0644\u062d\u0633\u0627\u0628 \u0627\u0644\u0645\u062e\u0635\u0635 \u0644\u0643\u0645.<\/p><p>\u062a\u0641\u0648\u0651\u0636\u0648\u0646 \u0625\u0644\u064a\u0646\u0627 \u0627\u062e\u062a\u064a\u0627\u0631 \u0648\u0625\u062f\u0627\u0631\u0629 \u0627\u0644\u0627\u0633\u062a\u062b\u0645\u0627\u0631\u0627\u062a.<\/p><p>\u062a\u062a\u0644\u0642\u0648\u0646 \u062a\u0642\u0631\u064a\u0631\u064b\u0627 \u0628\u062a\u0631\u062f\u062f \u062a\u062e\u062a\u0627\u0631\u0648\u0646\u0647\u060c \u0645\u0639 \u0627\u0644\u0627\u0633\u062a\u0641\u0627\u062f\u0629 \u0645\u0646 \u0645\u0646\u0627\u0642\u0634\u0627\u062a \u0634\u0641\u0627\u0641\u0629 \u062f\u0627\u0626\u0645\u064b\u0627 \u0645\u0639 \u0645\u0633\u0624\u0648\u0644\u0643\u0645.<\/p><h3>\u0625\u062f\u0627\u0631\u0627\u062a \u062a\u0642\u062f\u064a\u0631\u064a\u0629<\/h3><p>\u062a\u064f\u0646\u0641\u0630 \u0627\u0644\u062a\u0641\u0648\u064a\u0636\u0627\u062a \u0627\u0644\u0627\u0633\u062a\u062b\u0645\u0627\u0631\u064a\u0629 \u0627\u0644\u062a\u064a \u062a\u0648\u0643\u0644\u0648\u0646\u0647\u0627 \u0625\u0644\u064a\u0646\u0627 \u0648\u0641\u0642\u064b\u0627 \u0644\u0627\u062d\u062a\u064a\u0627\u062c\u0627\u062a\u0643\u0645 \u0645\u0646 \u0642\u0628\u0644 \u0641\u0631\u064a\u0642\u0646\u0627 \u0645\u0646 \u0627\u0644\u0645\u062a\u062e\u0635\u0635\u064a\u0646.  \u0628\u062c\u0627\u0646\u0628 \u0627\u0644\u0625\u062f\u0627\u0631\u0629 \u0627\u0644\u062a\u0642\u0644\u064a\u062f\u064a\u0629 \u0644\u0644\u0623\u0635\u0648\u0644\u060c \u064a\u0645\u0643\u0646\u0643 \u0627\u062e\u062a\u064a\u0627\u0631 \u0635\u0646\u0627\u062f\u064a\u0642 \u0627\u0633\u062a\u062b\u0645\u0627\u0631\u064a\u0629 \u062a\u0639\u062a\u0645\u062f \u0639\u0644\u0649 \u062a\u062d\u0644\u064a\u0644\u0627\u062a \u062e\u0628\u0631\u0627\u0626\u0646\u0627 \u0641\u064a \u0645\u062e\u062a\u0644\u0641 \u0641\u0626\u0627\u062a \u0627\u0644\u0623\u0635\u0648\u0644 \u0648\u0627\u0644\u0645\u0646\u0627\u0637\u0642.  \u0628\u063a\u0636 \u0627\u0644\u0646\u0638\u0631 \u0639\u0646 \u0623\u0647\u062f\u0627\u0641\u0643\u0645\u060c \u0646\u062d\u0646 \u0646\u062a\u0635\u0631\u0641 \u0628\u0633\u0631\u0639\u0629 \u0645\u0639 \u0645\u0631\u0627\u0639\u0627\u0629 \u0645\u0635\u0627\u0644\u062d\u0643\u0645.<\/p><h3>\u0641\u0631\u064a\u062f\u0629 \u0645\u062b\u0644 \u0627\u0633\u062a\u0631\u0627\u062a\u064a\u062c\u064a\u062a\u0643 \u0627\u0644\u0627\u0633\u062a\u062b\u0645\u0627\u0631\u064a\u0629<br \/>\u0627\u0644\u062e\u0628\u0631\u0629 \u0641\u064a \u062e\u062f\u0645\u062a\u0643\u0645<\/h3><p>\u062a\u0633\u062a\u0641\u064a\u062f\u0648\u0646 \u0645\u0646 \u062a\u0623\u062b\u064a\u0631\u0646\u0627 \u0627\u0644\u0631\u0627\u0641\u0639\u0629\u060c \u0648\u062e\u0628\u0631\u062a\u0646\u0627 \u0627\u0644\u0648\u0627\u0633\u0639\u0629 \u0648\u0631\u0624\u064a\u062a\u0646\u0627 \u0627\u0644\u0645\u0646\u0641\u062a\u062d\u0629 \u0644\u0644\u0639\u0627\u0644\u0645 \u0627\u0644\u062d\u0627\u0644\u064a\u061b \u0646\u062d\u0646 \u0646\u063a\u0637\u064a \u062c\u0645\u064a\u0639 \u0641\u0626\u0627\u062a \u0627\u0644\u0623\u0635\u0648\u0644 \u0648\u062c\u0645\u064a\u0639 \u0627\u0644\u062c\u063a\u0631\u0627\u0641\u064a\u0627\u062a.  \u0646\u0633\u062a\u062b\u0645\u0631 \u0641\u064a \u0627\u0644\u0623\u0633\u0648\u0627\u0642 \u0627\u0644\u0639\u0627\u0644\u0645\u064a\u0629 \u0648\u0623\u0647\u0645 \u0627\u0644\u0639\u0645\u0644\u0627\u062a \u0627\u0644\u0645\u0631\u062c\u0639\u064a\u0629.<\/p><h3>\u062a\u0644\u062a\u0642\u064a \u0627\u0644\u0645\u0631\u0648\u0646\u0629 \u0628\u0627\u0644\u0627\u0633\u062a\u062f\u0627\u0645\u0629<\/h3><p>\u062a\u062a\u0646\u0627\u0633\u0628 \u0627\u0644\u062a\u0641\u0648\u064a\u0636\u0627\u062a \u00ab \u0627\u0644\u0645\u0631\u0646\u0629 \u00bb \u0623\u064a\u0636\u064b\u0627 \u0645\u0639 \u0627\u0644\u0639\u0645\u0644\u0627\u0621 \u0627\u0644\u0630\u064a\u0646 \u064a\u0628\u062d\u062b\u0648\u0646 \u0639\u0646 \u062a\u0641\u0627\u0639\u0644 \u0645\u0646\u062a\u0638\u0645 \u062c\u062f\u064b\u0627 \u0645\u0639 \u0645\u062f\u064a\u0631\u064a \u0627\u0644\u062d\u0633\u0627\u0628\u0627\u062a \u0644\u062f\u064a\u0646\u0627.<\/p><p>\u0641\u064a \u0625\u0637\u0627\u0631 \u0627\u0633\u062a\u062b\u0645\u0627\u0631\u0627\u062a\u0646\u0627 \u0627\u0644\u0645\u0633\u062a\u062f\u0627\u0645\u0629\u060c \u0646\u062d\u0646 \u0641\u062e\u0648\u0631\u0648\u0646 \u0628\u062a\u0642\u062f\u064a\u0645 \u0645\u062c\u0645\u0648\u0639\u0629 \u0645\u0646 \u0627\u0644\u0635\u0646\u0627\u062f\u064a\u0642 \u0627\u0644\u062a\u064a \u062a\u0633\u062a\u062b\u0645\u0631 \u0648\u0641\u0642\u064b\u0627 \u0644\u0645\u0628\u0627\u062f\u0626 ESG \u0627\u0644\u0635\u0627\u0631\u0645\u0629.<\/p>\t\t\t\t\t\t\t\t<\/div>\n\t\t\t\t<\/div>\n\t\t\t\t\t<\/div>\n\t\t<\/div>\n\t\t\t\t\t<\/div>\n\t\t<\/section>\n\t\t\t\t<section class=\"elementor-section elementor-top-section elementor-element elementor-element-607ad14 elementor-section-boxed elementor-section-height-default elementor-section-height-default\" data-id=\"607ad14\" data-element_type=\"section\">\n\t\t\t\t\t\t<div class=\"elementor-container elementor-column-gap-default\">\n\t\t\t\t\t<div class=\"elementor-column elementor-col-100 elementor-top-column elementor-element elementor-element-4d39ba4 ot-flex-column-vertical\" data-id=\"4d39ba4\" data-element_type=\"column\">\n\t\t\t<div class=\"elementor-widget-wrap\">\n\t\t\t\t\t\t\t<\/div>\n\t\t<\/div>\n\t\t\t\t\t<\/div>\n\t\t<\/section>\n\t\t\t\t<\/div>","protected":false},"excerpt":{"rendered":"<p>Gestion de fortune, gestion d\u2019actifs En tant qu\u2019entreprise financi\u00e8re de croissance, nous adoptons notre strat\u00e9gie \u00e0 votre vision \u00e0 court ou long terme dans vos choix d\u2019investissements Gestion de fortune et conseil en portefeuille d\u2019actifs En tant qu\u2019\u00e9tablissement financier priv\u00e9 nous sommes attach\u00e9s \u00e0 vivre chaque jour nos valeurs traditionnelles : ind\u00e9pendance, vision r\u00e9alisme des [&hellip;]<\/p>","protected":false},"author":1,"featured_media":0,"parent":2713,"menu_order":0,"comment_status":"closed","ping_status":"closed","template":"","meta":{"footnotes":""},"class_list":["post-2715","page","type-page","status-publish","hentry"],"_links":{"self":[{"href":"https:\/\/stolagon.lesitesweb.ch\/ar\/wp-json\/wp\/v2\/pages\/2715","targetHints":{"allow":["GET"]}}],"collection":[{"href":"https:\/\/stolagon.lesitesweb.ch\/ar\/wp-json\/wp\/v2\/pages"}],"about":[{"href":"https:\/\/stolagon.lesitesweb.ch\/ar\/wp-json\/wp\/v2\/types\/page"}],"author":[{"embeddable":true,"href":"https:\/\/stolagon.lesitesweb.ch\/ar\/wp-json\/wp\/v2\/users\/1"}],"replies":[{"embeddable":true,"href":"https:\/\/stolagon.lesitesweb.ch\/ar\/wp-json\/wp\/v2\/comments?post=2715"}],"version-history":[{"count":26,"href":"https:\/\/stolagon.lesitesweb.ch\/ar\/wp-json\/wp\/v2\/pages\/2715\/revisions"}],"predecessor-version":[{"id":2954,"href":"https:\/\/stolagon.lesitesweb.ch\/ar\/wp-json\/wp\/v2\/pages\/2715\/revisions\/2954"}],"up":[{"embeddable":true,"href":"https:\/\/stolagon.lesitesweb.ch\/ar\/wp-json\/wp\/v2\/pages\/2713"}],"wp:attachment":[{"href":"https:\/\/stolagon.lesitesweb.ch\/ar\/wp-json\/wp\/v2\/media?parent=2715"}],"curies":[{"name":"wp","href":"https:\/\/api.w.org\/{rel}","templated":true}]}}