{"id":2722,"date":"2025-02-26T23:34:55","date_gmt":"2025-02-26T22:34:55","guid":{"rendered":"https:\/\/stolagon.lesitesweb.ch\/?page_id=2722"},"modified":"2025-02-27T19:28:21","modified_gmt":"2025-02-27T18:28:21","slug":"financement-dactifs","status":"publish","type":"page","link":"https:\/\/stolagon.lesitesweb.ch\/ar\/nos-prestations\/financement-dactifs\/","title":{"rendered":"\u062a\u0645\u0648\u064a\u0644 \u0627\u0644\u0623\u0635\u0648\u0644"},"content":{"rendered":"<div data-elementor-type=\"wp-page\" data-elementor-id=\"2722\" class=\"elementor elementor-2722\">\n\t\t\t\t\t\t<section class=\"elementor-section elementor-top-section elementor-element elementor-element-317e6d4 elementor-reverse-tablet elementor-reverse-mobile elementor-section-boxed elementor-section-height-default elementor-section-height-default\" data-id=\"317e6d4\" data-element_type=\"section\">\n\t\t\t\t\t\t<div class=\"elementor-container elementor-column-gap-extended\">\n\t\t\t\t\t<div class=\"elementor-column elementor-col-100 elementor-top-column elementor-element elementor-element-efbeefb ot-flex-column-vertical\" data-id=\"efbeefb\" data-element_type=\"column\">\n\t\t\t<div class=\"elementor-widget-wrap elementor-element-populated\">\n\t\t\t\t\t\t<div class=\"elementor-element elementor-element-f82bab9 elementor-widget elementor-widget-image\" data-id=\"f82bab9\" data-element_type=\"widget\" data-widget_type=\"image.default\">\n\t\t\t\t<div class=\"elementor-widget-container\">\n\t\t\t\t\t\t\t\t\t\t\t\t\t\t\t<img fetchpriority=\"high\" decoding=\"async\" width=\"1404\" height=\"1030\" src=\"https:\/\/stolagon.lesitesweb.ch\/wp-content\/uploads\/2025\/02\/Stolagon-Financement-dactifs.png\" class=\"attachment-full size-full wp-image-2801\" alt=\"\" srcset=\"https:\/\/stolagon.lesitesweb.ch\/wp-content\/uploads\/2025\/02\/Stolagon-Financement-dactifs.png 1404w, https:\/\/stolagon.lesitesweb.ch\/wp-content\/uploads\/2025\/02\/Stolagon-Financement-dactifs-300x220.png 300w, https:\/\/stolagon.lesitesweb.ch\/wp-content\/uploads\/2025\/02\/Stolagon-Financement-dactifs-1024x751.png 1024w, https:\/\/stolagon.lesitesweb.ch\/wp-content\/uploads\/2025\/02\/Stolagon-Financement-dactifs-768x563.png 768w\" sizes=\"(max-width: 1404px) 100vw, 1404px\" \/>\t\t\t\t\t\t\t\t\t\t\t\t\t\t\t<\/div>\n\t\t\t\t<\/div>\n\t\t\t\t<div class=\"elementor-element elementor-element-d516166 elementor-widget elementor-widget-heading\" data-id=\"d516166\" data-element_type=\"widget\" data-widget_type=\"heading.default\">\n\t\t\t\t<div class=\"elementor-widget-container\">\n\t\t\t\t\t<h2 class=\"elementor-heading-title elementor-size-default\">\u062a\u0645\u0648\u064a\u0644 \u0627\u0644\u0623\u0635\u0648\u0644<\/h2>\t\t\t\t<\/div>\n\t\t\t\t<\/div>\n\t\t\t\t<div class=\"elementor-element elementor-element-611317c elementor-widget elementor-widget-text-editor\" data-id=\"611317c\" data-element_type=\"widget\" data-widget_type=\"text-editor.default\">\n\t\t\t\t<div class=\"elementor-widget-container\">\n\t\t\t\t\t\t\t\t\t<p>\u064a\u0645\u0643\u0646\u0646\u0627 \u0645\u0631\u0627\u0641\u0642\u062a\u0643\u0645 \u0641\u064a \u0625\u0637\u0627\u0631 \u062a\u0645\u0648\u064a\u0644 \u0627\u0644\u0623\u0635\u0648\u0644 \u0639\u0644\u0649 \u0627\u0644\u0645\u062f\u0649 \u0627\u0644\u0645\u062a\u0648\u0633\u0637 \u0648\u0627\u0644\u0637\u0648\u064a\u0644.  \u0633\u064a\u0648\u0641\u0631 \u0625\u0645\u0643\u0627\u0646\u064a\u0629 \u0627\u0644\u0648\u0635\u0648\u0644 \u0625\u0644\u0649 \u0645\u0635\u062f\u0631 \u062a\u0645\u0648\u064a\u0644 \u0628\u062f\u064a\u0644\u060c \u0645\u0642\u0627\u0628\u0644 \u0627\u0644\u062a\u0646\u0627\u0632\u0644 \u0623\u0648 \u0645\u0646\u062d \u0636\u0645\u0627\u0646 \u0639\u0644\u0649 \u0623\u0635\u0644 \u0642\u0627\u0628\u0644 \u0644\u0644\u062a\u0642\u064a\u064a\u0645 (\u0645\u0639\u062f\u0627\u062a\u060c \u0645\u062e\u0632\u0648\u0646\u060c \u0639\u0642\u0627\u0631\u0627\u062a\u060c \u0628\u0631\u0627\u0621\u0627\u062a \u0627\u062e\u062a\u0631\u0627\u0639\u060c \u0625\u0644\u062e).<\/p><p>\u0633\u064a\u0645\u0643\u0646 \u0647\u0630\u0627 \u0627\u0644\u0646\u0648\u0639 \u0645\u0646 \u0627\u0644\u062a\u0645\u0648\u064a\u0644 \u0645\u0646 \u0627\u0644\u0627\u062d\u062a\u0641\u0627\u0638 \u0628\u0645\u0644\u0643\u064a\u0629 \u0627\u0644\u0623\u0635\u0648\u0644 \u0648\u064a\u0648\u0641\u0631 \u0644\u0644\u0645\u0642\u0631\u0636 \u0636\u0645\u0627\u0646\u064b\u0627 \u062d\u0642\u064a\u0642\u064a\u064b\u0627 \u0641\u064a \u062d\u0627\u0644\u0629 \u0627\u0644\u062a\u062e\u0644\u0641 \u0639\u0646 \u0627\u0644\u0633\u062f\u0627\u062f.<\/p><p>\u0643\u0645\u0627 \u0623\u0646\u0647 \u064a\u0633\u0645\u062d \u0628\u062a\u0645\u0648\u064a\u0644 \u0639\u0645\u0644\u064a\u0627\u062a \u0627\u0644\u0646\u0641\u0642\u0627\u062a \u0627\u0644\u0631\u0623\u0633\u0645\u0627\u0644\u064a\u0629 \u0623\u0648 \u0627\u0644\u0646\u0645\u0648 \u0627\u0644\u062e\u0627\u0631\u062c\u064a.<\/p><p>\u0647\u0630\u0627 \u0627\u0644\u062a\u0645\u0648\u064a\u0644 \u0645\u0643\u0645\u0644 \u0644\u0644\u062f\u064a\u0648\u0646 \u0627\u0644\u0628\u0646\u0643\u064a\u0629 \u0627\u0644\u062a\u0642\u0644\u064a\u062f\u064a\u0629 \u0648\u0627\u0644\u062a\u0645\u0648\u064a\u0644\u0627\u062a \u0627\u0644\u0633\u0646\u062f\u0627\u062a.<\/p><p>\u062a\u0631\u062a\u064a\u0628 \u0642\u0627\u0646\u0648\u0646\u064a \u0628\u0633\u064a\u0637 \u064a\u062a\u0637\u0644\u0628 \u0645\u0633\u0628\u0642\u064b\u0627 \u062a\u062d\u0644\u064a\u0644\u064b\u0627 \u0645\u0639\u0645\u0642\u064b\u0627 \u0644\u0644\u0623\u0635\u0644 (\u0639\u0627\u062f\u0629\u064b \u0645\u0627 \u064a\u062a\u0645 \u0628\u0648\u0627\u0633\u0637\u0629 \u062e\u0628\u064a\u0631 \u0645\u0633\u062a\u0642\u0644 \u0645\u0639\u062a\u0645\u062f).<\/p>\t\t\t\t\t\t\t\t<\/div>\n\t\t\t\t<\/div>\n\t\t\t\t\t<\/div>\n\t\t<\/div>\n\t\t\t\t\t<\/div>\n\t\t<\/section>\n\t\t\t\t<section class=\"elementor-section elementor-top-section elementor-element elementor-element-607ad14 elementor-section-boxed elementor-section-height-default elementor-section-height-default\" data-id=\"607ad14\" data-element_type=\"section\">\n\t\t\t\t\t\t<div class=\"elementor-container elementor-column-gap-default\">\n\t\t\t\t\t<div class=\"elementor-column elementor-col-100 elementor-top-column elementor-element elementor-element-4d39ba4 ot-flex-column-vertical\" data-id=\"4d39ba4\" data-element_type=\"column\">\n\t\t\t<div class=\"elementor-widget-wrap\">\n\t\t\t\t\t\t\t<\/div>\n\t\t<\/div>\n\t\t\t\t\t<\/div>\n\t\t<\/section>\n\t\t\t\t<\/div>","protected":false},"excerpt":{"rendered":"<p>Financement d\u2019actifs Nous pouvons vous accompagner dans le cadre de financements d\u2019actifs \u00e0 moyen et long terme. Il permettra un acc\u00e8s \u00e0 une source de financement alternative, en contrepartie de la cession ou de l\u2019octroi d\u2019une garantie sur un actif valorisable (\u00e9quipement, stock, immobilier, brevet etc.). Ce mode de financement permettra de conserver la jouissance [&hellip;]<\/p>","protected":false},"author":1,"featured_media":0,"parent":2713,"menu_order":0,"comment_status":"closed","ping_status":"closed","template":"","meta":{"footnotes":""},"class_list":["post-2722","page","type-page","status-publish","hentry"],"_links":{"self":[{"href":"https:\/\/stolagon.lesitesweb.ch\/ar\/wp-json\/wp\/v2\/pages\/2722","targetHints":{"allow":["GET"]}}],"collection":[{"href":"https:\/\/stolagon.lesitesweb.ch\/ar\/wp-json\/wp\/v2\/pages"}],"about":[{"href":"https:\/\/stolagon.lesitesweb.ch\/ar\/wp-json\/wp\/v2\/types\/page"}],"author":[{"embeddable":true,"href":"https:\/\/stolagon.lesitesweb.ch\/ar\/wp-json\/wp\/v2\/users\/1"}],"replies":[{"embeddable":true,"href":"https:\/\/stolagon.lesitesweb.ch\/ar\/wp-json\/wp\/v2\/comments?post=2722"}],"version-history":[{"count":14,"href":"https:\/\/stolagon.lesitesweb.ch\/ar\/wp-json\/wp\/v2\/pages\/2722\/revisions"}],"predecessor-version":[{"id":2934,"href":"https:\/\/stolagon.lesitesweb.ch\/ar\/wp-json\/wp\/v2\/pages\/2722\/revisions\/2934"}],"up":[{"embeddable":true,"href":"https:\/\/stolagon.lesitesweb.ch\/ar\/wp-json\/wp\/v2\/pages\/2713"}],"wp:attachment":[{"href":"https:\/\/stolagon.lesitesweb.ch\/ar\/wp-json\/wp\/v2\/media?parent=2722"}],"curies":[{"name":"wp","href":"https:\/\/api.w.org\/{rel}","templated":true}]}}