{"id":2725,"date":"2025-02-26T23:35:23","date_gmt":"2025-02-26T22:35:23","guid":{"rendered":"https:\/\/stolagon.lesitesweb.ch\/?page_id=2725"},"modified":"2025-03-07T19:06:31","modified_gmt":"2025-03-07T18:06:31","slug":"promotion-immobiliere","status":"publish","type":"page","link":"https:\/\/stolagon.lesitesweb.ch\/ar\/nos-prestations\/promotion-immobiliere\/","title":{"rendered":"\u062a\u0631\u0648\u064a\u062c \u0639\u0642\u0627\u0631\u064a"},"content":{"rendered":"<div data-elementor-type=\"wp-page\" data-elementor-id=\"2725\" class=\"elementor elementor-2725\">\n\t\t\t\t\t\t<section class=\"elementor-section elementor-top-section elementor-element elementor-element-317e6d4 elementor-reverse-tablet elementor-reverse-mobile elementor-section-boxed elementor-section-height-default elementor-section-height-default\" data-id=\"317e6d4\" data-element_type=\"section\">\n\t\t\t\t\t\t<div class=\"elementor-container elementor-column-gap-extended\">\n\t\t\t\t\t<div class=\"elementor-column elementor-col-100 elementor-top-column elementor-element elementor-element-efbeefb ot-flex-column-vertical\" data-id=\"efbeefb\" data-element_type=\"column\">\n\t\t\t<div class=\"elementor-widget-wrap elementor-element-populated\">\n\t\t\t\t\t\t<div class=\"elementor-element elementor-element-f82bab9 elementor-widget elementor-widget-image\" data-id=\"f82bab9\" data-element_type=\"widget\" data-widget_type=\"image.default\">\n\t\t\t\t<div class=\"elementor-widget-container\">\n\t\t\t\t\t\t\t\t\t\t\t\t\t\t\t<img fetchpriority=\"high\" decoding=\"async\" width=\"1770\" height=\"1040\" src=\"https:\/\/stolagon.lesitesweb.ch\/wp-content\/uploads\/2025\/02\/Stolagon-Notre-fonds-dinvestissement-immobilier-a-Marrakech.png\" class=\"attachment-full size-full wp-image-2805\" alt=\"\" srcset=\"https:\/\/stolagon.lesitesweb.ch\/wp-content\/uploads\/2025\/02\/Stolagon-Notre-fonds-dinvestissement-immobilier-a-Marrakech.png 1770w, https:\/\/stolagon.lesitesweb.ch\/wp-content\/uploads\/2025\/02\/Stolagon-Notre-fonds-dinvestissement-immobilier-a-Marrakech-300x176.png 300w, https:\/\/stolagon.lesitesweb.ch\/wp-content\/uploads\/2025\/02\/Stolagon-Notre-fonds-dinvestissement-immobilier-a-Marrakech-1024x602.png 1024w, https:\/\/stolagon.lesitesweb.ch\/wp-content\/uploads\/2025\/02\/Stolagon-Notre-fonds-dinvestissement-immobilier-a-Marrakech-768x451.png 768w, https:\/\/stolagon.lesitesweb.ch\/wp-content\/uploads\/2025\/02\/Stolagon-Notre-fonds-dinvestissement-immobilier-a-Marrakech-1536x903.png 1536w\" sizes=\"(max-width: 1770px) 100vw, 1770px\" \/>\t\t\t\t\t\t\t\t\t\t\t\t\t\t\t<\/div>\n\t\t\t\t<\/div>\n\t\t\t\t<div class=\"elementor-element elementor-element-d516166 elementor-widget elementor-widget-heading\" data-id=\"d516166\" data-element_type=\"widget\" data-widget_type=\"heading.default\">\n\t\t\t\t<div class=\"elementor-widget-container\">\n\t\t\t\t\t<h2 class=\"elementor-heading-title elementor-size-default\">\u0635\u0646\u062f\u0648\u0642 \u0627\u0644\u0627\u0633\u062a\u062b\u0645\u0627\u0631 \u0627\u0644\u0639\u0642\u0627\u0631\u064a \u0627\u0644\u062e\u0627\u0635 \u0628\u0646\u0627<\/h2>\t\t\t\t<\/div>\n\t\t\t\t<\/div>\n\t\t\t\t<div class=\"elementor-element elementor-element-611317c elementor-widget elementor-widget-text-editor\" data-id=\"611317c\" data-element_type=\"widget\" data-widget_type=\"text-editor.default\">\n\t\t\t\t<div class=\"elementor-widget-container\">\n\t\t\t\t\t\t\t\t\t<p>\u0641\u064a \u0639\u0627\u0645 2025\u060c \u064a\u0633\u062a\u0645\u0631 \u0633\u0648\u0642 \u0627\u0644\u0639\u0642\u0627\u0631\u0627\u062a \u0641\u064a \u0645\u0631\u0627\u0643\u0634 \u0641\u064a \u0627\u0644\u0646\u0645\u0648 \u0628\u0648\u062a\u064a\u0631\u0629 \u0645\u062b\u064a\u0631\u0629 \u0644\u0644\u0625\u0639\u062c\u0627\u0628\u060c \u0645\u0645\u0627 \u064a\u062c\u0630\u0628 \u0627\u0644\u0645\u0633\u062a\u062b\u0645\u0631\u064a\u0646 \u0627\u0644\u0645\u062d\u0644\u064a\u064a\u0646 \u0648\u0627\u0644\u062f\u0648\u0644\u064a\u064a\u0646.<\/p><p>\u0647\u0630\u0647 \u0627\u0644\u0645\u062f\u064a\u0646\u0629 \u0627\u0644\u0631\u0645\u0632\u064a\u0629\u060c \u0639\u0646\u062f \u062a\u0642\u0627\u0637\u0639 \u0627\u0644\u062a\u0642\u0627\u0644\u064a\u062f \u0648\u0627\u0644\u062d\u062f\u0627\u062b\u0629\u060c \u062a\u062a\u0645\u064a\u0632 \u0628\u062f\u064a\u0646\u0627\u0645\u064a\u0643\u064a\u0629 \u0639\u0642\u0627\u0631\u064a\u0629 \u062a\u0639\u0643\u0633 \u062c\u0627\u0630\u0628\u064a\u062a\u0647\u0627 \u0627\u0644\u0645\u062a\u0632\u0627\u064a\u062f\u0629 \u0648\u0625\u0645\u0643\u0627\u0646\u0627\u062a\u0647\u0627 \u0627\u0644\u0627\u0633\u062a\u062b\u0645\u0627\u0631\u064a\u0629.<\/p><h3>\u0633\u0648\u0642 \u0641\u064a \u0646\u0645\u0648 \u0643\u0627\u0645\u0644 \u0648\u0633\u0631\u064a\u0639 \u062c\u062f\u064b\u0627<\/h3><p>\u0645\u0631\u0627\u0643\u0634 \u0647\u064a \u0623\u0643\u062b\u0631 \u0628\u0643\u062b\u064a\u0631 \u0645\u0646 \u0645\u062c\u0631\u062f \u0648\u062c\u0647\u0629 \u0633\u064a\u0627\u062d\u064a\u0629.<\/p><p>\u0641\u064a \u0639\u0627\u0645 2025\u060c \u062a\u0628\u0631\u0632 \u0643\u0648\u062c\u0647\u0629 \u0627\u0642\u062a\u0635\u0627\u062f\u064a\u0629 \u0648\u062b\u0642\u0627\u0641\u064a\u0629 \u0644\u0627 \u063a\u0646\u0649 \u0639\u0646\u0647\u0627\u060c \u0645\u0639 \u0633\u0648\u0642 \u0639\u0642\u0627\u0631\u064a \u0645\u0632\u062f\u0647\u0631.<\/p><p>\u0627\u0644\u0623\u062d\u064a\u0627\u0621 \u0627\u0644\u0645\u0641\u0636\u0644\u0629 \u0645\u062b\u0644 \u062c\u0644\u064a\u0632\u060c \u0627\u0644\u062d\u064a \u0627\u0644\u0634\u062a\u0648\u064a\u060c \u0648\u0627\u0644\u0645\u062f\u064a\u0646\u0629 \u0627\u0644\u0642\u062f\u064a\u0645\u0629 \u062a\u0634\u0647\u062f \u0637\u0644\u0628\u064b\u0627 \u0645\u062a\u0632\u0627\u064a\u062f\u064b\u0627 \u0639\u0644\u0649 \u0627\u0644\u0639\u0642\u0627\u0631\u0627\u062a\u060c \u0628\u062f\u0621\u064b\u0627 \u0645\u0646 \u0627\u0644\u0634\u0642\u0642 \u0627\u0644\u062d\u062f\u064a\u062b\u0629 \u0648\u0635\u0648\u0644\u0627\u064b \u0625\u0644\u0649 \u0627\u0644\u0631\u064a\u0627\u0636 \u0627\u0644\u062a\u0642\u0644\u064a\u062f\u064a\u0629.<\/p><p>\u062a\u0638\u0647\u0631 \u0623\u062d\u064a\u0627\u0621 \u062c\u062f\u064a\u062f\u0629\u060c \u0646\u0627\u062a\u062c\u0629 \u0639\u0646 \u0637\u0644\u0628 \u0645\u0646 \u0637\u0628\u0642\u0627\u062a \u0627\u062c\u062a\u0645\u0627\u0639\u064a\u0629 \u0645\u062a\u0648\u0633\u0637\u0629 \u0639\u0644\u064a\u0627 \u062a\u0631\u063a\u0628 \u0641\u064a \u0627\u0644\u0639\u064a\u0634 \u0648\u0641\u0642\u064b\u0627 \u0644\u0623\u0641\u0636\u0644 \u0627\u0644\u0645\u0639\u0627\u064a\u064a\u0631 \u0627\u0644\u063a\u0631\u0628\u064a\u0629.<\/p><h3>\u0627\u062a\u062c\u0627\u0647\u0627\u062a \u0627\u0644\u0633\u0648\u0642 \u0641\u064a \u0639\u0627\u0645 2025<\/h3><p>\u0641\u064a \u0627\u0644\u0633\u0627\u0628\u0642 \u0643\u0627\u0646\u062a \u0645\u0631\u0627\u0643\u0634 \u0645\u062f\u064a\u0646\u0629 \u0645\u062e\u0635\u0635\u0629 \u0644\u0644\u0633\u064a\u0627\u062d\u0629 \u0641\u0642\u0637\u060c \u0644\u0643\u0646\u0647\u0627 \u0627\u0644\u0622\u0646 \u064a\u0645\u0643\u0646 \u0623\u0646 \u062a\u0641\u062a\u062e\u0631 \u0628\u0637\u0627\u0642\u0629 \u062a\u062c\u0627\u0631\u064a\u0629 \u0648\u0645\u0627\u0644\u064a\u0629 \u0645\u0646 \u0627\u0644\u0637\u0631\u0627\u0632 \u0627\u0644\u0623\u0648\u0644.<\/p><p>\u062a\u0642\u0648\u0645 \u0627\u0644\u0645\u0631\u0627\u0643\u0632 \u0627\u0644\u062f\u0648\u0644\u064a\u0629 \u0627\u0644\u0643\u0628\u0631\u0649\u060c \u0648\u0627\u0644\u062a\u0643\u0646\u0648\u0644\u0648\u062c\u064a\u0627\u060c \u0648\u0627\u0644\u062a\u0645\u0648\u064a\u0644\u0627\u062a \u0627\u0644\u0644\u0627\u0645\u0631\u0643\u0632\u064a\u0629 \u0628\u062a\u0648\u0638\u064a\u0641 \u0648\u0646\u0642\u0644 \u0645\u0648\u0627\u0631\u062f \u0628\u0634\u0631\u064a\u0629 \u062c\u062f\u064a\u062f\u0629 \u0630\u0627\u062a \u0625\u0645\u0643\u0627\u0646\u064a\u0627\u062a \u062a\u0639\u0644\u064a\u0645\u064a\u0629 \u0639\u0627\u0644\u064a\u0629 \u0645\u0646 \u062f\u0627\u062e\u0644 \u0627\u0644\u0628\u0644\u0627\u062f \u0648\u062e\u0627\u0631\u062c\u0647\u0627.<\/p><ol><li style=\"list-style-type: none;\"><ol><li>\u0632\u064a\u0627\u062f\u0629 \u0627\u0644\u0637\u0644\u0628<ul><li>\u062a\u0633\u062a\u0645\u0631 \u0627\u0644\u0641\u064a\u0644\u0627\u062a \u0627\u0644\u0641\u0627\u062e\u0631\u0629 \u0648\u0627\u0644\u0639\u0642\u0627\u0631\u0627\u062a \u0627\u0644\u0631\u0627\u0642\u064a\u0629 \u0641\u064a \u062c\u0630\u0628 \u0639\u0645\u0644\u0627\u0621 \u062f\u0648\u0644\u064a\u064a\u0646.  \u0644\u0643\u0646 \u0627\u0644\u0645\u0634\u062a\u0631\u064a\u0646 \u0627\u0644\u062c\u062f\u062f \u064a\u0637\u0644\u0628\u0648\u0646 \u0623\u0645\u0627\u0643\u0646 \u0644\u0644\u0639\u064a\u0634 \u0628\u0627\u0644\u0642\u0631\u0628 \u0645\u0646 \u0623\u0645\u0627\u0643\u0646 \u0639\u0645\u0644\u0647\u0645.<\/li><\/ul><\/li><li>\u0627\u0644\u0623\u062d\u064a\u0627\u0621 \u0627\u0644\u0628\u064a\u0626\u064a\u0629 \u0648\u0627\u0644\u062a\u0646\u0645\u064a\u0629 \u0627\u0644\u0645\u0633\u062a\u062f\u0627\u0645\u0629:<ul><li>\u0627\u0644\u0627\u062a\u062c\u0627\u0647 \u0627\u0644\u0639\u0627\u0644\u0645\u064a \u0646\u062d\u0648 \u0645\u0645\u0627\u0631\u0633\u0627\u062a \u0623\u0643\u062b\u0631 \u0627\u0633\u062a\u062f\u0627\u0645\u0629 \u064a\u0646\u0639\u0643\u0633 \u0623\u064a\u0636\u064b\u0627 \u0641\u064a \u0645\u0631\u0627\u0643\u0634.  \u062a\u062f\u0645\u062c \u0627\u0644\u0645\u0634\u0627\u0631\u064a\u0639 \u0627\u0644\u0639\u0642\u0627\u0631\u064a\u0629 \u0627\u0644\u062c\u062f\u064a\u062f\u0629 \u0627\u0644\u062d\u0644\u0648\u0644 \u0627\u0644\u0628\u064a\u0626\u064a\u0629 \u0648\u0627\u0644\u0637\u0627\u0642\u0629 \u0627\u0644\u0645\u062a\u062c\u062f\u062f\u0629 \u0648\u0627\u0644\u0645\u0648\u0627\u062f \u0627\u0644\u0645\u0633\u062a\u062f\u0627\u0645\u0629 \u0644\u062a\u0644\u0628\u064a\u0629 \u062a\u0648\u0642\u0639\u0627\u062a \u0627\u0644\u0639\u0645\u0644\u0627\u0621 \u0627\u0644\u0645\u0647\u062a\u0645\u064a\u0646 \u0628\u0627\u0644\u0628\u064a\u0626\u0629.<\/li><\/ul><\/li><li>\u0627\u0644\u0627\u0633\u062a\u062b\u0645\u0627\u0631\u0627\u062a \u0627\u0644\u0625\u064a\u062c\u0627\u0631\u064a\u0629:<ul><li>\u064a\u0634\u0647\u062f \u0627\u0644\u0642\u0637\u0627\u0639 \u0627\u0644\u0625\u064a\u062c\u0627\u0631\u064a \u0637\u0644\u0628\u064b\u0627 \u0642\u0648\u064a\u064b\u0627 \u062c\u062f\u064b\u0627\u060c \u0644\u0627 \u0633\u064a\u0645\u0627 \u0639\u0644\u0649 \u0627\u0644\u0625\u064a\u062c\u0627\u0631\u0627\u062a \u0627\u0644\u0633\u064a\u0627\u062d\u064a\u0629 \u0648\u0627\u0644\u0645\u0633\u0627\u0643\u0646 \u0627\u0644\u062b\u0627\u0646\u0648\u064a\u0629.  \u064a\u0631\u0649 \u0627\u0644\u0645\u0633\u062a\u062b\u0645\u0631\u0648\u0646 \u0641\u064a \u0645\u0631\u0627\u0643\u0634 \u0633\u0648\u0642\u064b\u0627 \u0645\u0631\u0628\u062d\u064b\u0627\u060c \u0645\u0639 \u0639\u0648\u0627\u0626\u062f \u0625\u064a\u062c\u0627\u0631\u064a\u0629 \u062c\u0630\u0627\u0628\u0629 \u0628\u0641\u0636\u0644 \u0627\u0644\u062a\u062f\u0641\u0642 \u0627\u0644\u0645\u0633\u062a\u0645\u0631 \u0644\u0644\u0633\u064a\u0627\u062d \u0648\u0627\u0644\u0645\u0642\u064a\u0645\u064a\u0646 \u0627\u0644\u0645\u0624\u0642\u062a\u064a\u0646.<\/li><\/ul><\/li><\/ol><\/li><\/ol><h3>\u0639\u0648\u0627\u0645\u0644 \u0627\u0644\u062c\u0627\u0630\u0628\u064a\u0629<\/h3><ol><li style=\"list-style-type: none;\"><ol><li>\u0627\u0644\u0628\u0646\u064a\u0629 \u0627\u0644\u062a\u062d\u062a\u064a\u0629 \u0648\u0625\u0645\u0643\u0627\u0646\u064a\u0629 \u0627\u0644\u0648\u0635\u0648\u0644:<ul><li>\u0645\u0631\u0627\u0643\u0634 \u062a\u062a\u0645\u062a\u0639 \u0628\u0628\u0646\u064a\u0629 \u062a\u062d\u062a\u064a\u0629 \u062d\u062f\u064a\u062b\u0629\u060c \u0645\u0639 \u0645\u0637\u0627\u0631 \u062f\u0648\u0644\u064a \u062c\u064a\u062f \u0627\u0644\u062e\u062f\u0645\u0629 \u0648\u0637\u0631\u0642 \u0641\u064a \u062d\u0627\u0644\u0629 \u062c\u064a\u062f\u0629\u060c \u0645\u0645\u0627 \u064a\u0633\u0647\u0644 \u0627\u0644\u0648\u0635\u0648\u0644 \u0625\u0644\u0649 \u0645\u062e\u062a\u0644\u0641 \u0645\u0646\u0627\u0637\u0642 \u0627\u0644\u0645\u062f\u064a\u0646\u0629 \u0648\u0645\u062d\u064a\u0637\u0647\u0627.<\/li><\/ul><\/li><li>\u0625\u0637\u0627\u0631 \u062d\u064a\u0627\u0629 \u0627\u0633\u062a\u062b\u0646\u0627\u0626\u064a:<ul><li>\u062c\u0648\u062f\u0629 \u0627\u0644\u062d\u064a\u0627\u0629 \u0641\u064a \u0645\u0631\u0627\u0643\u0634 \u0647\u064a \u0639\u0627\u0645\u0644 \u062c\u0630\u0628 \u0622\u062e\u0631.  \u0627\u0644\u0645\u0646\u0627\u062e \u0627\u0644\u0644\u0637\u064a\u0641\u060c \u0648\u0627\u0644\u063a\u0646\u0649 \u0627\u0644\u062b\u0642\u0627\u0641\u064a\u060c \u0648\u062a\u0646\u0648\u0639 \u0627\u0644\u0623\u0646\u0634\u0637\u0629 \u0627\u0644\u0645\u062a\u0627\u062d\u0629 \u062a\u062c\u0639\u0644 \u0645\u0646 \u0647\u0630\u0647 \u0627\u0644\u0645\u062f\u064a\u0646\u0629 \u0645\u0643\u0627\u0646 \u0625\u0642\u0627\u0645\u0629 \u0645\u0641\u0636\u0644\u0627\u064b \u0644\u0644\u0639\u062f\u064a\u062f \u0645\u0646 \u0627\u0644\u0645\u063a\u062a\u0631\u0628\u064a\u0646 \u0648\u0627\u0644\u0645\u062a\u0642\u0627\u0639\u062f\u064a\u0646.<\/li><\/ul><\/li><li>\u0645\u0634\u0627\u0631\u064a\u0639 \u062d\u0636\u0631\u064a\u0629 \u0645\u0628\u062a\u0643\u0631\u0629:<ul><li>\u0627\u0644\u0639\u062f\u064a\u062f \u0645\u0646 \u0627\u0644\u0645\u0634\u0627\u0631\u064a\u0639 \u0627\u0644\u062d\u0636\u0631\u064a\u0629 \u0648\u0627\u0644\u0633\u064a\u0627\u062d\u064a\u0629 \u062c\u0627\u0631\u064a\u0629 \u0623\u0648 \u0642\u064a\u062f \u0627\u0644\u062a\u0646\u0641\u064a\u0630\u060c \u0645\u062b\u0644 \u0627\u0644\u0645\u062c\u0645\u0639\u0627\u062a \u0627\u0644\u0641\u0646\u062f\u0642\u064a\u0629 \u0627\u0644\u0641\u0627\u062e\u0631\u0629\u060c \u0648\u0627\u0644\u0645\u0631\u0627\u0643\u0632 \u0627\u0644\u062a\u062c\u0627\u0631\u064a\u0629 \u0627\u0644\u062d\u062f\u064a\u062b\u0629\u060c \u0648\u0627\u0644\u0645\u0633\u0627\u062d\u0627\u062a \u0627\u0644\u062e\u0636\u0631\u0627\u0621 \u0627\u0644\u0639\u0627\u0645\u0629\u060c \u0627\u0644\u062a\u064a \u062a\u0648\u0627\u0635\u0644 \u062a\u062d\u0633\u064a\u0646 \u062c\u0627\u0630\u0628\u064a\u0629 \u0627\u0644\u0645\u062f\u064a\u0646\u0629.<\/li><\/ul><\/li><\/ol><\/li><\/ol><h3>\u0622\u0641\u0627\u0642 \u0627\u0644\u0645\u0633\u062a\u0642\u0628\u0644<\/h3><p>\u0633\u0646\u0629 2025 \u062a\u0628\u062f\u0648 \u0648\u0627\u0639\u062f\u0629 \u0644\u0633\u0648\u0642 \u0627\u0644\u0639\u0642\u0627\u0631\u0627\u062a \u0641\u064a \u0645\u0631\u0627\u0643\u0634.  \u062a\u0648\u0627\u0635\u0644 \u0627\u0644\u0645\u062f\u064a\u0646\u0629 \u062a\u062d\u0648\u0644\u0647\u0627\u060c \u0645\u0642\u062f\u0645\u0629\u064b \u0641\u0631\u0635 \u0627\u0633\u062a\u062b\u0645\u0627\u0631\u064a\u0629 \u062c\u062f\u064a\u062f\u0629 \u0641\u064a \u0642\u0637\u0627\u0639\u0627\u062a \u0645\u062a\u0646\u0648\u0639\u0629.<\/p><h3>\u062e\u0627\u062a\u0645\u0629<\/h3><p>\u0633\u0648\u0642 \u0627\u0644\u0639\u0642\u0627\u0631\u0627\u062a \u0641\u064a \u0645\u0631\u0627\u0643\u0634 \u0641\u064a \u0639\u0627\u0645 2025 \u064a\u0639\u0643\u0633 \u062f\u064a\u0646\u0627\u0645\u064a\u0643\u064a\u0629 \u0625\u064a\u062c\u0627\u0628\u064a\u0629\u060c \u0645\u0639 \u0646\u0645\u0648 \u0642\u0648\u064a \u0644\u0644\u0627\u0633\u062a\u062b\u0645\u0627\u0631\u0627\u062a \u0627\u0644\u0645\u0633\u062a\u062f\u0627\u0645\u0629.<\/p><p>\u0645\u0633\u062a\u0642\u0628\u0644 \u0627\u0644\u0645\u0645\u0644\u0643\u0629 \u0627\u0644\u0645\u063a\u0631\u0628\u064a\u0629 \u0633\u064a\u062a\u062c\u0644\u0649 \u0625\u0644\u0649 \u062d\u062f \u0643\u0628\u064a\u0631 \u0641\u064a \u0627\u0644\u062a\u0637\u0648\u0631 \u063a\u064a\u0631 \u0627\u0644\u0639\u0627\u062f\u064a \u0644\u0645\u0631\u0627\u0643\u0634.<\/p><p><strong>\u0628\u0631\u0646\u0627\u0645\u062c\u0646\u0627 \u0644\u0644\u062a\u0631\u0648\u064a\u062c \u0627\u0644\u0639\u0642\u0627\u0631\u064a \u0639\u0627\u0644\u064a \u0627\u0644\u0639\u0627\u0626\u062f \u064a\u062a\u0645\u0627\u0634\u0649 \u062a\u0645\u0627\u0645\u064b\u0627 \u0645\u0639 \u0647\u0630\u0647 \u0627\u0644\u0631\u0624\u064a\u0629.<\/strong><\/p>\t\t\t\t\t\t\t\t<\/div>\n\t\t\t\t<\/div>\n\t\t\t\t\t<\/div>\n\t\t<\/div>\n\t\t\t\t\t<\/div>\n\t\t<\/section>\n\t\t\t\t<section class=\"elementor-section elementor-top-section elementor-element elementor-element-607ad14 elementor-section-boxed elementor-section-height-default elementor-section-height-default\" data-id=\"607ad14\" data-element_type=\"section\">\n\t\t\t\t\t\t<div class=\"elementor-container elementor-column-gap-default\">\n\t\t\t\t\t<div class=\"elementor-column elementor-col-100 elementor-top-column elementor-element elementor-element-4d39ba4 ot-flex-column-vertical\" data-id=\"4d39ba4\" data-element_type=\"column\">\n\t\t\t<div class=\"elementor-widget-wrap\">\n\t\t\t\t\t\t\t<\/div>\n\t\t<\/div>\n\t\t\t\t\t<\/div>\n\t\t<\/section>\n\t\t\t\t<\/div>","protected":false},"excerpt":{"rendered":"<p>Notre fonds d\u2019investissement immobilier sp\u00e9cifique En 2025, le march\u00e9 immobilier de Marrakech continue de se d\u00e9velopper \u00e0 un rythme impressionnant, attirant des investisseurs locaux et internationaux. Cette ville embl\u00e9matique, au carrefour de la tradition et de la modernit\u00e9, se distingue par une dynamique immobili\u00e8re qui refl\u00e8te son attractivit\u00e9 croissante et son potentiel d\u2019investissement. Un march\u00e9 [&hellip;]<\/p>","protected":false},"author":1,"featured_media":0,"parent":2713,"menu_order":0,"comment_status":"closed","ping_status":"closed","template":"","meta":{"footnotes":""},"class_list":["post-2725","page","type-page","status-publish","hentry"],"_links":{"self":[{"href":"https:\/\/stolagon.lesitesweb.ch\/ar\/wp-json\/wp\/v2\/pages\/2725","targetHints":{"allow":["GET"]}}],"collection":[{"href":"https:\/\/stolagon.lesitesweb.ch\/ar\/wp-json\/wp\/v2\/pages"}],"about":[{"href":"https:\/\/stolagon.lesitesweb.ch\/ar\/wp-json\/wp\/v2\/types\/page"}],"author":[{"embeddable":true,"href":"https:\/\/stolagon.lesitesweb.ch\/ar\/wp-json\/wp\/v2\/users\/1"}],"replies":[{"embeddable":true,"href":"https:\/\/stolagon.lesitesweb.ch\/ar\/wp-json\/wp\/v2\/comments?post=2725"}],"version-history":[{"count":16,"href":"https:\/\/stolagon.lesitesweb.ch\/ar\/wp-json\/wp\/v2\/pages\/2725\/revisions"}],"predecessor-version":[{"id":2964,"href":"https:\/\/stolagon.lesitesweb.ch\/ar\/wp-json\/wp\/v2\/pages\/2725\/revisions\/2964"}],"up":[{"embeddable":true,"href":"https:\/\/stolagon.lesitesweb.ch\/ar\/wp-json\/wp\/v2\/pages\/2713"}],"wp:attachment":[{"href":"https:\/\/stolagon.lesitesweb.ch\/ar\/wp-json\/wp\/v2\/media?parent=2725"}],"curies":[{"name":"wp","href":"https:\/\/api.w.org\/{rel}","templated":true}]}}