{"id":2727,"date":"2025-02-26T23:34:28","date_gmt":"2025-02-26T22:34:28","guid":{"rendered":"https:\/\/stolagon.lesitesweb.ch\/?page_id=2727"},"modified":"2025-03-07T09:12:50","modified_gmt":"2025-03-07T08:12:50","slug":"conseils-juridiques","status":"publish","type":"page","link":"https:\/\/stolagon.lesitesweb.ch\/ar\/nos-prestations\/conseils-juridiques\/","title":{"rendered":"\u0646\u0635\u0627\u0626\u062d \u0642\u0627\u0646\u0648\u0646\u064a\u0629"},"content":{"rendered":"<div data-elementor-type=\"wp-page\" data-elementor-id=\"2727\" class=\"elementor elementor-2727\">\n\t\t\t\t\t\t<section class=\"elementor-section elementor-top-section elementor-element elementor-element-317e6d4 elementor-reverse-tablet elementor-reverse-mobile elementor-section-boxed elementor-section-height-default elementor-section-height-default\" data-id=\"317e6d4\" data-element_type=\"section\">\n\t\t\t\t\t\t<div class=\"elementor-container elementor-column-gap-extended\">\n\t\t\t\t\t<div class=\"elementor-column elementor-col-100 elementor-top-column elementor-element elementor-element-efbeefb ot-flex-column-vertical\" data-id=\"efbeefb\" data-element_type=\"column\">\n\t\t\t<div class=\"elementor-widget-wrap elementor-element-populated\">\n\t\t\t\t\t\t<div class=\"elementor-element elementor-element-f82bab9 elementor-widget elementor-widget-image\" data-id=\"f82bab9\" data-element_type=\"widget\" data-widget_type=\"image.default\">\n\t\t\t\t<div class=\"elementor-widget-container\">\n\t\t\t\t\t\t\t\t\t\t\t\t\t\t\t<img fetchpriority=\"high\" decoding=\"async\" width=\"1300\" height=\"741\" src=\"https:\/\/stolagon.lesitesweb.ch\/wp-content\/uploads\/2025\/02\/Stolagon-service-conseil-juridique.jpeg\" class=\"attachment-full size-full wp-image-2839\" alt=\"\" srcset=\"https:\/\/stolagon.lesitesweb.ch\/wp-content\/uploads\/2025\/02\/Stolagon-service-conseil-juridique.jpeg 1300w, https:\/\/stolagon.lesitesweb.ch\/wp-content\/uploads\/2025\/02\/Stolagon-service-conseil-juridique-300x171.jpeg 300w, https:\/\/stolagon.lesitesweb.ch\/wp-content\/uploads\/2025\/02\/Stolagon-service-conseil-juridique-1024x584.jpeg 1024w, https:\/\/stolagon.lesitesweb.ch\/wp-content\/uploads\/2025\/02\/Stolagon-service-conseil-juridique-768x438.jpeg 768w\" sizes=\"(max-width: 1300px) 100vw, 1300px\" \/>\t\t\t\t\t\t\t\t\t\t\t\t\t\t\t<\/div>\n\t\t\t\t<\/div>\n\t\t\t\t<div class=\"elementor-element elementor-element-79da8ef elementor-widget elementor-widget-heading\" data-id=\"79da8ef\" data-element_type=\"widget\" data-widget_type=\"heading.default\">\n\t\t\t\t<div class=\"elementor-widget-container\">\n\t\t\t\t\t<h2 class=\"elementor-heading-title elementor-size-default\">\u0646\u0635\u0627\u0626\u062d \u0642\u0627\u0646\u0648\u0646\u064a\u0629<\/h2>\t\t\t\t<\/div>\n\t\t\t\t<\/div>\n\t\t\t\t<div class=\"elementor-element elementor-element-4e42612 elementor-widget elementor-widget-text-editor\" data-id=\"4e42612\" data-element_type=\"widget\" data-widget_type=\"text-editor.default\">\n\t\t\t\t<div class=\"elementor-widget-container\">\n\t\t\t\t\t\t\t\t\t<p data-pm-slice=\"1 1 [&quot;list&quot;,{&quot;spread&quot;:false,&quot;start&quot;:519,&quot;end&quot;:1957},&quot;regular_list_item&quot;,{&quot;start&quot;:1224,&quot;end&quot;:1957}]\">\u0645\u0631\u0627\u0641\u0642\u0629 \u0642\u0627\u0646\u0648\u0646\u064a\u0629 \u0634\u0627\u0645\u0644\u0629 \u0644\u062a\u0623\u0645\u064a\u0646 \u0627\u0644\u0639\u0645\u0644\u064a\u0627\u062a \u0627\u0644\u062a\u062c\u0627\u0631\u064a\u0629 \u0648\u0627\u0644\u0645\u0627\u0644\u064a\u0629.  \u062a\u0634\u0645\u0644 \u062e\u062f\u0645\u0627\u062a\u0646\u0627:<\/p><ul><li>\u0627\u0644\u0642\u0627\u0646\u0648\u0646 \u0627\u0644\u062a\u0639\u0627\u0642\u062f\u064a<\/li><li>\u062a\u062c\u0631\u0628\u0629 \u062f\u0648\u0644\u064a\u0629<\/li><li>\u0648\u0633\u0627\u0637\u0629 \u0645\u062a\u0639\u062f\u062f\u0629 \u0627\u0644\u0644\u063a\u0627\u062a<\/li><li>\u062a\u0641\u0627\u0648\u0636<\/li><li>\u0627\u0644\u0648\u0642\u0627\u064a\u0629 \u0648\u062d\u0644 \u0627\u0644\u0646\u0632\u0627\u0639\u0627\u062a \u0627\u0644\u062a\u0639\u0627\u0642\u062f\u064a\u0629<\/li><li>\u0627\u0644\u0642\u0627\u0646\u0648\u0646 \u0627\u0644\u062a\u062c\u0627\u0631\u064a<\/li><li>\u0627\u0644\u062a\u0645\u062b\u064a\u0644 \u0648\u0627\u0644\u0645\u0633\u0627\u0639\u062f\u0629 \u0627\u0644\u0642\u0627\u0646\u0648\u0646\u064a\u0629<\/li><li>\u0635\u064a\u0627\u063a\u0629 \u0627\u0644\u0648\u062b\u0627\u0626\u0642 \u0627\u0644\u0642\u0627\u0646\u0648\u0646\u064a\u0629<\/li><li>\u0627\u0644\u062d\u0645\u0627\u064a\u0629 \u0627\u0644\u0642\u0627\u0646\u0648\u0646\u064a\u0629<\/li><li>\u0642\u0627\u0646\u0648\u0646 \u0627\u0644\u0623\u0639\u0645\u0627\u0644<\/li><li>\u0627\u0644\u0642\u0627\u0646\u0648\u0646 \u0627\u0644\u062a\u062c\u0627\u0631\u064a \u0627\u0644\u062f\u0648\u0644\u064a<\/li><li>\u0623\u0641\u0639\u0627\u0644 \u0627\u0639\u062a\u0631\u0627\u0641 \u0628\u0627\u0644\u062f\u064a\u0648\u0646\u060c \u0625\u062c\u0631\u0627\u0621\u0627\u062a \u062f\u0648\u0644\u064a\u0629<\/li><li>\u0625\u062c\u0631\u0627\u0621 \u0625\u0644\u063a\u0627\u0621 \u0627\u0644\u0625\u0641\u0644\u0627\u0633<\/li><li>\u0625\u062c\u0631\u0627\u0621 \u0644\u0625\u0644\u063a\u0627\u0621 \u0648\u0625\u0633\u0642\u0627\u0637 \u0627\u0644\u0645\u0644\u0627\u062d\u0642\u0627\u062a<\/li><li>\u062d\u0642\u0648\u0642 \u0628\u0631\u0627\u0621\u0627\u062a \u0627\u0644\u0627\u062e\u062a\u0631\u0627\u0639<\/li><li>\u062d\u0645\u0627\u064a\u0629 \u0627\u0644\u0628\u064a\u0627\u0646\u0627\u062a<\/li><li>\u0627\u0644\u062a\u0633\u0648\u064a\u0627\u062a \u0627\u0644\u0648\u062f\u064a\u0629<\/li><li>\u0625\u0639\u0627\u062f\u0629 \u0647\u064a\u0643\u0644\u0629 \u0627\u0644\u0634\u0631\u0643\u0627\u062a<\/li><\/ul>\t\t\t\t\t\t\t\t<\/div>\n\t\t\t\t<\/div>\n\t\t\t\t\t<\/div>\n\t\t<\/div>\n\t\t\t\t\t<\/div>\n\t\t<\/section>\n\t\t\t\t<\/div>","protected":false},"excerpt":{"rendered":"<p>Conseils juridiques Accompagnement juridique complet pour s\u00e9curiser les op\u00e9rations commerciales et financi\u00e8res. Nos services incluent : Droit contractuel Exp\u00e9rience internationale M\u00e9diation multilingue N\u00e9gociation Pr\u00e9vention et r\u00e9solution de litiges contractuels Droit commercial Repr\u00e9sentation et assistance en justice R\u00e9daction d\u2019actes juridiques Protection juridique Droit des affaires Droit commercial international Actes en reconnaissance de dettes, proc\u00e9dures internationales Action [&hellip;]<\/p>","protected":false},"author":1,"featured_media":0,"parent":2713,"menu_order":0,"comment_status":"closed","ping_status":"closed","template":"","meta":{"footnotes":""},"class_list":["post-2727","page","type-page","status-publish","hentry"],"_links":{"self":[{"href":"https:\/\/stolagon.lesitesweb.ch\/ar\/wp-json\/wp\/v2\/pages\/2727","targetHints":{"allow":["GET"]}}],"collection":[{"href":"https:\/\/stolagon.lesitesweb.ch\/ar\/wp-json\/wp\/v2\/pages"}],"about":[{"href":"https:\/\/stolagon.lesitesweb.ch\/ar\/wp-json\/wp\/v2\/types\/page"}],"author":[{"embeddable":true,"href":"https:\/\/stolagon.lesitesweb.ch\/ar\/wp-json\/wp\/v2\/users\/1"}],"replies":[{"embeddable":true,"href":"https:\/\/stolagon.lesitesweb.ch\/ar\/wp-json\/wp\/v2\/comments?post=2727"}],"version-history":[{"count":25,"href":"https:\/\/stolagon.lesitesweb.ch\/ar\/wp-json\/wp\/v2\/pages\/2727\/revisions"}],"predecessor-version":[{"id":2957,"href":"https:\/\/stolagon.lesitesweb.ch\/ar\/wp-json\/wp\/v2\/pages\/2727\/revisions\/2957"}],"up":[{"embeddable":true,"href":"https:\/\/stolagon.lesitesweb.ch\/ar\/wp-json\/wp\/v2\/pages\/2713"}],"wp:attachment":[{"href":"https:\/\/stolagon.lesitesweb.ch\/ar\/wp-json\/wp\/v2\/media?parent=2727"}],"curies":[{"name":"wp","href":"https:\/\/api.w.org\/{rel}","templated":true}]}}