{"id":2729,"date":"2025-02-26T23:33:44","date_gmt":"2025-02-26T22:33:44","guid":{"rendered":"https:\/\/stolagon.lesitesweb.ch\/?page_id=2729"},"modified":"2025-02-27T19:29:16","modified_gmt":"2025-02-27T18:29:16","slug":"administration-creation-de-societes","status":"publish","type":"page","link":"https:\/\/stolagon.lesitesweb.ch\/ar\/nos-prestations\/administration-creation-de-societes\/","title":{"rendered":"\u0625\u062f\u0627\u0631\u0629 \u0648\u0625\u0646\u0634\u0627\u0621 \u0627\u0644\u0634\u0631\u0643\u0627\u062a"},"content":{"rendered":"<div data-elementor-type=\"wp-page\" data-elementor-id=\"2729\" class=\"elementor elementor-2729\">\n\t\t\t\t\t\t<section class=\"elementor-section elementor-top-section elementor-element elementor-element-317e6d4 elementor-reverse-tablet elementor-reverse-mobile elementor-section-boxed elementor-section-height-default elementor-section-height-default\" data-id=\"317e6d4\" data-element_type=\"section\">\n\t\t\t\t\t\t<div class=\"elementor-container elementor-column-gap-extended\">\n\t\t\t\t\t<div class=\"elementor-column elementor-col-100 elementor-top-column elementor-element elementor-element-efbeefb ot-flex-column-vertical\" data-id=\"efbeefb\" data-element_type=\"column\">\n\t\t\t<div class=\"elementor-widget-wrap elementor-element-populated\">\n\t\t\t\t\t\t<div class=\"elementor-element elementor-element-f82bab9 elementor-widget elementor-widget-image\" data-id=\"f82bab9\" data-element_type=\"widget\" data-widget_type=\"image.default\">\n\t\t\t\t<div class=\"elementor-widget-container\">\n\t\t\t\t\t\t\t\t\t\t\t\t\t\t\t<img fetchpriority=\"high\" decoding=\"async\" width=\"700\" height=\"400\" src=\"https:\/\/stolagon.lesitesweb.ch\/wp-content\/uploads\/2025\/02\/Stolagon-Administration-de-societes-.jpeg\" class=\"attachment-full size-full wp-image-2844\" alt=\"\" srcset=\"https:\/\/stolagon.lesitesweb.ch\/wp-content\/uploads\/2025\/02\/Stolagon-Administration-de-societes-.jpeg 700w, https:\/\/stolagon.lesitesweb.ch\/wp-content\/uploads\/2025\/02\/Stolagon-Administration-de-societes--300x171.jpeg 300w\" sizes=\"(max-width: 700px) 100vw, 700px\" \/>\t\t\t\t\t\t\t\t\t\t\t\t\t\t\t<\/div>\n\t\t\t\t<\/div>\n\t\t\t\t<div class=\"elementor-element elementor-element-d516166 elementor-widget elementor-widget-heading\" data-id=\"d516166\" data-element_type=\"widget\" data-widget_type=\"heading.default\">\n\t\t\t\t<div class=\"elementor-widget-container\">\n\t\t\t\t\t<h2 class=\"elementor-heading-title elementor-size-default\">Administration &amp; cr\u00e9ation de soci\u00e9t\u00e9s<\/h2>\t\t\t\t<\/div>\n\t\t\t\t<\/div>\n\t\t\t\t<div class=\"elementor-element elementor-element-611317c elementor-widget elementor-widget-text-editor\" data-id=\"611317c\" data-element_type=\"widget\" data-widget_type=\"text-editor.default\">\n\t\t\t\t<div class=\"elementor-widget-container\">\n\t\t\t\t\t\t\t\t\t<p>\u062a\u0642\u062f\u0645 \u0634\u0631\u0643\u0629 \u0633\u062a\u0648\u0644\u0627\u063a\u0648\u0646 \u0643\u0627\u0628\u064a\u062a\u0627\u0644 \u0648\u0634\u0631\u0643\u0627\u0624\u0647\u0627 \u062e\u062f\u0645\u0627\u062a \u0634\u0627\u0645\u0644\u0629 \u0644\u0625\u0646\u0634\u0627\u0621 \u0627\u0644\u0634\u0631\u0643\u0627\u062a\u060c \u0627\u0644\u0625\u062f\u0627\u0631\u0629\u060c \u0625\u062f\u0627\u0631\u0629 \u0627\u0644\u0631\u0648\u0627\u062a\u0628\u060c \u0627\u0644\u0645\u062d\u0627\u0633\u0628\u0629 \u0648\u0627\u0644\u0636\u0631\u0627\u0626\u0628 \u0641\u064a \u0633\u0648\u064a\u0633\u0631\u0627\u060c \u0644\u0648\u0643\u0633\u0645\u0628\u0648\u0631\u063a\u060c \u0627\u0644\u0628\u0631\u062a\u063a\u0627\u0644\u060c \u0627\u0644\u0645\u0645\u0644\u0643\u0629 \u0627\u0644\u0645\u062a\u062d\u062f\u0629\u060c \u0633\u0646\u063a\u0627\u0641\u0648\u0631\u0629 \u0648\u0627\u0644\u0641\u0644\u0628\u064a\u0646\u060c \u0628\u0627\u0644\u0625\u0636\u0627\u0641\u0629 \u0625\u0644\u0649 \u062e\u062f\u0645\u0627\u062a \u062a\u0635\u0627\u0631\u064a\u062d \u0627\u0644\u0639\u0645\u0644 \u0648\u0627\u0644\u0625\u0642\u0627\u0645\u0629\u060c \u062a\u0633\u062c\u064a\u0644 \u0627\u0644\u0634\u0631\u0643\u0627\u062a\u060c \u0627\u0644\u062a\u0645\u062b\u064a\u0644 \u0627\u0644\u0636\u0631\u064a\u0628\u064a \u0644\u0636\u0631\u064a\u0628\u0629 \u0627\u0644\u0642\u064a\u0645\u0629 \u0627\u0644\u0645\u0636\u0627\u0641\u0629\u060c \u0648\u0627\u0633\u062a\u0634\u0627\u0631\u0627\u062a \u0627\u0644\u0623\u0639\u0645\u0627\u0644.<\/p>\t\t\t\t\t\t\t\t<\/div>\n\t\t\t\t<\/div>\n\t\t\t\t<section class=\"elementor-section elementor-inner-section elementor-element elementor-element-9a4f025 elementor-section-full_width elementor-section-height-default elementor-section-height-default\" data-id=\"9a4f025\" data-element_type=\"section\">\n\t\t\t\t\t\t<div class=\"elementor-container elementor-column-gap-extended\">\n\t\t\t\t\t<div class=\"elementor-column elementor-col-50 elementor-inner-column elementor-element elementor-element-35a9e19 ot-flex-column-vertical\" data-id=\"35a9e19\" data-element_type=\"column\">\n\t\t\t<div class=\"elementor-widget-wrap elementor-element-populated\">\n\t\t\t\t\t\t<div class=\"elementor-element elementor-element-aebefa1 elementor-widget elementor-widget-iimage_box\" data-id=\"aebefa1\" data-element_type=\"widget\" data-widget_type=\"iimage_box.default\">\n\t\t\t\t<div class=\"elementor-widget-container\">\n\t\t\t\t\t\r\n\t\t<div class=\"ot-image-box\">\r\n\t\t\t\t\t\t<div class=\"content-box\">\r\n\t\t\t\t<h3 class=\"title-box\">\u0625\u0646\u0634\u0627\u0621 \u0648\u062a\u0623\u0633\u064a\u0633 \u0627\u0644\u0634\u0631\u0643\u0627\u062a <\/h3>\t\t\t\t<p>\u062a\u0642\u062f\u0645 \u0634\u0631\u0643\u0629 \u0633\u062a\u0648\u0644\u0627\u063a\u0648\u0646 \u0643\u0627\u0628\u064a\u062a\u0627\u0644 \u062e\u062f\u0645\u0627\u062a\u0647\u0627 \u0644\u0625\u0646\u0634\u0627\u0621 \u0648\u062a\u0623\u0633\u064a\u0633 \u0627\u0644\u0634\u0631\u0643\u0627\u062a \u0648\u0641\u0642\u064b\u0627 \u0644\u0644\u0648\u0644\u0627\u064a\u0629 \u0627\u0644\u0642\u0636\u0627\u0626\u064a\u0629 \u0627\u0644\u062a\u064a \u0633\u062a\u0643\u0648\u0646 \u062f\u0627\u0626\u0645\u064b\u0627 \u0627\u0644\u0623\u0643\u062b\u0631 \u0645\u0644\u0627\u0621\u0645\u0629.  \u0645\u0639 \u0634\u0631\u0643\u0627\u0626\u0646\u0627\u060c \u0646\u0631\u0627\u0641\u0642\u0643\u0645 \u0641\u064a \u0645\u0633\u064a\u0631\u062a\u0643\u0645 \u0627\u0644\u0631\u064a\u0627\u062f\u064a\u0629\u060c \u0645\u0639 \u0636\u0645\u0627\u0646 \u0627\u0644\u0627\u0645\u062a\u062b\u0627\u0644 \u0644\u062c\u0645\u064a\u0639 \u0627\u0644\u0645\u062a\u0637\u0644\u0628\u0627\u062a \u0627\u0644\u0642\u0627\u0646\u0648\u0646\u064a\u0629 \u0648\u0627\u0644\u0636\u0631\u064a\u0628\u064a\u0629.<\/p>\t\t\t<\/div>\r\n\t\t\t\t    <\/div>\r\n\r\n\t    \t\t\t\t<\/div>\n\t\t\t\t<\/div>\n\t\t\t\t\t<\/div>\n\t\t<\/div>\n\t\t\t\t<div class=\"elementor-column elementor-col-50 elementor-inner-column elementor-element elementor-element-04ace53 ot-flex-column-vertical\" data-id=\"04ace53\" data-element_type=\"column\">\n\t\t\t<div class=\"elementor-widget-wrap elementor-element-populated\">\n\t\t\t\t\t\t<div class=\"elementor-element elementor-element-7c1dde6 elementor-widget elementor-widget-iimage_box\" data-id=\"7c1dde6\" data-element_type=\"widget\" data-widget_type=\"iimage_box.default\">\n\t\t\t\t<div class=\"elementor-widget-container\">\n\t\t\t\t\t\r\n\t\t<div class=\"ot-image-box\">\r\n\t\t\t\t\t\t<div class=\"content-box\">\r\n\t\t\t\t<h5 class=\"title-box\">\u062e\u062f\u0645\u0627\u062a \u0625\u062f\u0627\u0631\u0629 \u0627\u0644\u0634\u0631\u0643\u0627\u062a<\/h5>\t\t\t\t<p>\u062a\u0644\u0639\u0628 \u0627\u0644\u062e\u062f\u0645\u0627\u062a \u0627\u0644\u0625\u062f\u0627\u0631\u064a\u0629 \u062f\u0648\u0631\u064b\u0627 \u0623\u0633\u0627\u0633\u064a\u064b\u0627 \u0641\u064a \u0627\u0644\u062a\u0646\u0645\u064a\u0629 \u0627\u0644\u0645\u0633\u062a\u0642\u0631\u0629 \u0644\u0644\u062a\u064a\u0627\u0631\u0627\u062a \u0627\u0644\u062a\u062c\u0627\u0631\u064a\u0629.  \u0647\u0645 \u0636\u0631\u0648\u0631\u064a\u0648\u0646 \u0644\u0636\u0645\u0627\u0646 \u0627\u0645\u062a\u062b\u0627\u0644 \u0627\u0644\u0634\u0631\u0643\u0627\u062a \u0645\u0639 \u062a\u0633\u0647\u064a\u0644 \u0639\u0645\u0644\u064a\u0627\u062a\u0647\u0627.  \u064a\u0634\u0645\u0644 \u0630\u0644\u0643 \u0625\u062f\u0627\u0631\u0629 \u0627\u0644\u0645\u062d\u0627\u0633\u0628\u0629\u060c \u0636\u0631\u064a\u0628\u0629 \u0627\u0644\u0642\u064a\u0645\u0629 \u0627\u0644\u0645\u0636\u0627\u0641\u0629\u060c \u0627\u0644\u0631\u0648\u0627\u062a\u0628\u060c \u062a\u0635\u0627\u0631\u064a\u062d \u0627\u0644\u0639\u0645\u0644 \u0641\u064a \u0623\u0648\u0631\u0648\u0628\u0627 \u0639\u0646\u062f \u0627\u0644\u0636\u0631\u0648\u0631\u0629\u060c \u0628\u0627\u0644\u0625\u0636\u0627\u0641\u0629 \u0625\u0644\u0649 \u0627\u0644\u0631\u062f\u0648\u062f \u0627\u0644\u0645\u062a\u0639\u0644\u0642\u0629 \u0628\u0627\u0644\u0623\u0633\u0626\u0644\u0629 \u0627\u0644\u0636\u0631\u064a\u0628\u064a\u0629\u060c \u0645\u0645\u0627 \u064a\u0636\u0645\u0646 \u0625\u062f\u0627\u0631\u0629 \u0641\u0639\u0627\u0644\u0629 \u0644\u0644\u0634\u0631\u0643\u0627\u062a \u0641\u064a \u0627\u0644\u0628\u0644\u062f\u0627\u0646 \u0627\u0644\u0645\u0639\u0646\u064a\u0629.<\/p>\t\t\t<\/div>\r\n\t\t\t\t    <\/div>\r\n\r\n\t    \t\t\t\t<\/div>\n\t\t\t\t<\/div>\n\t\t\t\t\t<\/div>\n\t\t<\/div>\n\t\t\t\t\t<\/div>\n\t\t<\/section>\n\t\t\t\t<section class=\"elementor-section elementor-inner-section elementor-element elementor-element-66ea1d2 elementor-section-full_width elementor-section-height-default elementor-section-height-default\" data-id=\"66ea1d2\" data-element_type=\"section\">\n\t\t\t\t\t\t<div class=\"elementor-container elementor-column-gap-extended\">\n\t\t\t\t\t<div class=\"elementor-column elementor-col-50 elementor-inner-column elementor-element elementor-element-3d1613c ot-flex-column-vertical\" data-id=\"3d1613c\" data-element_type=\"column\">\n\t\t\t<div class=\"elementor-widget-wrap elementor-element-populated\">\n\t\t\t\t\t\t<div class=\"elementor-element elementor-element-782c8e3 elementor-widget elementor-widget-iimage_box\" data-id=\"782c8e3\" data-element_type=\"widget\" data-widget_type=\"iimage_box.default\">\n\t\t\t\t<div class=\"elementor-widget-container\">\n\t\t\t\t\t\r\n\t\t<div class=\"ot-image-box\">\r\n\t\t\t\t\t\t<div class=\"content-box\">\r\n\t\t\t\t<h3 class=\"title-box\">\u062a\u0641\u0648\u064a\u0636 \u0627\u0644\u0645\u062f\u064a\u0631 \u0648\u0627\u0644\u0645\u062f\u064a\u0631 \u0627\u0644\u062a\u0646\u0641\u064a\u0630\u064a<\/h3>\t\t\t\t<p>\u062a\u0642\u062f\u0645 \u0634\u0631\u0643\u0629 \u0633\u062a\u0648\u0644\u0627\u063a\u0648\u0646 \u0643\u0627\u0628\u064a\u062a\u0627\u0644 \u0648\u0634\u0631\u0643\u0627\u0624\u0647\u0627 \u062e\u062f\u0645\u0627\u062a \u0625\u062f\u0627\u0631\u0629 \u0627\u0644\u0634\u0631\u0643\u0627\u062a\u060c \u0645\u0645\u0627 \u064a\u0648\u0641\u0631 \u062d\u0644\u0648\u0644\u0627\u064b \u0634\u0627\u0645\u0644\u0629 \u0644\u0644\u0634\u0631\u0643\u0627\u062a \u0641\u064a \u0627\u0644\u0628\u0644\u062f\u0627\u0646 \u0627\u0644\u0645\u0639\u0646\u064a\u0629.  \u064a\u0636\u0645\u0646 \u0627\u0644\u0645\u062a\u0639\u0627\u0648\u0646\u0648\u0646 \u0648\u0627\u0644\u0634\u0631\u0643\u0627\u0621 \u0630\u0648\u0648 \u0627\u0644\u062e\u0628\u0631\u0629 \u062a\u0642\u062f\u064a\u0645 \u062f\u0639\u0645 \u0645\u0647\u0646\u064a \u0641\u064a \u0625\u0637\u0627\u0631 \u062d\u0648\u0643\u0645\u0629 \u0627\u0644\u0634\u0631\u0643\u0627\u062a.<\/p>\t\t\t<\/div>\r\n\t\t\t\t    <\/div>\r\n\r\n\t    \t\t\t\t<\/div>\n\t\t\t\t<\/div>\n\t\t\t\t\t<\/div>\n\t\t<\/div>\n\t\t\t\t<div class=\"elementor-column elementor-col-50 elementor-inner-column elementor-element elementor-element-3d73bf6 ot-flex-column-vertical\" data-id=\"3d73bf6\" data-element_type=\"column\">\n\t\t\t<div class=\"elementor-widget-wrap elementor-element-populated\">\n\t\t\t\t\t\t<div class=\"elementor-element elementor-element-8d9f939 elementor-widget elementor-widget-iimage_box\" data-id=\"8d9f939\" data-element_type=\"widget\" data-widget_type=\"iimage_box.default\">\n\t\t\t\t<div class=\"elementor-widget-container\">\n\t\t\t\t\t\r\n\t\t<div class=\"ot-image-box\">\r\n\t\t\t\t\t\t<div class=\"content-box\">\r\n\t\t\t\t<h5 class=\"title-box\">\u0625\u0646\u0634\u0627\u0621 \u0648\u0625\u062f\u0627\u0631\u0629 \u0627\u0644\u0645\u0624\u0633\u0633\u0627\u062a \u0627\u0644\u062e\u0627\u0635\u0629<\/h5>\t\t\t\t<p>\u0645\u0639\u064b\u0627 \u0646\u062a\u0639\u0627\u0645\u0644 \u0645\u0639 \u062a\u0623\u0633\u064a\u0633 \u0648\u0625\u062f\u0627\u0631\u0629 \u0627\u0644\u0645\u0624\u0633\u0633\u0627\u062a \u0627\u0644\u062e\u0627\u0635\u0629.\n\u0646\u062d\u0646 \u0646\u0648\u062c\u0647\u0643\u0645 \u0644\u0636\u0645\u0627\u0646 \u0627\u0644\u0627\u0645\u062a\u062b\u0627\u0644 \u0627\u0644\u0642\u0627\u0646\u0648\u0646\u064a \u0648\u0644\u062a\u0639\u0638\u064a\u0645 \u0627\u0644\u0641\u0648\u0627\u0626\u062f \u0627\u0644\u0636\u0631\u064a\u0628\u064a\u0629 \u0627\u0644\u062a\u064a \u064a\u0645\u0643\u0646\u0643\u0645 \u0627\u0644\u0627\u0633\u062a\u0641\u0627\u062f\u0629 \u0645\u0646\u0647\u0627.  \u0644\u0646\u0646\u0634\u0626 \u0648\u0646\u062a\u0648\u0644\u0649 \u0625\u062f\u0627\u0631\u0629 \u0645\u0624\u0633\u0633\u062a\u0643\u0645 \u0644\u062a\u062d\u0642\u064a\u0642 \u062a\u0623\u062b\u064a\u0631 \u0645\u0627\u0644\u064a \u0645\u062b\u0627\u0644\u064a.<\/p>\t\t\t<\/div>\r\n\t\t\t\t    <\/div>\r\n\r\n\t    \t\t\t\t<\/div>\n\t\t\t\t<\/div>\n\t\t\t\t\t<\/div>\n\t\t<\/div>\n\t\t\t\t\t<\/div>\n\t\t<\/section>\n\t\t\t\t<section class=\"elementor-section elementor-inner-section elementor-element elementor-element-3750771 elementor-section-full_width elementor-section-height-default elementor-section-height-default\" data-id=\"3750771\" data-element_type=\"section\">\n\t\t\t\t\t\t<div class=\"elementor-container elementor-column-gap-extended\">\n\t\t\t\t\t<div class=\"elementor-column elementor-col-100 elementor-inner-column elementor-element elementor-element-325ea45 ot-flex-column-vertical\" data-id=\"325ea45\" data-element_type=\"column\">\n\t\t\t<div class=\"elementor-widget-wrap elementor-element-populated\">\n\t\t\t\t\t\t<div class=\"elementor-element elementor-element-965b7d2 elementor-widget elementor-widget-iimage_box\" data-id=\"965b7d2\" data-element_type=\"widget\" data-widget_type=\"iimage_box.default\">\n\t\t\t\t<div class=\"elementor-widget-container\">\n\t\t\t\t\t\r\n\t\t<div class=\"ot-image-box\">\r\n\t\t\t\t\t\t<div class=\"content-box\">\r\n\t\t\t\t<h3 class=\"title-box\">\u062a\u0623\u0633\u064a\u0633 \u0634\u0631\u0643\u0629 <\/h3>\t\t\t\t<p>\u0627\u0644\u062a\u0633\u062c\u064a\u0644 \u0627\u0644\u0642\u0627\u0646\u0648\u0646\u064a \u0647\u0648 \u062e\u062f\u0645\u0629 \u062a\u0642\u062f\u0645 \u0627\u0644\u0639\u062f\u064a\u062f \u0645\u0646 \u0627\u0644\u0645\u0632\u0627\u064a\u0627 \u0644\u0644\u0634\u0631\u0643\u0627\u062a \u0627\u0644\u062a\u064a \u062a\u0631\u063a\u0628 \u0641\u064a \u0627\u0644\u062a\u0623\u0633\u064a\u0633 \u0648\u0628\u062f\u0621 \u0646\u0634\u0627\u0637\u0647\u0627 \u0627\u0644\u062c\u062f\u064a\u062f.\n\u0628\u0627\u062e\u062a\u064a\u0627\u0631\u0643\u0645 \u0627\u0644\u062a\u0648\u0637\u064a\u0646\u060c \u062a\u0633\u062a\u0641\u064a\u062f\u0648\u0646 \u0645\u0646 \u0648\u062c\u0648\u062f \u0645\u062d\u0644\u064a\u060c \u0645\u0645\u0627 \u064a\u062b\u0628\u062a \u0646\u0634\u0627\u0637\u0643\u0645 \u0644\u062f\u0649 \u0627\u0644\u0639\u0645\u0644\u0627\u0621 \u0648\u0627\u0644\u0634\u0631\u0643\u0627\u0621 \u0627\u0644\u062a\u062c\u0627\u0631\u064a\u064a\u0646.  \u062a\u0634\u0645\u0644 \u062e\u062f\u0645\u0627\u062a\u0646\u0627 \u0644\u0644\u062a\u0633\u062c\u064a\u0644 \u0627\u0633\u062a\u0644\u0627\u0645 \u0648\u0625\u062f\u0627\u0631\u0629 \u0627\u0644\u0628\u0631\u064a\u062f\u060c \u0648\u062a\u0648\u0641\u064a\u0631 \u063a\u0631\u0641 \u0627\u062c\u062a\u0645\u0627\u0639\u0627\u062a \u0639\u0646\u062f \u0627\u0644\u062d\u0627\u062c\u0629\u060c \u0628\u0627\u0644\u0625\u0636\u0627\u0641\u0629 \u0625\u0644\u0649 \u0627\u0644\u0639\u062f\u064a\u062f \u0645\u0646 \u0627\u0644\u062d\u0644\u0648\u0644 \u0627\u0644\u0643\u0627\u0645\u0644\u0629 \u0644\u062a\u0644\u0628\u064a\u0629 \u0627\u062d\u062a\u064a\u0627\u062c\u0627\u062a\u0643\u0645 \u0627\u0644\u0645\u0647\u0646\u064a\u0629.<\/p>\t\t\t<\/div>\r\n\t\t\t\t    <\/div>\r\n\r\n\t    \t\t\t\t<\/div>\n\t\t\t\t<\/div>\n\t\t\t\t\t<\/div>\n\t\t<\/div>\n\t\t\t\t\t<\/div>\n\t\t<\/section>\n\t\t\t\t\t<\/div>\n\t\t<\/div>\n\t\t\t\t\t<\/div>\n\t\t<\/section>\n\t\t\t\t<section class=\"elementor-section elementor-top-section elementor-element elementor-element-607ad14 elementor-section-boxed elementor-section-height-default elementor-section-height-default\" data-id=\"607ad14\" data-element_type=\"section\">\n\t\t\t\t\t\t<div class=\"elementor-container elementor-column-gap-default\">\n\t\t\t\t\t<div class=\"elementor-column elementor-col-100 elementor-top-column elementor-element elementor-element-4d39ba4 ot-flex-column-vertical\" data-id=\"4d39ba4\" data-element_type=\"column\">\n\t\t\t<div class=\"elementor-widget-wrap\">\n\t\t\t\t\t\t\t<\/div>\n\t\t<\/div>\n\t\t\t\t\t<\/div>\n\t\t<\/section>\n\t\t\t\t<\/div>","protected":false},"excerpt":{"rendered":"<p>Administration &amp; cr\u00e9ation de soci\u00e9t\u00e9s Stolagon Capital et ses partenaires offrent des services complets de cr\u00e9ation d\u2019entreprises, administration, gestion des salaires, comptabilit\u00e9 et fiscalit\u00e9 en Suisse, au Luxembourg, au Portugal, au Royaume-Uni, \u00e0 Singapour et aux Philippines ainsi que les services de permis de travail et de r\u00e9sidence, domiciliation d\u2019entreprise, repr\u00e9sentation fiscale pour la TVA, [&hellip;]<\/p>","protected":false},"author":1,"featured_media":0,"parent":2713,"menu_order":0,"comment_status":"closed","ping_status":"closed","template":"","meta":{"footnotes":""},"class_list":["post-2729","page","type-page","status-publish","hentry"],"_links":{"self":[{"href":"https:\/\/stolagon.lesitesweb.ch\/ar\/wp-json\/wp\/v2\/pages\/2729","targetHints":{"allow":["GET"]}}],"collection":[{"href":"https:\/\/stolagon.lesitesweb.ch\/ar\/wp-json\/wp\/v2\/pages"}],"about":[{"href":"https:\/\/stolagon.lesitesweb.ch\/ar\/wp-json\/wp\/v2\/types\/page"}],"author":[{"embeddable":true,"href":"https:\/\/stolagon.lesitesweb.ch\/ar\/wp-json\/wp\/v2\/users\/1"}],"replies":[{"embeddable":true,"href":"https:\/\/stolagon.lesitesweb.ch\/ar\/wp-json\/wp\/v2\/comments?post=2729"}],"version-history":[{"count":16,"href":"https:\/\/stolagon.lesitesweb.ch\/ar\/wp-json\/wp\/v2\/pages\/2729\/revisions"}],"predecessor-version":[{"id":2943,"href":"https:\/\/stolagon.lesitesweb.ch\/ar\/wp-json\/wp\/v2\/pages\/2729\/revisions\/2943"}],"up":[{"embeddable":true,"href":"https:\/\/stolagon.lesitesweb.ch\/ar\/wp-json\/wp\/v2\/pages\/2713"}],"wp:attachment":[{"href":"https:\/\/stolagon.lesitesweb.ch\/ar\/wp-json\/wp\/v2\/media?parent=2729"}],"curies":[{"name":"wp","href":"https:\/\/api.w.org\/{rel}","templated":true}]}}