{"id":2731,"date":"2025-02-26T23:33:54","date_gmt":"2025-02-26T22:33:54","guid":{"rendered":"https:\/\/stolagon.lesitesweb.ch\/?page_id=2731"},"modified":"2025-03-07T09:15:55","modified_gmt":"2025-03-07T08:15:55","slug":"services-de-facilitation","status":"publish","type":"page","link":"https:\/\/stolagon.lesitesweb.ch\/ar\/nos-prestations\/services-de-facilitation\/","title":{"rendered":"\u062e\u062f\u0645\u0627\u062a \u0627\u0644\u062a\u064a\u0633\u064a\u0631"},"content":{"rendered":"<div data-elementor-type=\"wp-page\" data-elementor-id=\"2731\" class=\"elementor elementor-2731\">\n\t\t\t\t\t\t<section class=\"elementor-section elementor-top-section elementor-element elementor-element-317e6d4 elementor-reverse-tablet elementor-reverse-mobile elementor-section-boxed elementor-section-height-default elementor-section-height-default\" data-id=\"317e6d4\" data-element_type=\"section\">\n\t\t\t\t\t\t<div class=\"elementor-container elementor-column-gap-extended\">\n\t\t\t\t\t<div class=\"elementor-column elementor-col-100 elementor-top-column elementor-element elementor-element-efbeefb ot-flex-column-vertical\" data-id=\"efbeefb\" data-element_type=\"column\">\n\t\t\t<div class=\"elementor-widget-wrap elementor-element-populated\">\n\t\t\t\t\t\t<div class=\"elementor-element elementor-element-f82bab9 elementor-widget elementor-widget-image\" data-id=\"f82bab9\" data-element_type=\"widget\" data-widget_type=\"image.default\">\n\t\t\t\t<div class=\"elementor-widget-container\">\n\t\t\t\t\t\t\t\t\t\t\t\t\t\t\t<img fetchpriority=\"high\" decoding=\"async\" width=\"870\" height=\"576\" src=\"https:\/\/stolagon.lesitesweb.ch\/wp-content\/uploads\/2020\/09\/service-box1.jpg\" class=\"attachment-full size-full wp-image-902\" alt=\"\" srcset=\"https:\/\/stolagon.lesitesweb.ch\/wp-content\/uploads\/2020\/09\/service-box1.jpg 870w, https:\/\/stolagon.lesitesweb.ch\/wp-content\/uploads\/2020\/09\/service-box1-300x199.jpg 300w, https:\/\/stolagon.lesitesweb.ch\/wp-content\/uploads\/2020\/09\/service-box1-768x508.jpg 768w\" sizes=\"(max-width: 870px) 100vw, 870px\" \/>\t\t\t\t\t\t\t\t\t\t\t\t\t\t\t<\/div>\n\t\t\t\t<\/div>\n\t\t\t\t<div class=\"elementor-element elementor-element-d516166 elementor-widget elementor-widget-heading\" data-id=\"d516166\" data-element_type=\"widget\" data-widget_type=\"heading.default\">\n\t\t\t\t<div class=\"elementor-widget-container\">\n\t\t\t\t\t<h2 class=\"elementor-heading-title elementor-size-default\">\u062e\u062f\u0645\u0627\u062a \u0627\u0644\u062a\u064a\u0633\u064a\u0631\n<\/h2>\t\t\t\t<\/div>\n\t\t\t\t<\/div>\n\t\t\t\t<div class=\"elementor-element elementor-element-08d1990 elementor-widget elementor-widget-text-editor\" data-id=\"08d1990\" data-element_type=\"widget\" data-widget_type=\"text-editor.default\">\n\t\t\t\t<div class=\"elementor-widget-container\">\n\t\t\t\t\t\t\t\t\t<p data-pm-slice=\"1 1 [&quot;list&quot;,{&quot;spread&quot;:false,&quot;start&quot;:520,&quot;end&quot;:2209},&quot;regular_list_item&quot;,{&quot;start&quot;:1843,&quot;end&quot;:2209}]\">\u0645\u0633\u0627\u0639\u062f\u0629 \u0645\u062e\u0635\u0635\u0629 \u0644\u062a\u0628\u0633\u064a\u0637 \u0627\u0644\u0625\u062c\u0631\u0627\u0621\u0627\u062a \u0627\u0644\u0625\u062f\u0627\u0631\u064a\u0629 \u0648\u062f\u0645\u062c \u0627\u0644\u0623\u0641\u0631\u0627\u062f \u0648\u0627\u0644\u0634\u0631\u0643\u0627\u062a\u060c \u0628\u0645\u0627 \u0641\u064a \u0630\u0644\u0643:<\/p><ul><li>\u062e\u062f\u0645\u0629 \u0627\u0644\u062a\u064a\u0633\u064a\u0631<\/li><li>\u0637\u0644\u0628 \u0648\u062a\u0646\u0638\u064a\u0645 \u062a\u0635\u0627\u0631\u064a\u062d \u0627\u0644\u0625\u0642\u0627\u0645\u0629<\/li><li>\u0627\u0644\u0645\u0648\u0627\u0637\u0646\u0629<\/li><li>\u062a\u0635\u0631\u064a\u062d \u0627\u0644\u0625\u0642\u0627\u0645\u0629 \u0637\u0648\u064a\u0644\u0629 \u0627\u0644\u0623\u0645\u062f<\/li><li>\u0646\u0642\u0644 \u0639\u0627\u0626\u0644\u0627\u062a<\/li><li>\u0627\u0644\u0639\u0642\u0627\u0631\u0627\u062a \u0627\u0644\u0645\u0628\u0633\u0637\u0629<\/li><li>\u0645\u0633\u0627\u0639\u062f\u0629 \u0641\u064a \u0627\u0644\u0627\u0646\u062f\u0645\u0627\u062c<\/li><li>\u0642\u0627\u0646\u0648\u0646 \u0627\u0644\u0623\u0633\u0631\u0629<\/li><\/ul>\t\t\t\t\t\t\t\t<\/div>\n\t\t\t\t<\/div>\n\t\t\t\t\t<\/div>\n\t\t<\/div>\n\t\t\t\t\t<\/div>\n\t\t<\/section>\n\t\t\t\t<section class=\"elementor-section elementor-top-section elementor-element elementor-element-607ad14 elementor-section-boxed elementor-section-height-default elementor-section-height-default\" data-id=\"607ad14\" data-element_type=\"section\">\n\t\t\t\t\t\t<div class=\"elementor-container elementor-column-gap-default\">\n\t\t\t\t\t<div class=\"elementor-column elementor-col-100 elementor-top-column elementor-element elementor-element-4d39ba4 ot-flex-column-vertical\" data-id=\"4d39ba4\" data-element_type=\"column\">\n\t\t\t<div class=\"elementor-widget-wrap\">\n\t\t\t\t\t\t\t<\/div>\n\t\t<\/div>\n\t\t\t\t\t<\/div>\n\t\t<\/section>\n\t\t\t\t<\/div>","protected":false},"excerpt":{"rendered":"<p>Services de facilitation Assistance personnalis\u00e9e pour simplifier les d\u00e9marches administratives et l&rsquo;int\u00e9gration des particuliers et entreprises, incluant: Service de facilitation Demande et organisation de permis de s\u00e9jour Citizenship Permis de r\u00e9sidence longue dur\u00e9e D\u00e9m\u00e9nagements de familles Immobilier facilit\u00e9 Aide \u00e0 l\u2019int\u00e9gration Droit des familles<\/p>","protected":false},"author":1,"featured_media":0,"parent":2713,"menu_order":0,"comment_status":"closed","ping_status":"closed","template":"","meta":{"footnotes":""},"class_list":["post-2731","page","type-page","status-publish","hentry"],"_links":{"self":[{"href":"https:\/\/stolagon.lesitesweb.ch\/ar\/wp-json\/wp\/v2\/pages\/2731","targetHints":{"allow":["GET"]}}],"collection":[{"href":"https:\/\/stolagon.lesitesweb.ch\/ar\/wp-json\/wp\/v2\/pages"}],"about":[{"href":"https:\/\/stolagon.lesitesweb.ch\/ar\/wp-json\/wp\/v2\/types\/page"}],"author":[{"embeddable":true,"href":"https:\/\/stolagon.lesitesweb.ch\/ar\/wp-json\/wp\/v2\/users\/1"}],"replies":[{"embeddable":true,"href":"https:\/\/stolagon.lesitesweb.ch\/ar\/wp-json\/wp\/v2\/comments?post=2731"}],"version-history":[{"count":13,"href":"https:\/\/stolagon.lesitesweb.ch\/ar\/wp-json\/wp\/v2\/pages\/2731\/revisions"}],"predecessor-version":[{"id":2961,"href":"https:\/\/stolagon.lesitesweb.ch\/ar\/wp-json\/wp\/v2\/pages\/2731\/revisions\/2961"}],"up":[{"embeddable":true,"href":"https:\/\/stolagon.lesitesweb.ch\/ar\/wp-json\/wp\/v2\/pages\/2713"}],"wp:attachment":[{"href":"https:\/\/stolagon.lesitesweb.ch\/ar\/wp-json\/wp\/v2\/media?parent=2731"}],"curies":[{"name":"wp","href":"https:\/\/api.w.org\/{rel}","templated":true}]}}