{"id":2715,"date":"2025-02-26T23:24:41","date_gmt":"2025-02-26T22:24:41","guid":{"rendered":"https:\/\/stolagon.lesitesweb.ch\/?page_id=2715"},"modified":"2025-02-27T19:22:31","modified_gmt":"2025-02-27T18:22:31","slug":"gestion-dactifs","status":"publish","type":"page","link":"https:\/\/stolagon.lesitesweb.ch\/en\/nos-prestations\/gestion-dactifs\/","title":{"rendered":"Asset management"},"content":{"rendered":"<div data-elementor-type=\"wp-page\" data-elementor-id=\"2715\" class=\"elementor elementor-2715\">\n\t\t\t\t\t\t<section class=\"elementor-section elementor-top-section elementor-element elementor-element-317e6d4 elementor-section-boxed elementor-section-height-default elementor-section-height-default\" data-id=\"317e6d4\" data-element_type=\"section\">\n\t\t\t\t\t\t<div class=\"elementor-container elementor-column-gap-extended\">\n\t\t\t\t\t<div class=\"elementor-column elementor-col-100 elementor-top-column elementor-element elementor-element-efbeefb ot-flex-column-vertical\" data-id=\"efbeefb\" data-element_type=\"column\">\n\t\t\t<div class=\"elementor-widget-wrap elementor-element-populated\">\n\t\t\t\t\t\t<div class=\"elementor-element elementor-element-f82bab9 elementor-widget elementor-widget-image\" data-id=\"f82bab9\" data-element_type=\"widget\" data-widget_type=\"image.default\">\n\t\t\t\t<div class=\"elementor-widget-container\">\n\t\t\t\t\t\t\t\t\t\t\t\t\t\t\t<img fetchpriority=\"high\" decoding=\"async\" width=\"1200\" height=\"800\" src=\"https:\/\/stolagon.lesitesweb.ch\/wp-content\/uploads\/2025\/02\/Stolagon-gestion-dactif.jpeg\" class=\"attachment-full size-full wp-image-2765\" alt=\"\" srcset=\"https:\/\/stolagon.lesitesweb.ch\/wp-content\/uploads\/2025\/02\/Stolagon-gestion-dactif.jpeg 1200w, https:\/\/stolagon.lesitesweb.ch\/wp-content\/uploads\/2025\/02\/Stolagon-gestion-dactif-300x200.jpeg 300w, https:\/\/stolagon.lesitesweb.ch\/wp-content\/uploads\/2025\/02\/Stolagon-gestion-dactif-1024x683.jpeg 1024w, https:\/\/stolagon.lesitesweb.ch\/wp-content\/uploads\/2025\/02\/Stolagon-gestion-dactif-768x512.jpeg 768w, https:\/\/stolagon.lesitesweb.ch\/wp-content\/uploads\/2025\/02\/Stolagon-gestion-dactif-600x400.jpeg 600w\" sizes=\"(max-width: 1200px) 100vw, 1200px\" \/>\t\t\t\t\t\t\t\t\t\t\t\t\t\t\t<\/div>\n\t\t\t\t<\/div>\n\t\t\t\t<div class=\"elementor-element elementor-element-d516166 elementor-widget elementor-widget-heading\" data-id=\"d516166\" data-element_type=\"widget\" data-widget_type=\"heading.default\">\n\t\t\t\t<div class=\"elementor-widget-container\">\n\t\t\t\t\t<h2 class=\"elementor-heading-title elementor-size-default\">Wealth management, asset management<\/h2>\t\t\t\t<\/div>\n\t\t\t\t<\/div>\n\t\t\t\t<div class=\"elementor-element elementor-element-0a3f3b9 elementor-widget elementor-widget-text-editor\" data-id=\"0a3f3b9\" data-element_type=\"widget\" data-widget_type=\"text-editor.default\">\n\t\t\t\t<div class=\"elementor-widget-container\">\n\t\t\t\t\t\t\t\t\t<p>As a growth financial company, we align our strategy with your short- or long-term vision in your investment choices.<\/p><h3>Wealth management and asset portfolio advisory<\/h3><p>As a private financial institution, we are committed to living our traditional values every day: independence, vision, realism of opportunities, performance.<br \/>With us, your assets are in good hands.<\/p><p>Entrust the management of your assets to our specialists.  We analyze your objectives together.<br \/>We are creating a strategy together that is tailored to your needs.<\/p><p>You develop your risk profile and investment strategy with your dedicated account manager.<\/p><p>You delegate the selection and management of investments to us.<\/p><p>You receive a report at your chosen frequency, benefiting from always transparent discussions with your account manager.<\/p><h3>Discretionary management<\/h3><p>The investment mandates you entrust to us are executed according to your needs by our team of specialists.  Beyond traditional asset management, you can opt for investment funds based on our expert analyses in different asset classes and regions.  Whatever your goals, we act quickly while taking your interests into account.<\/p><h3>As unique as your investment strategy<br \/>Expertise at your service<\/h3><p>You benefit from our leverage, our extensive expertise, and our open vision of the current world; we cover all asset classes and all geographies.  We invest in global markets and major benchmark currencies.<\/p><h3>Flexibility meets sustainability<\/h3><p>\"Flex\" mandates are also suitable for clients who seek very regular interaction with our managers.<\/p><p>As part of our sustainable investments, we are proud to offer a range of funds that invest according to strict ESG principles.<\/p>\t\t\t\t\t\t\t\t<\/div>\n\t\t\t\t<\/div>\n\t\t\t\t\t<\/div>\n\t\t<\/div>\n\t\t\t\t\t<\/div>\n\t\t<\/section>\n\t\t\t\t<section class=\"elementor-section elementor-top-section elementor-element elementor-element-607ad14 elementor-section-boxed elementor-section-height-default elementor-section-height-default\" data-id=\"607ad14\" data-element_type=\"section\">\n\t\t\t\t\t\t<div class=\"elementor-container elementor-column-gap-default\">\n\t\t\t\t\t<div class=\"elementor-column elementor-col-100 elementor-top-column elementor-element elementor-element-4d39ba4 ot-flex-column-vertical\" data-id=\"4d39ba4\" data-element_type=\"column\">\n\t\t\t<div class=\"elementor-widget-wrap\">\n\t\t\t\t\t\t\t<\/div>\n\t\t<\/div>\n\t\t\t\t\t<\/div>\n\t\t<\/section>\n\t\t\t\t<\/div>","protected":false},"excerpt":{"rendered":"<p>Gestion de fortune, gestion d\u2019actifs En tant qu\u2019entreprise financi\u00e8re de croissance, nous adoptons notre strat\u00e9gie \u00e0 votre vision \u00e0 court ou long terme dans vos choix d\u2019investissements Gestion de fortune et conseil en portefeuille d\u2019actifs En tant qu\u2019\u00e9tablissement financier priv\u00e9 nous sommes attach\u00e9s \u00e0 vivre chaque jour nos valeurs traditionnelles : ind\u00e9pendance, vision r\u00e9alisme des [&hellip;]<\/p>","protected":false},"author":1,"featured_media":0,"parent":2713,"menu_order":0,"comment_status":"closed","ping_status":"closed","template":"","meta":{"footnotes":""},"class_list":["post-2715","page","type-page","status-publish","hentry"],"_links":{"self":[{"href":"https:\/\/stolagon.lesitesweb.ch\/en\/wp-json\/wp\/v2\/pages\/2715","targetHints":{"allow":["GET"]}}],"collection":[{"href":"https:\/\/stolagon.lesitesweb.ch\/en\/wp-json\/wp\/v2\/pages"}],"about":[{"href":"https:\/\/stolagon.lesitesweb.ch\/en\/wp-json\/wp\/v2\/types\/page"}],"author":[{"embeddable":true,"href":"https:\/\/stolagon.lesitesweb.ch\/en\/wp-json\/wp\/v2\/users\/1"}],"replies":[{"embeddable":true,"href":"https:\/\/stolagon.lesitesweb.ch\/en\/wp-json\/wp\/v2\/comments?post=2715"}],"version-history":[{"count":26,"href":"https:\/\/stolagon.lesitesweb.ch\/en\/wp-json\/wp\/v2\/pages\/2715\/revisions"}],"predecessor-version":[{"id":2954,"href":"https:\/\/stolagon.lesitesweb.ch\/en\/wp-json\/wp\/v2\/pages\/2715\/revisions\/2954"}],"up":[{"embeddable":true,"href":"https:\/\/stolagon.lesitesweb.ch\/en\/wp-json\/wp\/v2\/pages\/2713"}],"wp:attachment":[{"href":"https:\/\/stolagon.lesitesweb.ch\/en\/wp-json\/wp\/v2\/media?parent=2715"}],"curies":[{"name":"wp","href":"https:\/\/api.w.org\/{rel}","templated":true}]}}