{"id":2718,"date":"2025-02-26T23:26:23","date_gmt":"2025-02-26T22:26:23","guid":{"rendered":"https:\/\/stolagon.lesitesweb.ch\/?page_id=2718"},"modified":"2025-02-27T19:38:33","modified_gmt":"2025-02-27T18:38:33","slug":"fonds-dinvestissement","status":"publish","type":"page","link":"https:\/\/stolagon.lesitesweb.ch\/en\/nos-prestations\/fonds-dinvestissement\/","title":{"rendered":"Our investment funds"},"content":{"rendered":"<div data-elementor-type=\"wp-page\" data-elementor-id=\"2718\" class=\"elementor elementor-2718\">\n\t\t\t\t\t\t<section class=\"elementor-section elementor-top-section elementor-element elementor-element-317e6d4 elementor-reverse-tablet elementor-reverse-mobile elementor-section-boxed elementor-section-height-default elementor-section-height-default\" data-id=\"317e6d4\" data-element_type=\"section\">\n\t\t\t\t\t\t<div class=\"elementor-container elementor-column-gap-extended\">\n\t\t\t\t\t<div class=\"elementor-column elementor-col-100 elementor-top-column elementor-element elementor-element-efbeefb ot-flex-column-vertical\" data-id=\"efbeefb\" data-element_type=\"column\">\n\t\t\t<div class=\"elementor-widget-wrap elementor-element-populated\">\n\t\t\t\t\t\t<div class=\"elementor-element elementor-element-f82bab9 elementor-widget elementor-widget-image\" data-id=\"f82bab9\" data-element_type=\"widget\" data-widget_type=\"image.default\">\n\t\t\t\t<div class=\"elementor-widget-container\">\n\t\t\t\t\t\t\t\t\t\t\t\t\t\t\t<img fetchpriority=\"high\" decoding=\"async\" width=\"1900\" height=\"1069\" src=\"https:\/\/stolagon.lesitesweb.ch\/wp-content\/uploads\/2025\/02\/Stolagon-fonds-dinvestissement.jpeg\" class=\"attachment-full size-full wp-image-2793\" alt=\"\" srcset=\"https:\/\/stolagon.lesitesweb.ch\/wp-content\/uploads\/2025\/02\/Stolagon-fonds-dinvestissement.jpeg 1900w, https:\/\/stolagon.lesitesweb.ch\/wp-content\/uploads\/2025\/02\/Stolagon-fonds-dinvestissement-300x169.jpeg 300w, https:\/\/stolagon.lesitesweb.ch\/wp-content\/uploads\/2025\/02\/Stolagon-fonds-dinvestissement-1024x576.jpeg 1024w, https:\/\/stolagon.lesitesweb.ch\/wp-content\/uploads\/2025\/02\/Stolagon-fonds-dinvestissement-768x432.jpeg 768w, https:\/\/stolagon.lesitesweb.ch\/wp-content\/uploads\/2025\/02\/Stolagon-fonds-dinvestissement-1536x864.jpeg 1536w\" sizes=\"(max-width: 1900px) 100vw, 1900px\" \/>\t\t\t\t\t\t\t\t\t\t\t\t\t\t\t<\/div>\n\t\t\t\t<\/div>\n\t\t\t\t<div class=\"elementor-element elementor-element-d516166 elementor-widget elementor-widget-heading\" data-id=\"d516166\" data-element_type=\"widget\" data-widget_type=\"heading.default\">\n\t\t\t\t<div class=\"elementor-widget-container\">\n\t\t\t\t\t<h2 class=\"elementor-heading-title elementor-size-default\">Our investment funds<\/h2>\t\t\t\t<\/div>\n\t\t\t\t<\/div>\n\t\t\t\t<div class=\"elementor-element elementor-element-611317c elementor-widget elementor-widget-text-editor\" data-id=\"611317c\" data-element_type=\"widget\" data-widget_type=\"text-editor.default\">\n\t\t\t\t<div class=\"elementor-widget-container\">\n\t\t\t\t\t\t\t\t\t<p>Our fund managers analyze the fundamental data of the markets, delve into the strategic core of companies when needed, actively participate in analyst conferences, which allows them to select the best stocks and opportunities for our investment funds.<br \/>Meet our account managers, share your goals and needs with us.<br \/>Meet our account managers, share your goals and needs with us.<\/p>\t\t\t\t\t\t\t\t<\/div>\n\t\t\t\t<\/div>\n\t\t\t\t\t<\/div>\n\t\t<\/div>\n\t\t\t\t\t<\/div>\n\t\t<\/section>\n\t\t\t\t<section class=\"elementor-section elementor-top-section elementor-element elementor-element-607ad14 elementor-section-boxed elementor-section-height-default elementor-section-height-default\" data-id=\"607ad14\" data-element_type=\"section\">\n\t\t\t\t\t\t<div class=\"elementor-container elementor-column-gap-default\">\n\t\t\t\t\t<div class=\"elementor-column elementor-col-100 elementor-top-column elementor-element elementor-element-4d39ba4 ot-flex-column-vertical\" data-id=\"4d39ba4\" data-element_type=\"column\">\n\t\t\t<div class=\"elementor-widget-wrap\">\n\t\t\t\t\t\t\t<\/div>\n\t\t<\/div>\n\t\t\t\t\t<\/div>\n\t\t<\/section>\n\t\t\t\t<\/div>","protected":false},"excerpt":{"rendered":"<p>Nos fonds d\u2019investissement Nos g\u00e9rants de fonds analysent les donn\u00e9es fondamentales des march\u00e9s, se rendent au c\u0153ur strat\u00e9gique des entreprises quand de besoin, participent activement aux conf\u00e9rences destin\u00e9es aux analystes, ce qui leur permet de s\u00e9lectionner les meilleures actions et les opportunit\u00e9s pour nos fonds de placement.Rencontrez nos charg\u00e9s d\u2019affaires, partagez avec nous vos objectifs [&hellip;]<\/p>","protected":false},"author":1,"featured_media":0,"parent":2713,"menu_order":0,"comment_status":"closed","ping_status":"closed","template":"","meta":{"footnotes":""},"class_list":["post-2718","page","type-page","status-publish","hentry"],"_links":{"self":[{"href":"https:\/\/stolagon.lesitesweb.ch\/en\/wp-json\/wp\/v2\/pages\/2718","targetHints":{"allow":["GET"]}}],"collection":[{"href":"https:\/\/stolagon.lesitesweb.ch\/en\/wp-json\/wp\/v2\/pages"}],"about":[{"href":"https:\/\/stolagon.lesitesweb.ch\/en\/wp-json\/wp\/v2\/types\/page"}],"author":[{"embeddable":true,"href":"https:\/\/stolagon.lesitesweb.ch\/en\/wp-json\/wp\/v2\/users\/1"}],"replies":[{"embeddable":true,"href":"https:\/\/stolagon.lesitesweb.ch\/en\/wp-json\/wp\/v2\/comments?post=2718"}],"version-history":[{"count":19,"href":"https:\/\/stolagon.lesitesweb.ch\/en\/wp-json\/wp\/v2\/pages\/2718\/revisions"}],"predecessor-version":[{"id":2949,"href":"https:\/\/stolagon.lesitesweb.ch\/en\/wp-json\/wp\/v2\/pages\/2718\/revisions\/2949"}],"up":[{"embeddable":true,"href":"https:\/\/stolagon.lesitesweb.ch\/en\/wp-json\/wp\/v2\/pages\/2713"}],"wp:attachment":[{"href":"https:\/\/stolagon.lesitesweb.ch\/en\/wp-json\/wp\/v2\/media?parent=2718"}],"curies":[{"name":"wp","href":"https:\/\/api.w.org\/{rel}","templated":true}]}}