{"id":2729,"date":"2025-02-26T23:33:44","date_gmt":"2025-02-26T22:33:44","guid":{"rendered":"https:\/\/stolagon.lesitesweb.ch\/?page_id=2729"},"modified":"2025-02-27T19:29:16","modified_gmt":"2025-02-27T18:29:16","slug":"administration-creation-de-societes","status":"publish","type":"page","link":"https:\/\/stolagon.lesitesweb.ch\/en\/nos-prestations\/administration-creation-de-societes\/","title":{"rendered":"Administration &amp; company formation"},"content":{"rendered":"<div data-elementor-type=\"wp-page\" data-elementor-id=\"2729\" class=\"elementor elementor-2729\">\n\t\t\t\t\t\t<section class=\"elementor-section elementor-top-section elementor-element elementor-element-317e6d4 elementor-reverse-tablet elementor-reverse-mobile elementor-section-boxed elementor-section-height-default elementor-section-height-default\" data-id=\"317e6d4\" data-element_type=\"section\">\n\t\t\t\t\t\t<div class=\"elementor-container elementor-column-gap-extended\">\n\t\t\t\t\t<div class=\"elementor-column elementor-col-100 elementor-top-column elementor-element elementor-element-efbeefb ot-flex-column-vertical\" data-id=\"efbeefb\" data-element_type=\"column\">\n\t\t\t<div class=\"elementor-widget-wrap elementor-element-populated\">\n\t\t\t\t\t\t<div class=\"elementor-element elementor-element-f82bab9 elementor-widget elementor-widget-image\" data-id=\"f82bab9\" data-element_type=\"widget\" data-widget_type=\"image.default\">\n\t\t\t\t<div class=\"elementor-widget-container\">\n\t\t\t\t\t\t\t\t\t\t\t\t\t\t\t<img fetchpriority=\"high\" decoding=\"async\" width=\"700\" height=\"400\" src=\"https:\/\/stolagon.lesitesweb.ch\/wp-content\/uploads\/2025\/02\/Stolagon-Administration-de-societes-.jpeg\" class=\"attachment-full size-full wp-image-2844\" alt=\"\" srcset=\"https:\/\/stolagon.lesitesweb.ch\/wp-content\/uploads\/2025\/02\/Stolagon-Administration-de-societes-.jpeg 700w, https:\/\/stolagon.lesitesweb.ch\/wp-content\/uploads\/2025\/02\/Stolagon-Administration-de-societes--300x171.jpeg 300w\" sizes=\"(max-width: 700px) 100vw, 700px\" \/>\t\t\t\t\t\t\t\t\t\t\t\t\t\t\t<\/div>\n\t\t\t\t<\/div>\n\t\t\t\t<div class=\"elementor-element elementor-element-d516166 elementor-widget elementor-widget-heading\" data-id=\"d516166\" data-element_type=\"widget\" data-widget_type=\"heading.default\">\n\t\t\t\t<div class=\"elementor-widget-container\">\n\t\t\t\t\t<h2 class=\"elementor-heading-title elementor-size-default\">Administration &amp; cr\u00e9ation de soci\u00e9t\u00e9s<\/h2>\t\t\t\t<\/div>\n\t\t\t\t<\/div>\n\t\t\t\t<div class=\"elementor-element elementor-element-611317c elementor-widget elementor-widget-text-editor\" data-id=\"611317c\" data-element_type=\"widget\" data-widget_type=\"text-editor.default\">\n\t\t\t\t<div class=\"elementor-widget-container\">\n\t\t\t\t\t\t\t\t\t<p>Stolagon Capital and its partners offer comprehensive services for business creation, administration, payroll management, accounting, and taxation in Switzerland, Luxembourg, Portugal, the United Kingdom, Singapore, and the Philippines, as well as work and residence permit services, company domiciliation, VAT tax representation, and business consulting.<\/p>\t\t\t\t\t\t\t\t<\/div>\n\t\t\t\t<\/div>\n\t\t\t\t<section class=\"elementor-section elementor-inner-section elementor-element elementor-element-9a4f025 elementor-section-full_width elementor-section-height-default elementor-section-height-default\" data-id=\"9a4f025\" data-element_type=\"section\">\n\t\t\t\t\t\t<div class=\"elementor-container elementor-column-gap-extended\">\n\t\t\t\t\t<div class=\"elementor-column elementor-col-50 elementor-inner-column elementor-element elementor-element-35a9e19 ot-flex-column-vertical\" data-id=\"35a9e19\" data-element_type=\"column\">\n\t\t\t<div class=\"elementor-widget-wrap elementor-element-populated\">\n\t\t\t\t\t\t<div class=\"elementor-element elementor-element-aebefa1 elementor-widget elementor-widget-iimage_box\" data-id=\"aebefa1\" data-element_type=\"widget\" data-widget_type=\"iimage_box.default\">\n\t\t\t\t<div class=\"elementor-widget-container\">\n\t\t\t\t\t\r\n\t\t<div class=\"ot-image-box\">\r\n\t\t\t\t\t\t<div class=\"content-box\">\r\n\t\t\t\t<h3 class=\"title-box\">Creation and establishment of companies <\/h3>\t\t\t\t<p>Stolagon Capital offers its services for the creation and establishment of businesses according to the jurisdiction that will always be the most favorable.  With our collaborators, we accompany you on your entrepreneurial journey, ensuring that all legal and tax requirements are met.<\/p>\t\t\t<\/div>\r\n\t\t\t\t    <\/div>\r\n\r\n\t    \t\t\t\t<\/div>\n\t\t\t\t<\/div>\n\t\t\t\t\t<\/div>\n\t\t<\/div>\n\t\t\t\t<div class=\"elementor-column elementor-col-50 elementor-inner-column elementor-element elementor-element-04ace53 ot-flex-column-vertical\" data-id=\"04ace53\" data-element_type=\"column\">\n\t\t\t<div class=\"elementor-widget-wrap elementor-element-populated\">\n\t\t\t\t\t\t<div class=\"elementor-element elementor-element-7c1dde6 elementor-widget elementor-widget-iimage_box\" data-id=\"7c1dde6\" data-element_type=\"widget\" data-widget_type=\"iimage_box.default\">\n\t\t\t\t<div class=\"elementor-widget-container\">\n\t\t\t\t\t\r\n\t\t<div class=\"ot-image-box\">\r\n\t\t\t\t\t\t<div class=\"content-box\">\r\n\t\t\t\t<h5 class=\"title-box\">Corporate administration services<\/h5>\t\t\t\t<p>Administrative services play an essential role in the stable development of business flows.  They are necessary to ensure business compliance while facilitating their operations.  This includes the management of accounting, VAT, salaries, work permits in Europe when necessary, as well as responses related to tax issues, thereby ensuring efficient management of companies in the concerned countries.<\/p>\t\t\t<\/div>\r\n\t\t\t\t    <\/div>\r\n\r\n\t    \t\t\t\t<\/div>\n\t\t\t\t<\/div>\n\t\t\t\t\t<\/div>\n\t\t<\/div>\n\t\t\t\t\t<\/div>\n\t\t<\/section>\n\t\t\t\t<section class=\"elementor-section elementor-inner-section elementor-element elementor-element-66ea1d2 elementor-section-full_width elementor-section-height-default elementor-section-height-default\" data-id=\"66ea1d2\" data-element_type=\"section\">\n\t\t\t\t\t\t<div class=\"elementor-container elementor-column-gap-extended\">\n\t\t\t\t\t<div class=\"elementor-column elementor-col-50 elementor-inner-column elementor-element elementor-element-3d1613c ot-flex-column-vertical\" data-id=\"3d1613c\" data-element_type=\"column\">\n\t\t\t<div class=\"elementor-widget-wrap elementor-element-populated\">\n\t\t\t\t\t\t<div class=\"elementor-element elementor-element-782c8e3 elementor-widget elementor-widget-iimage_box\" data-id=\"782c8e3\" data-element_type=\"widget\" data-widget_type=\"iimage_box.default\">\n\t\t\t\t<div class=\"elementor-widget-container\">\n\t\t\t\t\t\r\n\t\t<div class=\"ot-image-box\">\r\n\t\t\t\t\t\t<div class=\"content-box\">\r\n\t\t\t\t<h3 class=\"title-box\">Mandate of director and manager<\/h3>\t\t\t\t<p>Stolagon Capital and its partners offer corporate administration services, providing comprehensive solutions for businesses in the relevant countries.  The experienced collaborators and partners ensure professional support within the framework of corporate governance.<\/p>\t\t\t<\/div>\r\n\t\t\t\t    <\/div>\r\n\r\n\t    \t\t\t\t<\/div>\n\t\t\t\t<\/div>\n\t\t\t\t\t<\/div>\n\t\t<\/div>\n\t\t\t\t<div class=\"elementor-column elementor-col-50 elementor-inner-column elementor-element elementor-element-3d73bf6 ot-flex-column-vertical\" data-id=\"3d73bf6\" data-element_type=\"column\">\n\t\t\t<div class=\"elementor-widget-wrap elementor-element-populated\">\n\t\t\t\t\t\t<div class=\"elementor-element elementor-element-8d9f939 elementor-widget elementor-widget-iimage_box\" data-id=\"8d9f939\" data-element_type=\"widget\" data-widget_type=\"iimage_box.default\">\n\t\t\t\t<div class=\"elementor-widget-container\">\n\t\t\t\t\t\r\n\t\t<div class=\"ot-image-box\">\r\n\t\t\t\t\t\t<div class=\"content-box\">\r\n\t\t\t\t<h5 class=\"title-box\">Creation and administration of private foundations<\/h5>\t\t\t\t<p>Together, we handle the establishment and administration of private foundations.\nWe guide you to ensure legal compliance and to maximize the tax benefits you can receive.  Let's create and entrust us with the management of your foundation for optimal financial impact.<\/p>\t\t\t<\/div>\r\n\t\t\t\t    <\/div>\r\n\r\n\t    \t\t\t\t<\/div>\n\t\t\t\t<\/div>\n\t\t\t\t\t<\/div>\n\t\t<\/div>\n\t\t\t\t\t<\/div>\n\t\t<\/section>\n\t\t\t\t<section class=\"elementor-section elementor-inner-section elementor-element elementor-element-3750771 elementor-section-full_width elementor-section-height-default elementor-section-height-default\" data-id=\"3750771\" data-element_type=\"section\">\n\t\t\t\t\t\t<div class=\"elementor-container elementor-column-gap-extended\">\n\t\t\t\t\t<div class=\"elementor-column elementor-col-100 elementor-inner-column elementor-element elementor-element-325ea45 ot-flex-column-vertical\" data-id=\"325ea45\" data-element_type=\"column\">\n\t\t\t<div class=\"elementor-widget-wrap elementor-element-populated\">\n\t\t\t\t\t\t<div class=\"elementor-element elementor-element-965b7d2 elementor-widget elementor-widget-iimage_box\" data-id=\"965b7d2\" data-element_type=\"widget\" data-widget_type=\"iimage_box.default\">\n\t\t\t\t<div class=\"elementor-widget-container\">\n\t\t\t\t\t\r\n\t\t<div class=\"ot-image-box\">\r\n\t\t\t\t\t\t<div class=\"content-box\">\r\n\t\t\t\t<h3 class=\"title-box\">Company domiciliation <\/h3>\t\t\t\t<p>Domiciliation is a service that offers numerous advantages to companies that want to establish themselves and start their new activity.\nBy opting for domiciliation, you benefit from a local presence, which attests to your activity to clients and business partners.  Our domiciliation services include the reception and management of mail, the provision of meeting rooms if necessary, as well as numerous comprehensive solutions to meet your professional needs.<\/p>\t\t\t<\/div>\r\n\t\t\t\t    <\/div>\r\n\r\n\t    \t\t\t\t<\/div>\n\t\t\t\t<\/div>\n\t\t\t\t\t<\/div>\n\t\t<\/div>\n\t\t\t\t\t<\/div>\n\t\t<\/section>\n\t\t\t\t\t<\/div>\n\t\t<\/div>\n\t\t\t\t\t<\/div>\n\t\t<\/section>\n\t\t\t\t<section class=\"elementor-section elementor-top-section elementor-element elementor-element-607ad14 elementor-section-boxed elementor-section-height-default elementor-section-height-default\" data-id=\"607ad14\" data-element_type=\"section\">\n\t\t\t\t\t\t<div class=\"elementor-container elementor-column-gap-default\">\n\t\t\t\t\t<div class=\"elementor-column elementor-col-100 elementor-top-column elementor-element elementor-element-4d39ba4 ot-flex-column-vertical\" data-id=\"4d39ba4\" data-element_type=\"column\">\n\t\t\t<div class=\"elementor-widget-wrap\">\n\t\t\t\t\t\t\t<\/div>\n\t\t<\/div>\n\t\t\t\t\t<\/div>\n\t\t<\/section>\n\t\t\t\t<\/div>","protected":false},"excerpt":{"rendered":"<p>Administration &amp; cr\u00e9ation de soci\u00e9t\u00e9s Stolagon Capital et ses partenaires offrent des services complets de cr\u00e9ation d\u2019entreprises, administration, gestion des salaires, comptabilit\u00e9 et fiscalit\u00e9 en Suisse, au Luxembourg, au Portugal, au Royaume-Uni, \u00e0 Singapour et aux Philippines ainsi que les services de permis de travail et de r\u00e9sidence, domiciliation d\u2019entreprise, repr\u00e9sentation fiscale pour la TVA, [&hellip;]<\/p>","protected":false},"author":1,"featured_media":0,"parent":2713,"menu_order":0,"comment_status":"closed","ping_status":"closed","template":"","meta":{"footnotes":""},"class_list":["post-2729","page","type-page","status-publish","hentry"],"_links":{"self":[{"href":"https:\/\/stolagon.lesitesweb.ch\/en\/wp-json\/wp\/v2\/pages\/2729","targetHints":{"allow":["GET"]}}],"collection":[{"href":"https:\/\/stolagon.lesitesweb.ch\/en\/wp-json\/wp\/v2\/pages"}],"about":[{"href":"https:\/\/stolagon.lesitesweb.ch\/en\/wp-json\/wp\/v2\/types\/page"}],"author":[{"embeddable":true,"href":"https:\/\/stolagon.lesitesweb.ch\/en\/wp-json\/wp\/v2\/users\/1"}],"replies":[{"embeddable":true,"href":"https:\/\/stolagon.lesitesweb.ch\/en\/wp-json\/wp\/v2\/comments?post=2729"}],"version-history":[{"count":16,"href":"https:\/\/stolagon.lesitesweb.ch\/en\/wp-json\/wp\/v2\/pages\/2729\/revisions"}],"predecessor-version":[{"id":2943,"href":"https:\/\/stolagon.lesitesweb.ch\/en\/wp-json\/wp\/v2\/pages\/2729\/revisions\/2943"}],"up":[{"embeddable":true,"href":"https:\/\/stolagon.lesitesweb.ch\/en\/wp-json\/wp\/v2\/pages\/2713"}],"wp:attachment":[{"href":"https:\/\/stolagon.lesitesweb.ch\/en\/wp-json\/wp\/v2\/media?parent=2729"}],"curies":[{"name":"wp","href":"https:\/\/api.w.org\/{rel}","templated":true}]}}