{"id":2710,"date":"2025-02-26T23:17:19","date_gmt":"2025-02-26T22:17:19","guid":{"rendered":"https:\/\/stolagon.lesitesweb.ch\/?page_id=2710"},"modified":"2025-02-27T18:35:42","modified_gmt":"2025-02-27T17:35:42","slug":"a-propos-de-stolagon-capital","status":"publish","type":"page","link":"https:\/\/stolagon.lesitesweb.ch\/tr\/a-propos-de-stolagon-capital\/","title":{"rendered":"Hakk\u0131m\u0131zda"},"content":{"rendered":"<div data-elementor-type=\"wp-page\" data-elementor-id=\"2710\" class=\"elementor elementor-2710\">\n\t\t\t\t\t\t<section class=\"elementor-section elementor-top-section elementor-element elementor-element-1666e75 elementor-section-boxed elementor-section-height-default elementor-section-height-default\" data-id=\"1666e75\" data-element_type=\"section\" data-settings=\"{&quot;background_background&quot;:&quot;classic&quot;}\">\n\t\t\t\t\t\t<div class=\"elementor-container elementor-column-gap-default\">\n\t\t\t\t\t<div class=\"elementor-column elementor-col-100 elementor-top-column elementor-element elementor-element-b585b40 ot-flex-column-vertical\" data-id=\"b585b40\" data-element_type=\"column\">\n\t\t\t<div class=\"elementor-widget-wrap elementor-element-populated\">\n\t\t\t\t\t\t<section class=\"elementor-section elementor-inner-section elementor-element elementor-element-df4af2f elementor-section-full_width elementor-section-height-default elementor-section-height-default\" data-id=\"df4af2f\" data-element_type=\"section\">\n\t\t\t\t\t\t<div class=\"elementor-container elementor-column-gap-extended\">\n\t\t\t\t\t<div class=\"elementor-column elementor-col-33 elementor-inner-column elementor-element elementor-element-e5a80f1 ot-flex-column-vertical\" data-id=\"e5a80f1\" data-element_type=\"column\">\n\t\t\t<div class=\"elementor-widget-wrap\">\n\t\t\t\t\t\t\t<\/div>\n\t\t<\/div>\n\t\t\t\t<div class=\"elementor-column elementor-col-33 elementor-inner-column elementor-element elementor-element-0e70c66 ot-flex-column-vertical\" data-id=\"0e70c66\" data-element_type=\"column\">\n\t\t\t<div class=\"elementor-widget-wrap elementor-element-populated\">\n\t\t\t\t\t\t<div class=\"elementor-element elementor-element-f8f4182 elementor-widget elementor-widget-iheading\" data-id=\"f8f4182\" data-element_type=\"widget\" data-widget_type=\"iheading.default\">\n\t\t\t\t<div class=\"elementor-widget-container\">\n\t\t\t\t\t\t\t<div class=\"ot-heading\">\r\n\t        <span class=\"\">G\u00fcvenlik, \u015feffafl\u0131k, performans <\/span>\t        <h3 class=\"main-head\">\u00d6zelle\u015ftirilmi\u015f finansal \u00e7\u00f6z\u00fcmlerle s\u00fcrd\u00fcr\u00fclebilir bir b\u00fcy\u00fcme.<\/h3>\t    <\/div>\r\n\t    \t\t\t\t<\/div>\n\t\t\t\t<\/div>\n\t\t\t\t<div class=\"elementor-element elementor-element-b352688 elementor-widget elementor-widget-text-editor\" data-id=\"b352688\" data-element_type=\"widget\" data-widget_type=\"text-editor.default\">\n\t\t\t\t<div class=\"elementor-widget-container\">\n\t\t\t\t\t\t\t\t\t<p>Stolagon Capital, \u0130sve\u00e7 finansal piyasalar\u0131n\u0131n otoriteleri taraf\u0131ndan tan\u0131nan d\u00fczenlenmi\u015f bir finansal arac\u0131d\u0131r.<\/p><p>Stolagon Capital'in amac\u0131, kurumlar\u0131n ve bireylerin yat\u0131r\u0131mlar\u0131n\u0131 ve risklerini g\u00fcvenli ve \u015feffaf bir \u015fekilde etkin bir \u015fekilde optimize etmelerine yard\u0131mc\u0131 olmakt\u0131r.<\/p>\t\t\t\t\t\t\t\t<\/div>\n\t\t\t\t<\/div>\n\t\t\t\t\t<\/div>\n\t\t<\/div>\n\t\t\t\t<div class=\"elementor-column elementor-col-33 elementor-inner-column elementor-element elementor-element-a822a5c ot-flex-column-vertical\" data-id=\"a822a5c\" data-element_type=\"column\">\n\t\t\t<div class=\"elementor-widget-wrap\">\n\t\t\t\t\t\t\t<\/div>\n\t\t<\/div>\n\t\t\t\t\t<\/div>\n\t\t<\/section>\n\t\t\t\t<section class=\"elementor-section elementor-inner-section elementor-element elementor-element-672f9ef elementor-section-full_width elementor-section-height-default elementor-section-height-default\" data-id=\"672f9ef\" data-element_type=\"section\">\n\t\t\t\t\t\t<div class=\"elementor-container elementor-column-gap-default\">\n\t\t\t\t\t<div class=\"elementor-column elementor-col-100 elementor-inner-column elementor-element elementor-element-330a29f ot-flex-column-vertical\" data-id=\"330a29f\" data-element_type=\"column\">\n\t\t\t<div class=\"elementor-widget-wrap elementor-element-populated\">\n\t\t\t\t\t\t<div class=\"elementor-element elementor-element-2c2634f elementor-widget elementor-widget-itabtitle\" data-id=\"2c2634f\" data-element_type=\"widget\" data-widget_type=\"itabtitle.default\">\n\t\t\t\t<div class=\"elementor-widget-container\">\n\t\t\t\t\t\r\n\t\t<div class=\"tab-titles\">\r\n\t\t\t\t\t\t<div class=\"title-item font-second\">\r\n\t\t\t\t<a href=\"#our-philo\">Felsefemiz<\/a>\r\n\t\t\t<\/div>\r\n\t\t\t\t\t\t<div class=\"title-item font-second\">\r\n\t\t\t\t<a href=\"#our-mission\">Misyonumuz<\/a>\r\n\t\t\t<\/div>\r\n\t\t\t\t\t\t<div class=\"title-item font-second\">\r\n\t\t\t\t<a href=\"#our-vision\">Bizim Vizyonumuz<\/a>\r\n\t\t\t<\/div>\r\n\t\t\t\t\t<\/div>\r\n\r\n\t    \t\t\t\t<\/div>\n\t\t\t\t<\/div>\n\t\t\t\t\t<\/div>\n\t\t<\/div>\n\t\t\t\t\t<\/div>\n\t\t<\/section>\n\t\t\t\t\t<\/div>\n\t\t<\/div>\n\t\t\t\t\t<\/div>\n\t\t<\/section>\n\t\t\t\t<section class=\"elementor-section elementor-top-section elementor-element elementor-element-228523d elementor-section-content-middle content-tab elementor-section-boxed elementor-section-height-default elementor-section-height-default\" data-id=\"228523d\" data-element_type=\"section\" id=\"our-philo\">\n\t\t\t\t\t\t<div class=\"elementor-container elementor-column-gap-extended\">\n\t\t\t\t\t<div class=\"elementor-column elementor-col-50 elementor-top-column elementor-element elementor-element-eb6c645 ot-flex-column-vertical\" data-id=\"eb6c645\" data-element_type=\"column\">\n\t\t\t<div class=\"elementor-widget-wrap elementor-element-populated\">\n\t\t\t\t\t\t<div class=\"elementor-element elementor-element-d6b3683 elementor-widget elementor-widget-image\" data-id=\"d6b3683\" data-element_type=\"widget\" data-widget_type=\"image.default\">\n\t\t\t\t<div class=\"elementor-widget-container\">\n\t\t\t\t\t\t\t\t\t\t\t\t\t\t\t<img fetchpriority=\"high\" decoding=\"async\" width=\"750\" height=\"656\" src=\"https:\/\/stolagon.lesitesweb.ch\/wp-content\/uploads\/2020\/09\/image1-value.jpg\" class=\"attachment-full size-full wp-image-542\" alt=\"\" srcset=\"https:\/\/stolagon.lesitesweb.ch\/wp-content\/uploads\/2020\/09\/image1-value.jpg 750w, https:\/\/stolagon.lesitesweb.ch\/wp-content\/uploads\/2020\/09\/image1-value-300x262.jpg 300w\" sizes=\"(max-width: 750px) 100vw, 750px\" \/>\t\t\t\t\t\t\t\t\t\t\t\t\t\t\t<\/div>\n\t\t\t\t<\/div>\n\t\t\t\t\t<\/div>\n\t\t<\/div>\n\t\t\t\t<div class=\"elementor-column elementor-col-50 elementor-top-column elementor-element elementor-element-2fad922 ot-flex-column-vertical\" data-id=\"2fad922\" data-element_type=\"column\">\n\t\t\t<div class=\"elementor-widget-wrap elementor-element-populated\">\n\t\t\t\t\t\t<div class=\"elementor-element elementor-element-bd49588 elementor-widget elementor-widget-heading\" data-id=\"bd49588\" data-element_type=\"widget\" data-widget_type=\"heading.default\">\n\t\t\t\t<div class=\"elementor-widget-container\">\n\t\t\t\t\t<h4 class=\"elementor-heading-title elementor-size-default\">Felsefemiz\n<\/h4>\t\t\t\t<\/div>\n\t\t\t\t<\/div>\n\t\t\t\t<div class=\"elementor-element elementor-element-8bac0a3 elementor-widget elementor-widget-text-editor\" data-id=\"8bac0a3\" data-element_type=\"widget\" data-widget_type=\"text-editor.default\">\n\t\t\t\t<div class=\"elementor-widget-container\">\n\t\t\t\t\t\t\t\t\t<p>Stolagon Capital'de, \u015feffafl\u0131k, g\u00fcvenlik ve m\u00fckemmeliyet temelinde bir yakla\u015f\u0131m\u0131 benimsiyoruz.  D\u00fczenlenmi\u015f bir finansal arac\u0131 olarak, m\u00fc\u015fterilerimize \u2013 kurumlar ve bireyler \u2013 yat\u0131r\u0131mlar\u0131n\u0131n ve risklerinin y\u00f6netimi i\u00e7in optimize edilmi\u015f \u00e7\u00f6z\u00fcmler sunmay\u0131 bir onur meselesi olarak g\u00f6r\u00fcyoruz.\u00a0<\/p>\t\t\t\t\t\t\t\t<\/div>\n\t\t\t\t<\/div>\n\t\t\t\t<div class=\"elementor-element elementor-element-c410e5e elementor-position-left elementor-view-default elementor-mobile-position-top elementor-vertical-align-top elementor-widget elementor-widget-icon-box\" data-id=\"c410e5e\" data-element_type=\"widget\" data-widget_type=\"icon-box.default\">\n\t\t\t\t<div class=\"elementor-widget-container\">\n\t\t\t\t\t\t\t<div class=\"elementor-icon-box-wrapper\">\n\n\t\t\t\t\t\t<div class=\"elementor-icon-box-icon\">\n\t\t\t\t<span  class=\"elementor-icon\">\n\t\t\t\t<svg xmlns=\"http:\/\/www.w3.org\/2000\/svg\" id=\"Capa_1\" viewbox=\"0 0 515.556 515.556\"><path d=\"m0 274.226 176.549 176.886 339.007-338.672-48.67-47.997-290.337 290-128.553-128.552z\"><\/path><\/svg>\t\t\t\t<\/span>\n\t\t\t<\/div>\n\t\t\t\n\t\t\t\t\t\t<div class=\"elementor-icon-box-content\">\n\n\t\t\t\t\t\t\t\t\t<h6 class=\"elementor-icon-box-title\">\n\t\t\t\t\t\t<span  >\n\t\t\t\t\t\t\tTaahh\u00fcd\u00fcm\u00fcz\t\t\t\t\t\t<\/span>\n\t\t\t\t\t<\/h6>\n\t\t\t\t\n\t\t\t\t\t\t\t\t\t<p class=\"elementor-icon-box-description\">\n\t\t\t\t\t\tTaahh\u00fcd\u00fcm\u00fcz g\u00fc\u00e7l\u00fc de\u011ferlere dayan\u0131yor: b\u00fct\u00fcnl\u00fck, m\u00fc\u015fterilerimizin ve ortaklar\u0131m\u0131z\u0131n se\u00e7imlerine sayg\u0131, ve s\u00fcrd\u00fcr\u00fclebilir performansa odaklanm\u0131\u015f bir \u015firket k\u00fclt\u00fcr\u00fc.\t\t\t\t\t<\/p>\n\t\t\t\t\n\t\t\t<\/div>\n\t\t\t\n\t\t<\/div>\n\t\t\t\t\t\t<\/div>\n\t\t\t\t<\/div>\n\t\t\t\t\t<\/div>\n\t\t<\/div>\n\t\t\t\t\t<\/div>\n\t\t<\/section>\n\t\t\t\t<section class=\"elementor-section elementor-top-section elementor-element elementor-element-8aac974 elementor-section-content-middle content-tab elementor-section-boxed elementor-section-height-default elementor-section-height-default\" data-id=\"8aac974\" data-element_type=\"section\" id=\"our-mission\">\n\t\t\t\t\t\t<div class=\"elementor-container elementor-column-gap-extended\">\n\t\t\t\t\t<div class=\"elementor-column elementor-col-50 elementor-top-column elementor-element elementor-element-98a32bf ot-flex-column-vertical\" data-id=\"98a32bf\" data-element_type=\"column\">\n\t\t\t<div class=\"elementor-widget-wrap elementor-element-populated\">\n\t\t\t\t\t\t<div class=\"elementor-element elementor-element-d88f5f9 elementor-widget elementor-widget-image\" data-id=\"d88f5f9\" data-element_type=\"widget\" data-widget_type=\"image.default\">\n\t\t\t\t<div class=\"elementor-widget-container\">\n\t\t\t\t\t\t\t\t\t\t\t\t\t\t\t<img decoding=\"async\" width=\"750\" height=\"656\" src=\"https:\/\/stolagon.lesitesweb.ch\/wp-content\/uploads\/2020\/09\/our-vision.jpg\" class=\"attachment-full size-full wp-image-1029\" alt=\"\" srcset=\"https:\/\/stolagon.lesitesweb.ch\/wp-content\/uploads\/2020\/09\/our-vision.jpg 750w, https:\/\/stolagon.lesitesweb.ch\/wp-content\/uploads\/2020\/09\/our-vision-300x262.jpg 300w\" sizes=\"(max-width: 750px) 100vw, 750px\" \/>\t\t\t\t\t\t\t\t\t\t\t\t\t\t\t<\/div>\n\t\t\t\t<\/div>\n\t\t\t\t\t<\/div>\n\t\t<\/div>\n\t\t\t\t<div class=\"elementor-column elementor-col-50 elementor-top-column elementor-element elementor-element-fca9f77 ot-flex-column-vertical\" data-id=\"fca9f77\" data-element_type=\"column\">\n\t\t\t<div class=\"elementor-widget-wrap elementor-element-populated\">\n\t\t\t\t\t\t<div class=\"elementor-element elementor-element-a676bd0 elementor-widget elementor-widget-heading\" data-id=\"a676bd0\" data-element_type=\"widget\" data-widget_type=\"heading.default\">\n\t\t\t\t<div class=\"elementor-widget-container\">\n\t\t\t\t\t<h4 class=\"elementor-heading-title elementor-size-default\">Misyonumuz<\/h4>\t\t\t\t<\/div>\n\t\t\t\t<\/div>\n\t\t\t\t<div class=\"elementor-element elementor-element-1913da8 elementor-widget elementor-widget-text-editor\" data-id=\"1913da8\" data-element_type=\"widget\" data-widget_type=\"text-editor.default\">\n\t\t\t\t<div class=\"elementor-widget-container\">\n\t\t\t\t\t\t\t\t\t<p>Misyonumuz, derinlemesine bir uzmanl\u0131k ve stratejik bir uluslararas\u0131 a\u011f birle\u015ftirerek birinci s\u0131n\u0131f finansal hizmetler sunmakt\u0131r.\u00a0<\/p>\t\t\t\t\t\t\t\t<\/div>\n\t\t\t\t<\/div>\n\t\t\t\t<div class=\"elementor-element elementor-element-ccbfb4e elementor-position-left elementor-view-default elementor-mobile-position-top elementor-vertical-align-top elementor-widget elementor-widget-icon-box\" data-id=\"ccbfb4e\" data-element_type=\"widget\" data-widget_type=\"icon-box.default\">\n\t\t\t\t<div class=\"elementor-widget-container\">\n\t\t\t\t\t\t\t<div class=\"elementor-icon-box-wrapper\">\n\n\t\t\t\t\t\t<div class=\"elementor-icon-box-icon\">\n\t\t\t\t<span  class=\"elementor-icon\">\n\t\t\t\t<svg xmlns=\"http:\/\/www.w3.org\/2000\/svg\" id=\"Capa_1\" viewbox=\"0 0 515.556 515.556\"><path d=\"m0 274.226 176.549 176.886 339.007-338.672-48.67-47.997-290.337 290-128.553-128.552z\"><\/path><\/svg>\t\t\t\t<\/span>\n\t\t\t<\/div>\n\t\t\t\n\t\t\t\t\t\t<div class=\"elementor-icon-box-content\">\n\n\t\t\t\t\t\t\t\t\t<h6 class=\"elementor-icon-box-title\">\n\t\t\t\t\t\t<span  >\n\t\t\t\t\t\t\tYat\u0131r\u0131mlar\u0131n optimizasyonu\t\t\t\t\t\t<\/span>\n\t\t\t\t\t<\/h6>\n\t\t\t\t\n\t\t\t\t\t\t\t\t\t<p class=\"elementor-icon-box-description\">\n\t\t\t\t\t\t\u0130sve\u00e7'in Stockholm \u015fehrinde bulunan Stolagon Capital, istikrarl\u0131 y\u00f6netimi ve s\u0131k\u0131 d\u00fczenleyici \u00e7er\u00e7evesi ile tan\u0131nan bir \u00fclkede, yat\u0131r\u0131mlar\u0131n optimize edilmesi ve risk y\u00f6netiminde kilit bir akt\u00f6r olarak kendini konumland\u0131rmaktad\u0131r.\u00a0\t\t\t\t\t<\/p>\n\t\t\t\t\n\t\t\t<\/div>\n\t\t\t\n\t\t<\/div>\n\t\t\t\t\t\t<\/div>\n\t\t\t\t<\/div>\n\t\t\t\t<div class=\"elementor-element elementor-element-cf4a623 elementor-position-left elementor-view-default elementor-mobile-position-top elementor-vertical-align-top elementor-widget elementor-widget-icon-box\" data-id=\"cf4a623\" data-element_type=\"widget\" data-widget_type=\"icon-box.default\">\n\t\t\t\t<div class=\"elementor-widget-container\">\n\t\t\t\t\t\t\t<div class=\"elementor-icon-box-wrapper\">\n\n\t\t\t\t\t\t<div class=\"elementor-icon-box-icon\">\n\t\t\t\t<span  class=\"elementor-icon\">\n\t\t\t\t<svg xmlns=\"http:\/\/www.w3.org\/2000\/svg\" id=\"Capa_1\" viewbox=\"0 0 515.556 515.556\"><path d=\"m0 274.226 176.549 176.886 339.007-338.672-48.67-47.997-290.337 290-128.553-128.552z\"><\/path><\/svg>\t\t\t\t<\/span>\n\t\t\t<\/div>\n\t\t\t\n\t\t\t\t\t\t<div class=\"elementor-icon-box-content\">\n\n\t\t\t\t\t\t\t\t\t<h6 class=\"elementor-icon-box-title\">\n\t\t\t\t\t\t<span  >\n\t\t\t\t\t\t\t\u00f6zel \u00e7\u00f6z\u00fcmler\t\t\t\t\t\t<\/span>\n\t\t\t\t\t<\/h6>\n\t\t\t\t\n\t\t\t\t\t\t\t\t\t<p class=\"elementor-icon-box-description\">\n\t\t\t\t\t\tD\u00fcnyan\u0131n \u00f6nde gelen finans merkezlerinde geni\u015f bir varl\u0131k sayesinde, m\u00fc\u015fterilerimize ihtiya\u00e7 ve hedeflerine uygun \u00f6zel \u00e7\u00f6z\u00fcmler sunarak onlara e\u015flik ediyoruz.\t\t\t\t\t<\/p>\n\t\t\t\t\n\t\t\t<\/div>\n\t\t\t\n\t\t<\/div>\n\t\t\t\t\t\t<\/div>\n\t\t\t\t<\/div>\n\t\t\t\t\t<\/div>\n\t\t<\/div>\n\t\t\t\t\t<\/div>\n\t\t<\/section>\n\t\t\t\t<section class=\"elementor-section elementor-top-section elementor-element elementor-element-d55903d elementor-section-content-middle content-tab elementor-section-boxed elementor-section-height-default elementor-section-height-default\" data-id=\"d55903d\" data-element_type=\"section\" id=\"our-vision\">\n\t\t\t\t\t\t<div class=\"elementor-container elementor-column-gap-extended\">\n\t\t\t\t\t<div class=\"elementor-column elementor-col-50 elementor-top-column elementor-element elementor-element-d7f103f ot-flex-column-vertical\" data-id=\"d7f103f\" data-element_type=\"column\">\n\t\t\t<div class=\"elementor-widget-wrap elementor-element-populated\">\n\t\t\t\t\t\t<div class=\"elementor-element elementor-element-9313107 elementor-widget elementor-widget-image\" data-id=\"9313107\" data-element_type=\"widget\" data-widget_type=\"image.default\">\n\t\t\t\t<div class=\"elementor-widget-container\">\n\t\t\t\t\t\t\t\t\t\t\t\t\t\t\t<img decoding=\"async\" width=\"750\" height=\"660\" src=\"https:\/\/stolagon.lesitesweb.ch\/wp-content\/uploads\/2020\/09\/image2-home1.jpg\" class=\"attachment-full size-full wp-image-1026\" alt=\"\" srcset=\"https:\/\/stolagon.lesitesweb.ch\/wp-content\/uploads\/2020\/09\/image2-home1.jpg 750w, https:\/\/stolagon.lesitesweb.ch\/wp-content\/uploads\/2020\/09\/image2-home1-300x264.jpg 300w\" sizes=\"(max-width: 750px) 100vw, 750px\" \/>\t\t\t\t\t\t\t\t\t\t\t\t\t\t\t<\/div>\n\t\t\t\t<\/div>\n\t\t\t\t\t<\/div>\n\t\t<\/div>\n\t\t\t\t<div class=\"elementor-column elementor-col-50 elementor-top-column elementor-element elementor-element-7b719a7 ot-flex-column-vertical\" data-id=\"7b719a7\" data-element_type=\"column\">\n\t\t\t<div class=\"elementor-widget-wrap elementor-element-populated\">\n\t\t\t\t\t\t<div class=\"elementor-element elementor-element-e62ad61 elementor-widget elementor-widget-heading\" data-id=\"e62ad61\" data-element_type=\"widget\" data-widget_type=\"heading.default\">\n\t\t\t\t<div class=\"elementor-widget-container\">\n\t\t\t\t\t<h4 class=\"elementor-heading-title elementor-size-default\">Bizim Vizyonumuz<\/h4>\t\t\t\t<\/div>\n\t\t\t\t<\/div>\n\t\t\t\t<div class=\"elementor-element elementor-element-be84664 elementor-widget elementor-widget-text-editor\" data-id=\"be84664\" data-element_type=\"widget\" data-widget_type=\"text-editor.default\">\n\t\t\t\t<div class=\"elementor-widget-container\">\n\t\t\t\t\t\t\t\t\tBiz, yerel bilgi ve uluslararas\u0131 kapsam\u0131 birle\u015ftirerek, d\u00fcnya \u00e7ap\u0131nda referans finansal partneriniz olmay\u0131 hedefliyoruz.\t\t\t\t\t\t\t\t<\/div>\n\t\t\t\t<\/div>\n\t\t\t\t<div class=\"elementor-element elementor-element-14a9149 elementor-position-left elementor-view-default elementor-mobile-position-top elementor-vertical-align-top elementor-widget elementor-widget-icon-box\" data-id=\"14a9149\" data-element_type=\"widget\" data-widget_type=\"icon-box.default\">\n\t\t\t\t<div class=\"elementor-widget-container\">\n\t\t\t\t\t\t\t<div class=\"elementor-icon-box-wrapper\">\n\n\t\t\t\t\t\t<div class=\"elementor-icon-box-icon\">\n\t\t\t\t<span  class=\"elementor-icon\">\n\t\t\t\t<svg xmlns=\"http:\/\/www.w3.org\/2000\/svg\" id=\"Capa_1\" viewbox=\"0 0 515.556 515.556\"><path d=\"m0 274.226 176.549 176.886 339.007-338.672-48.67-47.997-290.337 290-128.553-128.552z\"><\/path><\/svg>\t\t\t\t<\/span>\n\t\t\t<\/div>\n\t\t\t\n\t\t\t\t\t\t<div class=\"elementor-icon-box-content\">\n\n\t\t\t\t\t\t\t\t\t<h6 class=\"elementor-icon-box-title\">\n\t\t\t\t\t\t<span  >\n\t\t\t\t\t\t\tA\u011f\u0131m\u0131z \t\t\t\t\t\t<\/span>\n\t\t\t\t\t<\/h6>\n\t\t\t\t\n\t\t\t\t\t\t\t\t\t<p class=\"elementor-icon-box-description\">\n\t\t\t\t\t\t20'den fazla \u015fehir ve ba\u015fkentteki bir ortaklar a\u011f\u0131 ve Z\u00fcrih, Cenevre, L\u00fcksemburg, Londra, Paris, \u0130stanbul, Singapur, Hong-Kong ve Manila'daki temsilcilerimizle sizi en iyi finansal f\u0131rsatlarla bulu\u015fturuyoruz.\t\t\t\t\t<\/p>\n\t\t\t\t\n\t\t\t<\/div>\n\t\t\t\n\t\t<\/div>\n\t\t\t\t\t\t<\/div>\n\t\t\t\t<\/div>\n\t\t\t\t<div class=\"elementor-element elementor-element-8140da5 elementor-position-left elementor-view-default elementor-mobile-position-top elementor-vertical-align-top elementor-widget elementor-widget-icon-box\" data-id=\"8140da5\" data-element_type=\"widget\" data-widget_type=\"icon-box.default\">\n\t\t\t\t<div class=\"elementor-widget-container\">\n\t\t\t\t\t\t\t<div class=\"elementor-icon-box-wrapper\">\n\n\t\t\t\t\t\t<div class=\"elementor-icon-box-icon\">\n\t\t\t\t<span  class=\"elementor-icon\">\n\t\t\t\t<svg xmlns=\"http:\/\/www.w3.org\/2000\/svg\" id=\"Capa_1\" viewbox=\"0 0 515.556 515.556\"><path d=\"m0 274.226 176.549 176.886 339.007-338.672-48.67-47.997-290.337 290-128.553-128.552z\"><\/path><\/svg>\t\t\t\t<\/span>\n\t\t\t<\/div>\n\t\t\t\n\t\t\t\t\t\t<div class=\"elementor-icon-box-content\">\n\n\t\t\t\t\t\t\t\t\t<h6 class=\"elementor-icon-box-title\">\n\t\t\t\t\t\t<span  >\n\t\t\t\t\t\t\tKatma de\u011ferimiz\t\t\t\t\t\t<\/span>\n\t\t\t\t\t<\/h6>\n\t\t\t\t\n\t\t\t\t\t\t\t\t\t<p class=\"elementor-icon-box-description\">\n\t\t\t\t\t\tUzmanl\u0131\u011f\u0131m\u0131z ve entelekt\u00fcel sermayemiz sayesinde, \u00f6nemli bir katma de\u011fer yaratma taahh\u00fcd\u00fcnde bulunuyoruz, b\u00f6ylece ba\u015far\u0131n\u0131z\u0131 ve uzun vadeli projelerinizin geli\u015fimini destekliyoruz.\t\t\t\t\t<\/p>\n\t\t\t\t\n\t\t\t<\/div>\n\t\t\t\n\t\t<\/div>\n\t\t\t\t\t\t<\/div>\n\t\t\t\t<\/div>\n\t\t\t\t\t<\/div>\n\t\t<\/div>\n\t\t\t\t\t<\/div>\n\t\t<\/section>\n\t\t\t\t<\/div>","protected":false},"excerpt":{"rendered":"<p>S\u00e9curit\u00e9, transparence, performance Des solutions financi\u00e8res sur mesure pour une croissance durable. Stolagon Capital, Interm\u00e9diaire financier r\u00e9gul\u00e9 reconnu par les autorit\u00e9s des march\u00e9s financiers su\u00e9dois Stolagon Capital a pour objectif de favoriser les institutions et les particuliers \u00e0 optimiser efficacement, avec s\u00e9curit\u00e9 et transparence leurs investissements et leurs risques. Notre Philosophie Notre Mission Notre Vision [&hellip;]<\/p>","protected":false},"author":1,"featured_media":0,"parent":0,"menu_order":0,"comment_status":"closed","ping_status":"closed","template":"","meta":{"footnotes":""},"class_list":["post-2710","page","type-page","status-publish","hentry"],"_links":{"self":[{"href":"https:\/\/stolagon.lesitesweb.ch\/tr\/wp-json\/wp\/v2\/pages\/2710","targetHints":{"allow":["GET"]}}],"collection":[{"href":"https:\/\/stolagon.lesitesweb.ch\/tr\/wp-json\/wp\/v2\/pages"}],"about":[{"href":"https:\/\/stolagon.lesitesweb.ch\/tr\/wp-json\/wp\/v2\/types\/page"}],"author":[{"embeddable":true,"href":"https:\/\/stolagon.lesitesweb.ch\/tr\/wp-json\/wp\/v2\/users\/1"}],"replies":[{"embeddable":true,"href":"https:\/\/stolagon.lesitesweb.ch\/tr\/wp-json\/wp\/v2\/comments?post=2710"}],"version-history":[{"count":7,"href":"https:\/\/stolagon.lesitesweb.ch\/tr\/wp-json\/wp\/v2\/pages\/2710\/revisions"}],"predecessor-version":[{"id":2906,"href":"https:\/\/stolagon.lesitesweb.ch\/tr\/wp-json\/wp\/v2\/pages\/2710\/revisions\/2906"}],"wp:attachment":[{"href":"https:\/\/stolagon.lesitesweb.ch\/tr\/wp-json\/wp\/v2\/media?parent=2710"}],"curies":[{"name":"wp","href":"https:\/\/api.w.org\/{rel}","templated":true}]}}