{"id":2713,"date":"2025-02-26T23:22:55","date_gmt":"2025-02-26T22:22:55","guid":{"rendered":"https:\/\/stolagon.lesitesweb.ch\/?page_id=2713"},"modified":"2025-02-27T18:58:58","modified_gmt":"2025-02-27T17:58:58","slug":"nos-prestations","status":"publish","type":"page","link":"https:\/\/stolagon.lesitesweb.ch\/tr\/nos-prestations\/","title":{"rendered":"Hizmetlerimiz"},"content":{"rendered":"<div data-elementor-type=\"wp-page\" data-elementor-id=\"2713\" class=\"elementor elementor-2713\">\n\t\t\t\t\t\t<section class=\"elementor-section elementor-top-section elementor-element elementor-element-d4e8d44 elementor-section-boxed elementor-section-height-default elementor-section-height-default\" data-id=\"d4e8d44\" data-element_type=\"section\">\n\t\t\t\t\t\t<div class=\"elementor-container elementor-column-gap-default\">\n\t\t\t\t\t<div class=\"elementor-column elementor-col-100 elementor-top-column elementor-element elementor-element-00e26e8 ot-flex-column-vertical\" data-id=\"00e26e8\" data-element_type=\"column\">\n\t\t\t<div class=\"elementor-widget-wrap elementor-element-populated\">\n\t\t\t\t\t\t<section class=\"elementor-section elementor-inner-section elementor-element elementor-element-5dd0271 elementor-section-full_width elementor-section-height-default elementor-section-height-default\" data-id=\"5dd0271\" data-element_type=\"section\">\n\t\t\t\t\t\t<div class=\"elementor-container elementor-column-gap-default\">\n\t\t\t\t\t<div class=\"elementor-column elementor-col-33 elementor-inner-column elementor-element elementor-element-dbac810 ot-flex-column-vertical\" data-id=\"dbac810\" data-element_type=\"column\">\n\t\t\t<div class=\"elementor-widget-wrap\">\n\t\t\t\t\t\t\t<\/div>\n\t\t<\/div>\n\t\t\t\t<div class=\"elementor-column elementor-col-33 elementor-inner-column elementor-element elementor-element-393b617 ot-flex-column-vertical\" data-id=\"393b617\" data-element_type=\"column\">\n\t\t\t<div class=\"elementor-widget-wrap elementor-element-populated\">\n\t\t\t\t\t\t<div class=\"elementor-element elementor-element-92ae92e elementor-widget elementor-widget-iheading\" data-id=\"92ae92e\" data-element_type=\"widget\" data-widget_type=\"iheading.default\">\n\t\t\t\t<div class=\"elementor-widget-container\">\n\t\t\t\t\t\t\t<div class=\"ot-heading\">\r\n\t        <span class=\"\">Ana hizmetlerimiz<\/span>\t        <h3 class=\"main-head\">Ve \u00e7ok daha fazlas\u0131!<\/h3>\t    <\/div>\r\n\t    \t\t\t\t<\/div>\n\t\t\t\t<\/div>\n\t\t\t\t\t<\/div>\n\t\t<\/div>\n\t\t\t\t<div class=\"elementor-column elementor-col-33 elementor-inner-column elementor-element elementor-element-720e2fb ot-flex-column-vertical\" data-id=\"720e2fb\" data-element_type=\"column\">\n\t\t\t<div class=\"elementor-widget-wrap\">\n\t\t\t\t\t\t\t<\/div>\n\t\t<\/div>\n\t\t\t\t\t<\/div>\n\t\t<\/section>\n\t\t\t\t<section class=\"elementor-section elementor-inner-section elementor-element elementor-element-6abb851 elementor-section-full_width elementor-section-height-default elementor-section-height-default\" data-id=\"6abb851\" data-element_type=\"section\">\n\t\t\t\t\t\t<div class=\"elementor-container elementor-column-gap-extended\">\n\t\t\t\t\t<div class=\"elementor-column elementor-col-50 elementor-inner-column elementor-element elementor-element-31d8ee5 ot-flex-column-vertical\" data-id=\"31d8ee5\" data-element_type=\"column\">\n\t\t\t<div class=\"elementor-widget-wrap elementor-element-populated\">\n\t\t\t\t\t\t<div class=\"elementor-element elementor-element-fbe2a54 elementor-widget elementor-widget-iimage_box\" data-id=\"fbe2a54\" data-element_type=\"widget\" data-widget_type=\"iimage_box.default\">\n\t\t\t\t<div class=\"elementor-widget-container\">\n\t\t\t\t\t\r\n\t\t<div class=\"ot-image-box\">\r\n\t\t\t<a href=\"https:\/\/stolagon.lesitesweb.ch\/tr\/nos-prestations\/gestion-dactifs\/\"><img fetchpriority=\"high\" decoding=\"async\" width=\"600\" height=\"400\" src=\"https:\/\/stolagon.lesitesweb.ch\/wp-content\/uploads\/2025\/02\/Stolagon-gestion-dactif-600x400.jpeg\" class=\"attachment-maxbizz-post-thumbnail-grid size-maxbizz-post-thumbnail-grid wp-image-2765\" alt=\"\" srcset=\"https:\/\/stolagon.lesitesweb.ch\/wp-content\/uploads\/2025\/02\/Stolagon-gestion-dactif-600x400.jpeg 600w, https:\/\/stolagon.lesitesweb.ch\/wp-content\/uploads\/2025\/02\/Stolagon-gestion-dactif-300x200.jpeg 300w, https:\/\/stolagon.lesitesweb.ch\/wp-content\/uploads\/2025\/02\/Stolagon-gestion-dactif-1024x683.jpeg 1024w, https:\/\/stolagon.lesitesweb.ch\/wp-content\/uploads\/2025\/02\/Stolagon-gestion-dactif-768x512.jpeg 768w, https:\/\/stolagon.lesitesweb.ch\/wp-content\/uploads\/2025\/02\/Stolagon-gestion-dactif.jpeg 1200w\" sizes=\"(max-width: 600px) 100vw, 600px\" \/><\/a>\t\t\t<div class=\"content-box\">\r\n\t\t\t\t<h5 class=\"title-box\"><a href=\"https:\/\/stolagon.lesitesweb.ch\/tr\/nos-prestations\/gestion-dactifs\/\">Varl\u0131k Y\u00f6netimi<\/a><\/h5>\t\t\t\t<p>Varl\u0131klar\u0131n\u0131z\u0131 y\u00f6netme \u015feklimiz, dinamik bir varl\u0131k y\u00f6netimi i\u00e7in gerekli g\u00fcnl\u00fck yan\u0131tlarla olan kat\u0131l\u0131m\u0131m\u0131z\u0131 yans\u0131t\u0131r. <\/p>\t\t\t<\/div>\r\n\t\t\t<a href=\"https:\/\/stolagon.lesitesweb.ch\/tr\/nos-prestations\/gestion-dactifs\/\" class=\"link-box font-second\"><span>Devam\u0131n\u0131 oku<\/span><i class=\"ot-flaticon-trajectory\"><\/i><\/a>\t    <\/div>\r\n\r\n\t    \t\t\t\t<\/div>\n\t\t\t\t<\/div>\n\t\t\t\t\t<\/div>\n\t\t<\/div>\n\t\t\t\t<div class=\"elementor-column elementor-col-50 elementor-inner-column elementor-element elementor-element-07239d9 ot-flex-column-vertical\" data-id=\"07239d9\" data-element_type=\"column\">\n\t\t\t<div class=\"elementor-widget-wrap elementor-element-populated\">\n\t\t\t\t\t\t<div class=\"elementor-element elementor-element-3b330b8 elementor-widget elementor-widget-iimage_box\" data-id=\"3b330b8\" data-element_type=\"widget\" data-widget_type=\"iimage_box.default\">\n\t\t\t\t<div class=\"elementor-widget-container\">\n\t\t\t\t\t\r\n\t\t<div class=\"ot-image-box\">\r\n\t\t\t<a href=\"https:\/\/stolagon.lesitesweb.ch\/tr\/nos-prestations\/fonds-dinvestissement\/\"><img decoding=\"async\" width=\"600\" height=\"400\" src=\"https:\/\/stolagon.lesitesweb.ch\/wp-content\/uploads\/2025\/02\/Stolagon-fonds-dinvestissement-600x400.jpeg\" class=\"attachment-maxbizz-post-thumbnail-grid size-maxbizz-post-thumbnail-grid wp-image-2793\" alt=\"\" \/><\/a>\t\t\t<div class=\"content-box\">\r\n\t\t\t\t<h5 class=\"title-box\"><a href=\"https:\/\/stolagon.lesitesweb.ch\/tr\/nos-prestations\/fonds-dinvestissement\/\">Yat\u0131r\u0131m fonu<\/a><\/h5>\t\t\t\t<p>En 2025, le march\u00e9 immobilier de Marrakech continue de se d\u00e9velopper \u00e0 un rythme impressionnant, attirant des investisseurs locaux et internationaux<\/p>\t\t\t<\/div>\r\n\t\t\t<a href=\"https:\/\/stolagon.lesitesweb.ch\/tr\/nos-prestations\/fonds-dinvestissement\/\" class=\"link-box font-second\"><span>Devam\u0131n\u0131 oku<\/span><i class=\"ot-flaticon-trajectory\"><\/i><\/a>\t    <\/div>\r\n\r\n\t    \t\t\t\t<\/div>\n\t\t\t\t<\/div>\n\t\t\t\t\t<\/div>\n\t\t<\/div>\n\t\t\t\t\t<\/div>\n\t\t<\/section>\n\t\t\t\t<section class=\"elementor-section elementor-inner-section elementor-element elementor-element-a97a932 elementor-section-full_width elementor-section-height-default elementor-section-height-default\" data-id=\"a97a932\" data-element_type=\"section\">\n\t\t\t\t\t\t<div class=\"elementor-container elementor-column-gap-extended\">\n\t\t\t\t\t<div class=\"elementor-column elementor-col-50 elementor-inner-column elementor-element elementor-element-03e63f2 ot-flex-column-vertical\" data-id=\"03e63f2\" data-element_type=\"column\">\n\t\t\t<div class=\"elementor-widget-wrap elementor-element-populated\">\n\t\t\t\t\t\t<div class=\"elementor-element elementor-element-c25f9ad elementor-widget elementor-widget-iimage_box\" data-id=\"c25f9ad\" data-element_type=\"widget\" data-widget_type=\"iimage_box.default\">\n\t\t\t\t<div class=\"elementor-widget-container\">\n\t\t\t\t\t\r\n\t\t<div class=\"ot-image-box\">\r\n\t\t\t<a href=\"https:\/\/stolagon.lesitesweb.ch\/tr\/nos-prestations\/plateforme-dechanges\/\"><img decoding=\"async\" width=\"600\" height=\"400\" src=\"https:\/\/stolagon.lesitesweb.ch\/wp-content\/uploads\/2025\/02\/Stolagon-plateforme-dechange-600x400.png\" class=\"attachment-maxbizz-post-thumbnail-grid size-maxbizz-post-thumbnail-grid wp-image-2797\" alt=\"\" \/><\/a>\t\t\t<div class=\"content-box\">\r\n\t\t\t\t<h5 class=\"title-box\"><a href=\"https:\/\/stolagon.lesitesweb.ch\/tr\/nos-prestations\/plateforme-dechanges\/\">M5 De\u011fi\u015fim Platformu<\/a><\/h5>\t\t\t\t<p>G\u00fcvenli bir \u015fekilde ticaret yap\u0131n\nMT5 platformumuz\nStolagon Capital<\/p>\t\t\t<\/div>\r\n\t\t\t<a href=\"https:\/\/stolagon.lesitesweb.ch\/tr\/nos-prestations\/plateforme-dechanges\/\" class=\"link-box font-second\"><span>Devam\u0131n\u0131 oku<\/span><i class=\"ot-flaticon-trajectory\"><\/i><\/a>\t    <\/div>\r\n\r\n\t    \t\t\t\t<\/div>\n\t\t\t\t<\/div>\n\t\t\t\t\t<\/div>\n\t\t<\/div>\n\t\t\t\t<div class=\"elementor-column elementor-col-50 elementor-inner-column elementor-element elementor-element-b9517cf ot-flex-column-vertical\" data-id=\"b9517cf\" data-element_type=\"column\">\n\t\t\t<div class=\"elementor-widget-wrap elementor-element-populated\">\n\t\t\t\t\t\t<div class=\"elementor-element elementor-element-619b8c3 elementor-widget elementor-widget-iimage_box\" data-id=\"619b8c3\" data-element_type=\"widget\" data-widget_type=\"iimage_box.default\">\n\t\t\t\t<div class=\"elementor-widget-container\">\n\t\t\t\t\t\r\n\t\t<div class=\"ot-image-box\">\r\n\t\t\t<a href=\"https:\/\/stolagon.lesitesweb.ch\/tr\/nos-prestations\/promotion-immobiliere\/\"><img loading=\"lazy\" decoding=\"async\" width=\"600\" height=\"400\" src=\"https:\/\/stolagon.lesitesweb.ch\/wp-content\/uploads\/2025\/02\/Stolagon-Financement-dactifs-600x400.png\" class=\"attachment-maxbizz-post-thumbnail-grid size-maxbizz-post-thumbnail-grid wp-image-2801\" alt=\"\" \/><\/a>\t\t\t<div class=\"content-box\">\r\n\t\t\t\t<h5 class=\"title-box\"><a href=\"https:\/\/stolagon.lesitesweb.ch\/tr\/nos-prestations\/promotion-immobiliere\/\">Varl\u0131k finansman\u0131<\/a><\/h5>\t\t\t\t<p>Bu finansman y\u00f6ntemi, varl\u0131klar\u0131n kullan\u0131m\u0131n\u0131 koruyacak ve bor\u00e7lu temerr\u00fcde d\u00fc\u015ft\u00fc\u011f\u00fcnde alacakl\u0131ya ger\u00e7ek bir teminat sa\u011flayacakt\u0131r.<\/p>\t\t\t<\/div>\r\n\t\t\t<a href=\"https:\/\/stolagon.lesitesweb.ch\/tr\/nos-prestations\/promotion-immobiliere\/\" class=\"link-box font-second\"><span>Devam\u0131n\u0131 oku<\/span><i class=\"ot-flaticon-trajectory\"><\/i><\/a>\t    <\/div>\r\n\r\n\t    \t\t\t\t<\/div>\n\t\t\t\t<\/div>\n\t\t\t\t\t<\/div>\n\t\t<\/div>\n\t\t\t\t\t<\/div>\n\t\t<\/section>\n\t\t\t\t<section class=\"elementor-section elementor-inner-section elementor-element elementor-element-54812d1 elementor-section-full_width elementor-section-height-default elementor-section-height-default\" data-id=\"54812d1\" data-element_type=\"section\">\n\t\t\t\t\t\t<div class=\"elementor-container elementor-column-gap-extended\">\n\t\t\t\t\t<div class=\"elementor-column elementor-col-50 elementor-inner-column elementor-element elementor-element-88f8157 ot-flex-column-vertical\" data-id=\"88f8157\" data-element_type=\"column\">\n\t\t\t<div class=\"elementor-widget-wrap elementor-element-populated\">\n\t\t\t\t\t\t<div class=\"elementor-element elementor-element-ba6694c elementor-widget elementor-widget-iimage_box\" data-id=\"ba6694c\" data-element_type=\"widget\" data-widget_type=\"iimage_box.default\">\n\t\t\t\t<div class=\"elementor-widget-container\">\n\t\t\t\t\t\r\n\t\t<div class=\"ot-image-box\">\r\n\t\t\t<a href=\"https:\/\/stolagon.lesitesweb.ch\/tr\/nos-prestations\/promotion-immobiliere\/\"><img loading=\"lazy\" decoding=\"async\" width=\"1770\" height=\"1040\" src=\"https:\/\/stolagon.lesitesweb.ch\/wp-content\/uploads\/2025\/02\/Stolagon-Notre-fonds-dinvestissement-immobilier-a-Marrakech.png\" class=\"attachment-full size-full wp-image-2805\" alt=\"\" srcset=\"https:\/\/stolagon.lesitesweb.ch\/wp-content\/uploads\/2025\/02\/Stolagon-Notre-fonds-dinvestissement-immobilier-a-Marrakech.png 1770w, https:\/\/stolagon.lesitesweb.ch\/wp-content\/uploads\/2025\/02\/Stolagon-Notre-fonds-dinvestissement-immobilier-a-Marrakech-300x176.png 300w, https:\/\/stolagon.lesitesweb.ch\/wp-content\/uploads\/2025\/02\/Stolagon-Notre-fonds-dinvestissement-immobilier-a-Marrakech-1024x602.png 1024w, https:\/\/stolagon.lesitesweb.ch\/wp-content\/uploads\/2025\/02\/Stolagon-Notre-fonds-dinvestissement-immobilier-a-Marrakech-768x451.png 768w, https:\/\/stolagon.lesitesweb.ch\/wp-content\/uploads\/2025\/02\/Stolagon-Notre-fonds-dinvestissement-immobilier-a-Marrakech-1536x903.png 1536w\" sizes=\"(max-width: 1770px) 100vw, 1770px\" \/><\/a>\t\t\t<div class=\"content-box\">\r\n\t\t\t\t<h5 class=\"title-box\"><a href=\"https:\/\/stolagon.lesitesweb.ch\/tr\/nos-prestations\/promotion-immobiliere\/\">Marrake\u015f'te gayrimenkul geli\u015ftirme<\/a><\/h5>\t\t\t\t<p>2025'te, Marrakech emlak piyasas\u0131 etkileyici bir h\u0131zla geli\u015fmeye devam ediyor ve yerel ve uluslararas\u0131 yat\u0131r\u0131mc\u0131lar\u0131 \u00e7ekiyor.<\/p>\t\t\t<\/div>\r\n\t\t\t<a href=\"https:\/\/stolagon.lesitesweb.ch\/tr\/nos-prestations\/promotion-immobiliere\/\" class=\"link-box font-second\"><span>Devam\u0131n\u0131 oku<\/span><i class=\"ot-flaticon-trajectory\"><\/i><\/a>\t    <\/div>\r\n\r\n\t    \t\t\t\t<\/div>\n\t\t\t\t<\/div>\n\t\t\t\t\t<\/div>\n\t\t<\/div>\n\t\t\t\t<div class=\"elementor-column elementor-col-50 elementor-inner-column elementor-element elementor-element-ef56d3b ot-flex-column-vertical\" data-id=\"ef56d3b\" data-element_type=\"column\">\n\t\t\t<div class=\"elementor-widget-wrap elementor-element-populated\">\n\t\t\t\t\t\t<div class=\"elementor-element elementor-element-e3054b6 elementor-widget elementor-widget-iimage_box\" data-id=\"e3054b6\" data-element_type=\"widget\" data-widget_type=\"iimage_box.default\">\n\t\t\t\t<div class=\"elementor-widget-container\">\n\t\t\t\t\t\r\n\t\t<div class=\"ot-image-box\">\r\n\t\t\t<a href=\"http:\/\/wpdemo.archiwp.com\/maxbizz\/our-services\/marketing-research\/\"><img loading=\"lazy\" decoding=\"async\" width=\"600\" height=\"400\" src=\"https:\/\/stolagon.lesitesweb.ch\/wp-content\/uploads\/2025\/02\/Stolagon-service-conseil-juridique-600x400.jpeg\" class=\"attachment-maxbizz-post-thumbnail-grid size-maxbizz-post-thumbnail-grid wp-image-2839\" alt=\"\" \/><\/a>\t\t\t<div class=\"content-box\">\r\n\t\t\t\t<h5 class=\"title-box\"><a href=\"http:\/\/wpdemo.archiwp.com\/maxbizz\/our-services\/marketing-research\/\">Hukuki tavsiyeler<\/a><\/h5>\t\t\t\t<p>Analysis of the market as a whole and its particular components (competitors, consumers, product, etc.)<\/p>\t\t\t<\/div>\r\n\t\t\t<a href=\"http:\/\/wpdemo.archiwp.com\/maxbizz\/our-services\/marketing-research\/\" class=\"link-box font-second\"><span>Devam\u0131n\u0131 oku<\/span><i class=\"ot-flaticon-trajectory\"><\/i><\/a>\t    <\/div>\r\n\r\n\t    \t\t\t\t<\/div>\n\t\t\t\t<\/div>\n\t\t\t\t\t<\/div>\n\t\t<\/div>\n\t\t\t\t\t<\/div>\n\t\t<\/section>\n\t\t\t\t<section class=\"elementor-section elementor-inner-section elementor-element elementor-element-edbeebc elementor-section-full_width elementor-section-height-default elementor-section-height-default\" data-id=\"edbeebc\" data-element_type=\"section\">\n\t\t\t\t\t\t<div class=\"elementor-container elementor-column-gap-extended\">\n\t\t\t\t\t<div class=\"elementor-column elementor-col-50 elementor-inner-column elementor-element elementor-element-a91b5b4 ot-flex-column-vertical\" data-id=\"a91b5b4\" data-element_type=\"column\">\n\t\t\t<div class=\"elementor-widget-wrap elementor-element-populated\">\n\t\t\t\t\t\t<div class=\"elementor-element elementor-element-c97d8d1 elementor-widget elementor-widget-iimage_box\" data-id=\"c97d8d1\" data-element_type=\"widget\" data-widget_type=\"iimage_box.default\">\n\t\t\t\t<div class=\"elementor-widget-container\">\n\t\t\t\t\t\r\n\t\t<div class=\"ot-image-box\">\r\n\t\t\t<a href=\"http:\/\/wpdemo.archiwp.com\/maxbizz\/our-services\/marketing-research\/\"><img loading=\"lazy\" decoding=\"async\" width=\"700\" height=\"400\" src=\"https:\/\/stolagon.lesitesweb.ch\/wp-content\/uploads\/2025\/02\/Stolagon-Administration-de-societes-.jpeg\" class=\"attachment-full size-full wp-image-2844\" alt=\"\" srcset=\"https:\/\/stolagon.lesitesweb.ch\/wp-content\/uploads\/2025\/02\/Stolagon-Administration-de-societes-.jpeg 700w, https:\/\/stolagon.lesitesweb.ch\/wp-content\/uploads\/2025\/02\/Stolagon-Administration-de-societes--300x171.jpeg 300w\" sizes=\"(max-width: 700px) 100vw, 700px\" \/><\/a>\t\t\t<div class=\"content-box\">\r\n\t\t\t\t<h5 class=\"title-box\"><a href=\"http:\/\/wpdemo.archiwp.com\/maxbizz\/our-services\/marketing-research\/\">Y\u00f6netim ve \u015firket kurulu\u015fu<\/a><\/h5>\t\t\t\t<p>Stolagon Capital ve ortaklar\u0131, \u015firket kurma, y\u00f6netim, maa\u015f y\u00f6netimi gibi kapsaml\u0131 hizmetler sunmaktad\u0131r...<\/p>\t\t\t<\/div>\r\n\t\t\t<a href=\"http:\/\/wpdemo.archiwp.com\/maxbizz\/our-services\/marketing-research\/\" class=\"link-box font-second\"><span>Devam\u0131n\u0131 oku<\/span><i class=\"ot-flaticon-trajectory\"><\/i><\/a>\t    <\/div>\r\n\r\n\t    \t\t\t\t<\/div>\n\t\t\t\t<\/div>\n\t\t\t\t\t<\/div>\n\t\t<\/div>\n\t\t\t\t<div class=\"elementor-column elementor-col-50 elementor-inner-column elementor-element elementor-element-947621e ot-flex-column-vertical\" data-id=\"947621e\" data-element_type=\"column\">\n\t\t\t<div class=\"elementor-widget-wrap elementor-element-populated\">\n\t\t\t\t\t\t<div class=\"elementor-element elementor-element-2aa14ae elementor-widget elementor-widget-iimage_box\" data-id=\"2aa14ae\" data-element_type=\"widget\" data-widget_type=\"iimage_box.default\">\n\t\t\t\t<div class=\"elementor-widget-container\">\n\t\t\t\t\t\r\n\t\t<div class=\"ot-image-box\">\r\n\t\t\t<a href=\"http:\/\/wpdemo.archiwp.com\/maxbizz\/our-services\/organizational-audit\/\"><img loading=\"lazy\" decoding=\"async\" width=\"600\" height=\"400\" src=\"https:\/\/stolagon.lesitesweb.ch\/wp-content\/uploads\/2020\/09\/service-box1-600x400.jpg\" class=\"attachment-maxbizz-post-thumbnail-grid size-maxbizz-post-thumbnail-grid wp-image-902\" alt=\"\" srcset=\"https:\/\/stolagon.lesitesweb.ch\/wp-content\/uploads\/2020\/09\/service-box1-600x400.jpg 600w, https:\/\/stolagon.lesitesweb.ch\/wp-content\/uploads\/2020\/09\/service-box1-300x199.jpg 300w\" sizes=\"(max-width: 600px) 100vw, 600px\" \/><\/a>\t\t\t<div class=\"content-box\">\r\n\t\t\t\t<h5 class=\"title-box\"><a href=\"http:\/\/wpdemo.archiwp.com\/maxbizz\/our-services\/organizational-audit\/\">Kolayla\u015ft\u0131rma hizmetleri<\/a><\/h5>\t\t\t\t<p>Analysis of internal processes & procedures, staff activity evaluation, evaluation of technologies.<\/p>\t\t\t<\/div>\r\n\t\t\t<a href=\"http:\/\/wpdemo.archiwp.com\/maxbizz\/our-services\/organizational-audit\/\" class=\"link-box font-second\"><span>Devam\u0131n\u0131 oku<\/span><i class=\"ot-flaticon-trajectory\"><\/i><\/a>\t    <\/div>\r\n\r\n\t    \t\t\t\t<\/div>\n\t\t\t\t<\/div>\n\t\t\t\t\t<\/div>\n\t\t<\/div>\n\t\t\t\t\t<\/div>\n\t\t<\/section>\n\t\t\t\t\t<\/div>\n\t\t<\/div>\n\t\t\t\t\t<\/div>\n\t\t<\/section>\n\t\t\t\t<\/div>","protected":false},"excerpt":{"rendered":"<p>Nos principaux services Et bien plus encore ! Gestion d&rsquo;actifs La fa\u00e7on dont nous g\u00e9rons vos actifs refl\u00e8te notre implication dans les r\u00e9ponses quotidiennes n\u00e9cessaires \u00e0 une gestion dynamique d\u2019actifs Lire la suite Fonds d&rsquo;investissement En 2025, le march\u00e9 immobilier de Marrakech continue de se d\u00e9velopper \u00e0 un rythme impressionnant, attirant des investisseurs locaux et [&hellip;]<\/p>","protected":false},"author":1,"featured_media":0,"parent":0,"menu_order":0,"comment_status":"closed","ping_status":"closed","template":"","meta":{"footnotes":""},"class_list":["post-2713","page","type-page","status-publish","hentry"],"_links":{"self":[{"href":"https:\/\/stolagon.lesitesweb.ch\/tr\/wp-json\/wp\/v2\/pages\/2713","targetHints":{"allow":["GET"]}}],"collection":[{"href":"https:\/\/stolagon.lesitesweb.ch\/tr\/wp-json\/wp\/v2\/pages"}],"about":[{"href":"https:\/\/stolagon.lesitesweb.ch\/tr\/wp-json\/wp\/v2\/types\/page"}],"author":[{"embeddable":true,"href":"https:\/\/stolagon.lesitesweb.ch\/tr\/wp-json\/wp\/v2\/users\/1"}],"replies":[{"embeddable":true,"href":"https:\/\/stolagon.lesitesweb.ch\/tr\/wp-json\/wp\/v2\/comments?post=2713"}],"version-history":[{"count":4,"href":"https:\/\/stolagon.lesitesweb.ch\/tr\/wp-json\/wp\/v2\/pages\/2713\/revisions"}],"predecessor-version":[{"id":2916,"href":"https:\/\/stolagon.lesitesweb.ch\/tr\/wp-json\/wp\/v2\/pages\/2713\/revisions\/2916"}],"wp:attachment":[{"href":"https:\/\/stolagon.lesitesweb.ch\/tr\/wp-json\/wp\/v2\/media?parent=2713"}],"curies":[{"name":"wp","href":"https:\/\/api.w.org\/{rel}","templated":true}]}}