{"id":2715,"date":"2025-02-26T23:24:41","date_gmt":"2025-02-26T22:24:41","guid":{"rendered":"https:\/\/stolagon.lesitesweb.ch\/?page_id=2715"},"modified":"2025-02-27T19:22:31","modified_gmt":"2025-02-27T18:22:31","slug":"gestion-dactifs","status":"publish","type":"page","link":"https:\/\/stolagon.lesitesweb.ch\/tr\/nos-prestations\/gestion-dactifs\/","title":{"rendered":"Varl\u0131k Y\u00f6netimi"},"content":{"rendered":"<div data-elementor-type=\"wp-page\" data-elementor-id=\"2715\" class=\"elementor elementor-2715\">\n\t\t\t\t\t\t<section class=\"elementor-section elementor-top-section elementor-element elementor-element-317e6d4 elementor-section-boxed elementor-section-height-default elementor-section-height-default\" data-id=\"317e6d4\" data-element_type=\"section\">\n\t\t\t\t\t\t<div class=\"elementor-container elementor-column-gap-extended\">\n\t\t\t\t\t<div class=\"elementor-column elementor-col-100 elementor-top-column elementor-element elementor-element-efbeefb ot-flex-column-vertical\" data-id=\"efbeefb\" data-element_type=\"column\">\n\t\t\t<div class=\"elementor-widget-wrap elementor-element-populated\">\n\t\t\t\t\t\t<div class=\"elementor-element elementor-element-f82bab9 elementor-widget elementor-widget-image\" data-id=\"f82bab9\" data-element_type=\"widget\" data-widget_type=\"image.default\">\n\t\t\t\t<div class=\"elementor-widget-container\">\n\t\t\t\t\t\t\t\t\t\t\t\t\t\t\t<img fetchpriority=\"high\" decoding=\"async\" width=\"1200\" height=\"800\" src=\"https:\/\/stolagon.lesitesweb.ch\/wp-content\/uploads\/2025\/02\/Stolagon-gestion-dactif.jpeg\" class=\"attachment-full size-full wp-image-2765\" alt=\"\" srcset=\"https:\/\/stolagon.lesitesweb.ch\/wp-content\/uploads\/2025\/02\/Stolagon-gestion-dactif.jpeg 1200w, https:\/\/stolagon.lesitesweb.ch\/wp-content\/uploads\/2025\/02\/Stolagon-gestion-dactif-300x200.jpeg 300w, https:\/\/stolagon.lesitesweb.ch\/wp-content\/uploads\/2025\/02\/Stolagon-gestion-dactif-1024x683.jpeg 1024w, https:\/\/stolagon.lesitesweb.ch\/wp-content\/uploads\/2025\/02\/Stolagon-gestion-dactif-768x512.jpeg 768w, https:\/\/stolagon.lesitesweb.ch\/wp-content\/uploads\/2025\/02\/Stolagon-gestion-dactif-600x400.jpeg 600w\" sizes=\"(max-width: 1200px) 100vw, 1200px\" \/>\t\t\t\t\t\t\t\t\t\t\t\t\t\t\t<\/div>\n\t\t\t\t<\/div>\n\t\t\t\t<div class=\"elementor-element elementor-element-d516166 elementor-widget elementor-widget-heading\" data-id=\"d516166\" data-element_type=\"widget\" data-widget_type=\"heading.default\">\n\t\t\t\t<div class=\"elementor-widget-container\">\n\t\t\t\t\t<h2 class=\"elementor-heading-title elementor-size-default\">Varl\u0131k y\u00f6netimi, portf\u00f6y y\u00f6netimi<\/h2>\t\t\t\t<\/div>\n\t\t\t\t<\/div>\n\t\t\t\t<div class=\"elementor-element elementor-element-0a3f3b9 elementor-widget elementor-widget-text-editor\" data-id=\"0a3f3b9\" data-element_type=\"widget\" data-widget_type=\"text-editor.default\">\n\t\t\t\t<div class=\"elementor-widget-container\">\n\t\t\t\t\t\t\t\t\t<p>B\u00fcy\u00fcyen bir finansal \u015firket olarak, yat\u0131r\u0131m se\u00e7imlerinizde k\u0131sa veya uzun vadeli vizyonunuza uygun stratejimizi benimsiyoruz.<\/p><h3>Varl\u0131k y\u00f6netimi ve portf\u00f6y dan\u0131\u015fmanl\u0131\u011f\u0131<\/h3><p>\u00d6zel bir finans kurumu olarak, her g\u00fcn geleneksel de\u011ferlerimizi ya\u015famak i\u00e7in ba\u011fl\u0131y\u0131z: ba\u011f\u0131ms\u0131zl\u0131k, f\u0131rsatlar\u0131n ger\u00e7ek\u00e7i vizyonu, performans.<br \/>Bizimle, varl\u0131klar\u0131n\u0131z g\u00fcvende.<\/p><p>Varl\u0131klar\u0131n\u0131z\u0131 uzmanlar\u0131m\u0131za emanet edin.  Hedeflerinizi birlikte analiz ediyoruz.<br \/>Birlikte ihtiya\u00e7lar\u0131n\u0131za uygun bir strateji olu\u015fturuyoruz.<\/p><p>Risk profilinizi ve yat\u0131r\u0131m stratejinizi size \u00f6zel m\u00fc\u015fteri temsilcinizle birlikte olu\u015fturursunuz.<\/p><p>Bize yat\u0131r\u0131m se\u00e7im ve y\u00f6netimini devrediyorsunuz.<\/p><p>Se\u00e7ti\u011finiz s\u0131kl\u0131kta, i\u015f dan\u0131\u015fman\u0131n\u0131zla her zaman \u015feffaf tart\u0131\u015fmalardan faydalanarak bir rapor al\u0131rs\u0131n\u0131z.<\/p><h3>Discretionary y\u00f6netimler<\/h3><p>Bize emanet etti\u011finiz yat\u0131r\u0131m mandalar\u0131, uzman ekibimiz taraf\u0131ndan ihtiya\u00e7lar\u0131n\u0131za g\u00f6re y\u00fcr\u00fct\u00fclmektedir.  Geleneksel varl\u0131k y\u00f6netiminin \u00f6tesinde, farkl\u0131 varl\u0131k s\u0131n\u0131flar\u0131 ve b\u00f6lgelerdeki uzman analizlerimize dayanan yat\u0131r\u0131m fonlar\u0131n\u0131 tercih edebilirsiniz.  Hedefleriniz ne olursa olsun, \u00e7\u0131karlar\u0131n\u0131z\u0131 g\u00f6z \u00f6n\u00fcnde bulundurarak h\u0131zl\u0131 bir \u015fekilde hareket ediyoruz.<\/p><h3>Yat\u0131r\u0131m stratejiniz kadar benzersiz<br \/>Hizmetinizde uzmanl\u0131k<\/h3><p>Kald\u0131ra\u00e7 avantaj\u0131m\u0131zdan, geni\u015f kapsaml\u0131 uzmanl\u0131\u011f\u0131m\u0131zdan ve g\u00fcn\u00fcm\u00fcz d\u00fcnyas\u0131na a\u00e7\u0131k vizyonumuzdan yararlan\u0131yorsunuz; t\u00fcm varl\u0131k s\u0131n\u0131flar\u0131n\u0131 ve t\u00fcm co\u011frafyalar\u0131 kaps\u0131yoruz.  K\u00fcresel piyasalara ve ana referans para birimlerine yat\u0131r\u0131m yap\u0131yoruz.<\/p><h3>Esneklik, s\u00fcrd\u00fcr\u00fclebilirlikle bulu\u015fuyor.<\/h3><p>\u00ab Flex \u00bb mandalar\u0131, y\u00f6neticilerimizle \u00e7ok d\u00fczenli bir etkile\u015fim arayan m\u00fc\u015fteriler i\u00e7in de uygundur.<\/p><p>S\u00fcrd\u00fcr\u00fclebilir yat\u0131r\u0131mlar\u0131m\u0131z \u00e7er\u00e7evesinde, kat\u0131 ESG ilkelerine g\u00f6re yat\u0131r\u0131m yapan bir dizi fon sunmaktan gurur duyuyoruz.<\/p>\t\t\t\t\t\t\t\t<\/div>\n\t\t\t\t<\/div>\n\t\t\t\t\t<\/div>\n\t\t<\/div>\n\t\t\t\t\t<\/div>\n\t\t<\/section>\n\t\t\t\t<section class=\"elementor-section elementor-top-section elementor-element elementor-element-607ad14 elementor-section-boxed elementor-section-height-default elementor-section-height-default\" data-id=\"607ad14\" data-element_type=\"section\">\n\t\t\t\t\t\t<div class=\"elementor-container elementor-column-gap-default\">\n\t\t\t\t\t<div class=\"elementor-column elementor-col-100 elementor-top-column elementor-element elementor-element-4d39ba4 ot-flex-column-vertical\" data-id=\"4d39ba4\" data-element_type=\"column\">\n\t\t\t<div class=\"elementor-widget-wrap\">\n\t\t\t\t\t\t\t<\/div>\n\t\t<\/div>\n\t\t\t\t\t<\/div>\n\t\t<\/section>\n\t\t\t\t<\/div>","protected":false},"excerpt":{"rendered":"<p>Gestion de fortune, gestion d\u2019actifs En tant qu\u2019entreprise financi\u00e8re de croissance, nous adoptons notre strat\u00e9gie \u00e0 votre vision \u00e0 court ou long terme dans vos choix d\u2019investissements Gestion de fortune et conseil en portefeuille d\u2019actifs En tant qu\u2019\u00e9tablissement financier priv\u00e9 nous sommes attach\u00e9s \u00e0 vivre chaque jour nos valeurs traditionnelles : ind\u00e9pendance, vision r\u00e9alisme des [&hellip;]<\/p>","protected":false},"author":1,"featured_media":0,"parent":2713,"menu_order":0,"comment_status":"closed","ping_status":"closed","template":"","meta":{"footnotes":""},"class_list":["post-2715","page","type-page","status-publish","hentry"],"_links":{"self":[{"href":"https:\/\/stolagon.lesitesweb.ch\/tr\/wp-json\/wp\/v2\/pages\/2715","targetHints":{"allow":["GET"]}}],"collection":[{"href":"https:\/\/stolagon.lesitesweb.ch\/tr\/wp-json\/wp\/v2\/pages"}],"about":[{"href":"https:\/\/stolagon.lesitesweb.ch\/tr\/wp-json\/wp\/v2\/types\/page"}],"author":[{"embeddable":true,"href":"https:\/\/stolagon.lesitesweb.ch\/tr\/wp-json\/wp\/v2\/users\/1"}],"replies":[{"embeddable":true,"href":"https:\/\/stolagon.lesitesweb.ch\/tr\/wp-json\/wp\/v2\/comments?post=2715"}],"version-history":[{"count":26,"href":"https:\/\/stolagon.lesitesweb.ch\/tr\/wp-json\/wp\/v2\/pages\/2715\/revisions"}],"predecessor-version":[{"id":2954,"href":"https:\/\/stolagon.lesitesweb.ch\/tr\/wp-json\/wp\/v2\/pages\/2715\/revisions\/2954"}],"up":[{"embeddable":true,"href":"https:\/\/stolagon.lesitesweb.ch\/tr\/wp-json\/wp\/v2\/pages\/2713"}],"wp:attachment":[{"href":"https:\/\/stolagon.lesitesweb.ch\/tr\/wp-json\/wp\/v2\/media?parent=2715"}],"curies":[{"name":"wp","href":"https:\/\/api.w.org\/{rel}","templated":true}]}}