{"id":2722,"date":"2025-02-26T23:34:55","date_gmt":"2025-02-26T22:34:55","guid":{"rendered":"https:\/\/stolagon.lesitesweb.ch\/?page_id=2722"},"modified":"2025-02-27T19:28:21","modified_gmt":"2025-02-27T18:28:21","slug":"financement-dactifs","status":"publish","type":"page","link":"https:\/\/stolagon.lesitesweb.ch\/tr\/nos-prestations\/financement-dactifs\/","title":{"rendered":"Varl\u0131k finansman\u0131"},"content":{"rendered":"<div data-elementor-type=\"wp-page\" data-elementor-id=\"2722\" class=\"elementor elementor-2722\">\n\t\t\t\t\t\t<section class=\"elementor-section elementor-top-section elementor-element elementor-element-317e6d4 elementor-reverse-tablet elementor-reverse-mobile elementor-section-boxed elementor-section-height-default elementor-section-height-default\" data-id=\"317e6d4\" data-element_type=\"section\">\n\t\t\t\t\t\t<div class=\"elementor-container elementor-column-gap-extended\">\n\t\t\t\t\t<div class=\"elementor-column elementor-col-100 elementor-top-column elementor-element elementor-element-efbeefb ot-flex-column-vertical\" data-id=\"efbeefb\" data-element_type=\"column\">\n\t\t\t<div class=\"elementor-widget-wrap elementor-element-populated\">\n\t\t\t\t\t\t<div class=\"elementor-element elementor-element-f82bab9 elementor-widget elementor-widget-image\" data-id=\"f82bab9\" data-element_type=\"widget\" data-widget_type=\"image.default\">\n\t\t\t\t<div class=\"elementor-widget-container\">\n\t\t\t\t\t\t\t\t\t\t\t\t\t\t\t<img fetchpriority=\"high\" decoding=\"async\" width=\"1404\" height=\"1030\" src=\"https:\/\/stolagon.lesitesweb.ch\/wp-content\/uploads\/2025\/02\/Stolagon-Financement-dactifs.png\" class=\"attachment-full size-full wp-image-2801\" alt=\"\" srcset=\"https:\/\/stolagon.lesitesweb.ch\/wp-content\/uploads\/2025\/02\/Stolagon-Financement-dactifs.png 1404w, https:\/\/stolagon.lesitesweb.ch\/wp-content\/uploads\/2025\/02\/Stolagon-Financement-dactifs-300x220.png 300w, https:\/\/stolagon.lesitesweb.ch\/wp-content\/uploads\/2025\/02\/Stolagon-Financement-dactifs-1024x751.png 1024w, https:\/\/stolagon.lesitesweb.ch\/wp-content\/uploads\/2025\/02\/Stolagon-Financement-dactifs-768x563.png 768w\" sizes=\"(max-width: 1404px) 100vw, 1404px\" \/>\t\t\t\t\t\t\t\t\t\t\t\t\t\t\t<\/div>\n\t\t\t\t<\/div>\n\t\t\t\t<div class=\"elementor-element elementor-element-d516166 elementor-widget elementor-widget-heading\" data-id=\"d516166\" data-element_type=\"widget\" data-widget_type=\"heading.default\">\n\t\t\t\t<div class=\"elementor-widget-container\">\n\t\t\t\t\t<h2 class=\"elementor-heading-title elementor-size-default\">Varl\u0131k finansman\u0131<\/h2>\t\t\t\t<\/div>\n\t\t\t\t<\/div>\n\t\t\t\t<div class=\"elementor-element elementor-element-611317c elementor-widget elementor-widget-text-editor\" data-id=\"611317c\" data-element_type=\"widget\" data-widget_type=\"text-editor.default\">\n\t\t\t\t<div class=\"elementor-widget-container\">\n\t\t\t\t\t\t\t\t\t<p>Sizi orta ve uzun vadeli varl\u0131k finansmanlar\u0131 konusunda destekleyebiliriz.  Bu, bir varl\u0131\u011f\u0131n (donan\u0131m, stok, gayrimenkul, patent vb.) devri veya teminat verilmesi kar\u015f\u0131l\u0131\u011f\u0131nda alternatif bir finansman kayna\u011f\u0131na eri\u015fim sa\u011flayacakt\u0131r.<\/p><p>Bu finansman y\u00f6ntemi, varl\u0131klar\u0131n kullan\u0131m\u0131n\u0131 koruyacak ve bor\u00e7lu temerr\u00fcde d\u00fc\u015ft\u00fc\u011f\u00fcnde alacakl\u0131ya ger\u00e7ek bir teminat sa\u011flayacakt\u0131r.<\/p><p>Ayr\u0131ca Capex veya d\u0131\u015f b\u00fcy\u00fcme operasyonlar\u0131n\u0131 finanse etmeyi de sa\u011flar.<\/p><p>Bu finansman, klasik banka borcuna ve tahvil finansmanlar\u0131na tamamlay\u0131c\u0131d\u0131r.<\/p><p>Basit bir hukuki d\u00fczenleme, \u00f6ncelikle varl\u0131\u011f\u0131n kapsaml\u0131 bir analizini gerektirir (genellikle ba\u011f\u0131ms\u0131z bir yetkili uzman taraf\u0131ndan yap\u0131l\u0131r).<\/p>\t\t\t\t\t\t\t\t<\/div>\n\t\t\t\t<\/div>\n\t\t\t\t\t<\/div>\n\t\t<\/div>\n\t\t\t\t\t<\/div>\n\t\t<\/section>\n\t\t\t\t<section class=\"elementor-section elementor-top-section elementor-element elementor-element-607ad14 elementor-section-boxed elementor-section-height-default elementor-section-height-default\" data-id=\"607ad14\" data-element_type=\"section\">\n\t\t\t\t\t\t<div class=\"elementor-container elementor-column-gap-default\">\n\t\t\t\t\t<div class=\"elementor-column elementor-col-100 elementor-top-column elementor-element elementor-element-4d39ba4 ot-flex-column-vertical\" data-id=\"4d39ba4\" data-element_type=\"column\">\n\t\t\t<div class=\"elementor-widget-wrap\">\n\t\t\t\t\t\t\t<\/div>\n\t\t<\/div>\n\t\t\t\t\t<\/div>\n\t\t<\/section>\n\t\t\t\t<\/div>","protected":false},"excerpt":{"rendered":"<p>Financement d\u2019actifs Nous pouvons vous accompagner dans le cadre de financements d\u2019actifs \u00e0 moyen et long terme. Il permettra un acc\u00e8s \u00e0 une source de financement alternative, en contrepartie de la cession ou de l\u2019octroi d\u2019une garantie sur un actif valorisable (\u00e9quipement, stock, immobilier, brevet etc.). Ce mode de financement permettra de conserver la jouissance [&hellip;]<\/p>","protected":false},"author":1,"featured_media":0,"parent":2713,"menu_order":0,"comment_status":"closed","ping_status":"closed","template":"","meta":{"footnotes":""},"class_list":["post-2722","page","type-page","status-publish","hentry"],"_links":{"self":[{"href":"https:\/\/stolagon.lesitesweb.ch\/tr\/wp-json\/wp\/v2\/pages\/2722","targetHints":{"allow":["GET"]}}],"collection":[{"href":"https:\/\/stolagon.lesitesweb.ch\/tr\/wp-json\/wp\/v2\/pages"}],"about":[{"href":"https:\/\/stolagon.lesitesweb.ch\/tr\/wp-json\/wp\/v2\/types\/page"}],"author":[{"embeddable":true,"href":"https:\/\/stolagon.lesitesweb.ch\/tr\/wp-json\/wp\/v2\/users\/1"}],"replies":[{"embeddable":true,"href":"https:\/\/stolagon.lesitesweb.ch\/tr\/wp-json\/wp\/v2\/comments?post=2722"}],"version-history":[{"count":14,"href":"https:\/\/stolagon.lesitesweb.ch\/tr\/wp-json\/wp\/v2\/pages\/2722\/revisions"}],"predecessor-version":[{"id":2934,"href":"https:\/\/stolagon.lesitesweb.ch\/tr\/wp-json\/wp\/v2\/pages\/2722\/revisions\/2934"}],"up":[{"embeddable":true,"href":"https:\/\/stolagon.lesitesweb.ch\/tr\/wp-json\/wp\/v2\/pages\/2713"}],"wp:attachment":[{"href":"https:\/\/stolagon.lesitesweb.ch\/tr\/wp-json\/wp\/v2\/media?parent=2722"}],"curies":[{"name":"wp","href":"https:\/\/api.w.org\/{rel}","templated":true}]}}