{"id":2725,"date":"2025-02-26T23:35:23","date_gmt":"2025-02-26T22:35:23","guid":{"rendered":"https:\/\/stolagon.lesitesweb.ch\/?page_id=2725"},"modified":"2025-03-07T19:06:31","modified_gmt":"2025-03-07T18:06:31","slug":"promotion-immobiliere","status":"publish","type":"page","link":"https:\/\/stolagon.lesitesweb.ch\/tr\/nos-prestations\/promotion-immobiliere\/","title":{"rendered":"Gayrimenkul geli\u015ftirme"},"content":{"rendered":"<div data-elementor-type=\"wp-page\" data-elementor-id=\"2725\" class=\"elementor elementor-2725\">\n\t\t\t\t\t\t<section class=\"elementor-section elementor-top-section elementor-element elementor-element-317e6d4 elementor-reverse-tablet elementor-reverse-mobile elementor-section-boxed elementor-section-height-default elementor-section-height-default\" data-id=\"317e6d4\" data-element_type=\"section\">\n\t\t\t\t\t\t<div class=\"elementor-container elementor-column-gap-extended\">\n\t\t\t\t\t<div class=\"elementor-column elementor-col-100 elementor-top-column elementor-element elementor-element-efbeefb ot-flex-column-vertical\" data-id=\"efbeefb\" data-element_type=\"column\">\n\t\t\t<div class=\"elementor-widget-wrap elementor-element-populated\">\n\t\t\t\t\t\t<div class=\"elementor-element elementor-element-f82bab9 elementor-widget elementor-widget-image\" data-id=\"f82bab9\" data-element_type=\"widget\" data-widget_type=\"image.default\">\n\t\t\t\t<div class=\"elementor-widget-container\">\n\t\t\t\t\t\t\t\t\t\t\t\t\t\t\t<img fetchpriority=\"high\" decoding=\"async\" width=\"1770\" height=\"1040\" src=\"https:\/\/stolagon.lesitesweb.ch\/wp-content\/uploads\/2025\/02\/Stolagon-Notre-fonds-dinvestissement-immobilier-a-Marrakech.png\" class=\"attachment-full size-full wp-image-2805\" alt=\"\" srcset=\"https:\/\/stolagon.lesitesweb.ch\/wp-content\/uploads\/2025\/02\/Stolagon-Notre-fonds-dinvestissement-immobilier-a-Marrakech.png 1770w, https:\/\/stolagon.lesitesweb.ch\/wp-content\/uploads\/2025\/02\/Stolagon-Notre-fonds-dinvestissement-immobilier-a-Marrakech-300x176.png 300w, https:\/\/stolagon.lesitesweb.ch\/wp-content\/uploads\/2025\/02\/Stolagon-Notre-fonds-dinvestissement-immobilier-a-Marrakech-1024x602.png 1024w, https:\/\/stolagon.lesitesweb.ch\/wp-content\/uploads\/2025\/02\/Stolagon-Notre-fonds-dinvestissement-immobilier-a-Marrakech-768x451.png 768w, https:\/\/stolagon.lesitesweb.ch\/wp-content\/uploads\/2025\/02\/Stolagon-Notre-fonds-dinvestissement-immobilier-a-Marrakech-1536x903.png 1536w\" sizes=\"(max-width: 1770px) 100vw, 1770px\" \/>\t\t\t\t\t\t\t\t\t\t\t\t\t\t\t<\/div>\n\t\t\t\t<\/div>\n\t\t\t\t<div class=\"elementor-element elementor-element-d516166 elementor-widget elementor-widget-heading\" data-id=\"d516166\" data-element_type=\"widget\" data-widget_type=\"heading.default\">\n\t\t\t\t<div class=\"elementor-widget-container\">\n\t\t\t\t\t<h2 class=\"elementor-heading-title elementor-size-default\">\u00d6zel gayrimenkul yat\u0131r\u0131m fonumuz<\/h2>\t\t\t\t<\/div>\n\t\t\t\t<\/div>\n\t\t\t\t<div class=\"elementor-element elementor-element-611317c elementor-widget elementor-widget-text-editor\" data-id=\"611317c\" data-element_type=\"widget\" data-widget_type=\"text-editor.default\">\n\t\t\t\t<div class=\"elementor-widget-container\">\n\t\t\t\t\t\t\t\t\t<p>2025'te, Marrakech emlak piyasas\u0131 etkileyici bir h\u0131zla geli\u015fmeye devam ediyor ve yerel ve uluslararas\u0131 yat\u0131r\u0131mc\u0131lar\u0131 \u00e7ekiyor.<\/p><p>Bu simgesel \u015fehir, gelenek ve modernli\u011fin kesi\u015fim noktas\u0131nda, artan \u00e7ekicili\u011fini ve yat\u0131r\u0131m potansiyelini yans\u0131tan bir gayrimenkul dinami\u011fi ile \u00f6ne \u00e7\u0131k\u0131yor.<\/p><h3>Tamamen ve \u00e7ok h\u0131zl\u0131 bir b\u00fcy\u00fcme i\u00e7inde olan bir pazar<\/h3><p>Marrake\u015f, sadece bir turistik destinasyondan \u00e7ok daha fazlas\u0131d\u0131r.<\/p><p>2025 y\u0131l\u0131nda, \u00f6nemli bir ekonomik ve k\u00fclt\u00fcrel merkez olarak kendini kan\u0131tl\u0131yor, gayrimenkul piyasas\u0131 h\u0131zla b\u00fcy\u00fcyor.<\/p><p>Gu\u00e9liz, Hivernage ve Medina gibi pop\u00fcler mahallelerde, modern dairelerden geleneksel Riadelere kadar emlak talebinde art\u0131\u015f g\u00f6r\u00fcl\u00fcyor.<\/p><p>Yeni mahalleler, en \u00fcst orta s\u0131n\u0131f sosyal katmanlar\u0131n en iyi Bat\u0131 standartlar\u0131na g\u00f6re ya\u015fama arzusuyla ortaya \u00e7\u0131kan bir talep sonucunda do\u011fuyor.<\/p><h3>2025 Y\u0131l\u0131 Pazar Trendleri<\/h3><p>Daha \u00f6nce sadece turizme y\u00f6nelik bir \u015fehir olan Marrakech, \u015fimdi birinci s\u0131n\u0131f ticari ve finansal bir enerjiye sahip olmaktan gurur duyuyor.<\/p><p>B\u00fcy\u00fck uluslararas\u0131 merkezler, teknoloji ve merkezi olmayan finans, y\u00fcksek e\u011fitim potansiyeline sahip yeni insan kaynaklar\u0131n\u0131 hem \u00fclke i\u00e7inden hem de d\u0131\u015f\u0131ndan i\u015fe al\u0131yor ve hareket ettiriyor.<\/p><ol><li style=\"list-style-type: none;\"><ol><li>Talep Art\u0131\u015f\u0131<ul><li>L\u00fcks villalar ve y\u00fcksek kaliteli m\u00fclkler, uluslararas\u0131 bir m\u00fc\u015fteri kitlesini etkilemeye devam ediyor.  Ancak yeni al\u0131c\u0131lar, i\u015f yerlerine yak\u0131n ya\u015fam alanlar\u0131 talep ediyor.<\/li><\/ul><\/li><li>Ekolojik Mahalleler ve S\u00fcrd\u00fcr\u00fclebilir Kalk\u0131nma:<ul><li>Daha s\u00fcrd\u00fcr\u00fclebilir uygulamalara y\u00f6nelik k\u00fcresel e\u011filim, Marrakech'te de kendini g\u00f6steriyor.  Yeni gayrimenkul projeleri, \u00e7evreye duyarl\u0131 bir m\u00fc\u015fteri kitlesinin beklentilerini kar\u015f\u0131lamak i\u00e7in ekolojik \u00e7\u00f6z\u00fcmler, yenilenebilir enerjiler ve s\u00fcrd\u00fcr\u00fclebilir malzemeler i\u00e7ermektedir.<\/li><\/ul><\/li><li>Yat\u0131r\u0131m Ama\u00e7l\u0131 Gayrimenkul:<ul><li>Kiralama sekt\u00f6r\u00fc, \u00f6zellikle turistik kiralamalar ve yazl\u0131klar i\u00e7in \u00e7ok y\u00fcksek bir talep g\u00f6r\u00fcyor.  Yat\u0131r\u0131mc\u0131lar, Marrakech'i s\u00fcrekli olarak gelen turistler ve ge\u00e7ici sakinler sayesinde cazip kira getirileri olan karl\u0131 bir pazar olarak g\u00f6r\u00fcyorlar.<\/li><\/ul><\/li><\/ol><\/li><\/ol><h3>\u00c7ekicilik Fakt\u00f6rleri<\/h3><ol><li style=\"list-style-type: none;\"><ol><li>Altyap\u0131 ve Eri\u015filebilirlik:<ul><li>Marrake\u015f, iyi hizmet veren bir uluslararas\u0131 havaliman\u0131 ve iyi durumda yollarla modern altyap\u0131lara sahiptir, bu da \u015fehrin farkl\u0131 b\u00f6lgelerine ve \u00e7evresine eri\u015fimi kolayla\u015ft\u0131r\u0131r.<\/li><\/ul><\/li><li>Ola\u011fan\u00fcst\u00fc Ya\u015fam Tarz\u0131:<ul><li>Marrake\u015f'te ya\u015fam kalitesi, ba\u015fka bir \u00e7ekicilik fakt\u00f6r\u00fcd\u00fcr.  Ho\u015f iklim, zengin k\u00fclt\u00fcrel miras ve mevcut aktivitelerin \u00e7e\u015fitlili\u011fi, bu \u015fehri bir\u00e7ok g\u00f6\u00e7men ve emekli i\u00e7in ayr\u0131cal\u0131kl\u0131 bir ya\u015fam yeri haline getiriyor.<\/li><\/ul><\/li><li>Yenilik\u00e7i Kentsel Projeler:<ul><li>Bir\u00e7ok kentsel ve turistik proje devam etmekte veya yak\u0131n gelecekte hayata ge\u00e7irilecek, l\u00fcks otel kompleksleri, modern al\u0131\u015fveri\u015f merkezleri ve kamuya a\u00e7\u0131k ye\u015fil alanlar gibi, bu da \u015fehrin cazibesini art\u0131rmaya devam ediyor.<\/li><\/ul><\/li><\/ol><\/li><\/ol><h3>Gelecek \u0130\u00e7in Perspektifler<\/h3><p>2025 y\u0131l\u0131, Marrakech emlak piyasas\u0131 i\u00e7in umut verici g\u00f6r\u00fcn\u00fcyor.  \u015eehir d\u00f6n\u00fc\u015f\u00fcm\u00fcne devam ediyor, \u00e7e\u015fitli sekt\u00f6rlerde yeni yat\u0131r\u0131m f\u0131rsatlar\u0131 sunuyor.<\/p><h3>Sonu\u00e7<\/h3><p>2025 y\u0131l\u0131nda Marrakech emlak piyasas\u0131, s\u00fcrd\u00fcr\u00fclebilir yat\u0131r\u0131mlar i\u00e7in g\u00fc\u00e7l\u00fc bir b\u00fcy\u00fcme ile olumlu bir dinamik yans\u0131t\u0131yor.<\/p><p>Fas Krall\u0131\u011f\u0131'n\u0131n gelece\u011fi b\u00fcy\u00fck \u00f6l\u00e7\u00fcde Marake\u015f'in ola\u011fan\u00fcst\u00fc geli\u015fiminde \u015fekillenecek.<\/p><p><strong>Y\u00fcksek verimli gayrimenkul geli\u015ftirme program\u0131m\u0131z bu perspektife m\u00fckemmel bir \u015fekilde uymaktad\u0131r.<\/strong><\/p>\t\t\t\t\t\t\t\t<\/div>\n\t\t\t\t<\/div>\n\t\t\t\t\t<\/div>\n\t\t<\/div>\n\t\t\t\t\t<\/div>\n\t\t<\/section>\n\t\t\t\t<section class=\"elementor-section elementor-top-section elementor-element elementor-element-607ad14 elementor-section-boxed elementor-section-height-default elementor-section-height-default\" data-id=\"607ad14\" data-element_type=\"section\">\n\t\t\t\t\t\t<div class=\"elementor-container elementor-column-gap-default\">\n\t\t\t\t\t<div class=\"elementor-column elementor-col-100 elementor-top-column elementor-element elementor-element-4d39ba4 ot-flex-column-vertical\" data-id=\"4d39ba4\" data-element_type=\"column\">\n\t\t\t<div class=\"elementor-widget-wrap\">\n\t\t\t\t\t\t\t<\/div>\n\t\t<\/div>\n\t\t\t\t\t<\/div>\n\t\t<\/section>\n\t\t\t\t<\/div>","protected":false},"excerpt":{"rendered":"<p>Notre fonds d\u2019investissement immobilier sp\u00e9cifique En 2025, le march\u00e9 immobilier de Marrakech continue de se d\u00e9velopper \u00e0 un rythme impressionnant, attirant des investisseurs locaux et internationaux. Cette ville embl\u00e9matique, au carrefour de la tradition et de la modernit\u00e9, se distingue par une dynamique immobili\u00e8re qui refl\u00e8te son attractivit\u00e9 croissante et son potentiel d\u2019investissement. Un march\u00e9 [&hellip;]<\/p>","protected":false},"author":1,"featured_media":0,"parent":2713,"menu_order":0,"comment_status":"closed","ping_status":"closed","template":"","meta":{"footnotes":""},"class_list":["post-2725","page","type-page","status-publish","hentry"],"_links":{"self":[{"href":"https:\/\/stolagon.lesitesweb.ch\/tr\/wp-json\/wp\/v2\/pages\/2725","targetHints":{"allow":["GET"]}}],"collection":[{"href":"https:\/\/stolagon.lesitesweb.ch\/tr\/wp-json\/wp\/v2\/pages"}],"about":[{"href":"https:\/\/stolagon.lesitesweb.ch\/tr\/wp-json\/wp\/v2\/types\/page"}],"author":[{"embeddable":true,"href":"https:\/\/stolagon.lesitesweb.ch\/tr\/wp-json\/wp\/v2\/users\/1"}],"replies":[{"embeddable":true,"href":"https:\/\/stolagon.lesitesweb.ch\/tr\/wp-json\/wp\/v2\/comments?post=2725"}],"version-history":[{"count":16,"href":"https:\/\/stolagon.lesitesweb.ch\/tr\/wp-json\/wp\/v2\/pages\/2725\/revisions"}],"predecessor-version":[{"id":2964,"href":"https:\/\/stolagon.lesitesweb.ch\/tr\/wp-json\/wp\/v2\/pages\/2725\/revisions\/2964"}],"up":[{"embeddable":true,"href":"https:\/\/stolagon.lesitesweb.ch\/tr\/wp-json\/wp\/v2\/pages\/2713"}],"wp:attachment":[{"href":"https:\/\/stolagon.lesitesweb.ch\/tr\/wp-json\/wp\/v2\/media?parent=2725"}],"curies":[{"name":"wp","href":"https:\/\/api.w.org\/{rel}","templated":true}]}}