{"id":2729,"date":"2025-02-26T23:33:44","date_gmt":"2025-02-26T22:33:44","guid":{"rendered":"https:\/\/stolagon.lesitesweb.ch\/?page_id=2729"},"modified":"2025-02-27T19:29:16","modified_gmt":"2025-02-27T18:29:16","slug":"administration-creation-de-societes","status":"publish","type":"page","link":"https:\/\/stolagon.lesitesweb.ch\/tr\/nos-prestations\/administration-creation-de-societes\/","title":{"rendered":"Y\u00f6netim ve \u015firket kurulu\u015fu"},"content":{"rendered":"<div data-elementor-type=\"wp-page\" data-elementor-id=\"2729\" class=\"elementor elementor-2729\">\n\t\t\t\t\t\t<section class=\"elementor-section elementor-top-section elementor-element elementor-element-317e6d4 elementor-reverse-tablet elementor-reverse-mobile elementor-section-boxed elementor-section-height-default elementor-section-height-default\" data-id=\"317e6d4\" data-element_type=\"section\">\n\t\t\t\t\t\t<div class=\"elementor-container elementor-column-gap-extended\">\n\t\t\t\t\t<div class=\"elementor-column elementor-col-100 elementor-top-column elementor-element elementor-element-efbeefb ot-flex-column-vertical\" data-id=\"efbeefb\" data-element_type=\"column\">\n\t\t\t<div class=\"elementor-widget-wrap elementor-element-populated\">\n\t\t\t\t\t\t<div class=\"elementor-element elementor-element-f82bab9 elementor-widget elementor-widget-image\" data-id=\"f82bab9\" data-element_type=\"widget\" data-widget_type=\"image.default\">\n\t\t\t\t<div class=\"elementor-widget-container\">\n\t\t\t\t\t\t\t\t\t\t\t\t\t\t\t<img fetchpriority=\"high\" decoding=\"async\" width=\"700\" height=\"400\" src=\"https:\/\/stolagon.lesitesweb.ch\/wp-content\/uploads\/2025\/02\/Stolagon-Administration-de-societes-.jpeg\" class=\"attachment-full size-full wp-image-2844\" alt=\"\" srcset=\"https:\/\/stolagon.lesitesweb.ch\/wp-content\/uploads\/2025\/02\/Stolagon-Administration-de-societes-.jpeg 700w, https:\/\/stolagon.lesitesweb.ch\/wp-content\/uploads\/2025\/02\/Stolagon-Administration-de-societes--300x171.jpeg 300w\" sizes=\"(max-width: 700px) 100vw, 700px\" \/>\t\t\t\t\t\t\t\t\t\t\t\t\t\t\t<\/div>\n\t\t\t\t<\/div>\n\t\t\t\t<div class=\"elementor-element elementor-element-d516166 elementor-widget elementor-widget-heading\" data-id=\"d516166\" data-element_type=\"widget\" data-widget_type=\"heading.default\">\n\t\t\t\t<div class=\"elementor-widget-container\">\n\t\t\t\t\t<h2 class=\"elementor-heading-title elementor-size-default\">Administration &amp; cr\u00e9ation de soci\u00e9t\u00e9s<\/h2>\t\t\t\t<\/div>\n\t\t\t\t<\/div>\n\t\t\t\t<div class=\"elementor-element elementor-element-611317c elementor-widget elementor-widget-text-editor\" data-id=\"611317c\" data-element_type=\"widget\" data-widget_type=\"text-editor.default\">\n\t\t\t\t<div class=\"elementor-widget-container\">\n\t\t\t\t\t\t\t\t\t<p>Stolagon Capital ve ortaklar\u0131, \u0130svi\u00e7re, L\u00fcksemburg, Portekiz, Birle\u015fik Krall\u0131k, Singapur ve Filipinler'de \u015firket kurma, y\u00f6netim, maa\u015f y\u00f6netimi, muhasebe ve vergi hizmetleri gibi kapsaml\u0131 hizmetler sunmaktad\u0131r. Ayr\u0131ca, \u00e7al\u0131\u015fma ve oturma izni, \u015firket ikameti, KDV i\u00e7in vergi temsilcili\u011fi ve i\u015fletme dan\u0131\u015fmanl\u0131\u011f\u0131 hizmetleri de sa\u011flamaktad\u0131rlar.<\/p>\t\t\t\t\t\t\t\t<\/div>\n\t\t\t\t<\/div>\n\t\t\t\t<section class=\"elementor-section elementor-inner-section elementor-element elementor-element-9a4f025 elementor-section-full_width elementor-section-height-default elementor-section-height-default\" data-id=\"9a4f025\" data-element_type=\"section\">\n\t\t\t\t\t\t<div class=\"elementor-container elementor-column-gap-extended\">\n\t\t\t\t\t<div class=\"elementor-column elementor-col-50 elementor-inner-column elementor-element elementor-element-35a9e19 ot-flex-column-vertical\" data-id=\"35a9e19\" data-element_type=\"column\">\n\t\t\t<div class=\"elementor-widget-wrap elementor-element-populated\">\n\t\t\t\t\t\t<div class=\"elementor-element elementor-element-aebefa1 elementor-widget elementor-widget-iimage_box\" data-id=\"aebefa1\" data-element_type=\"widget\" data-widget_type=\"iimage_box.default\">\n\t\t\t\t<div class=\"elementor-widget-container\">\n\t\t\t\t\t\r\n\t\t<div class=\"ot-image-box\">\r\n\t\t\t\t\t\t<div class=\"content-box\">\r\n\t\t\t\t<h3 class=\"title-box\">\u015eirketlerin kurulmas\u0131 ve yerle\u015ftirilmesi <\/h3>\t\t\t\t<p>Stolagon Capital, her zaman en uygun yarg\u0131 yetkisine g\u00f6re \u015firketlerin kurulumu ve yerle\u015ftirilmesi i\u00e7in hizmetlerini sunmaktad\u0131r.  Ortaklar\u0131m\u0131zla birlikte, giri\u015fimcilik yolculu\u011funuzda size e\u015flik ediyoruz ve t\u00fcm yasal ve mali gerekliliklerin yerine getirildi\u011finden emin oluyoruz.<\/p>\t\t\t<\/div>\r\n\t\t\t\t    <\/div>\r\n\r\n\t    \t\t\t\t<\/div>\n\t\t\t\t<\/div>\n\t\t\t\t\t<\/div>\n\t\t<\/div>\n\t\t\t\t<div class=\"elementor-column elementor-col-50 elementor-inner-column elementor-element elementor-element-04ace53 ot-flex-column-vertical\" data-id=\"04ace53\" data-element_type=\"column\">\n\t\t\t<div class=\"elementor-widget-wrap elementor-element-populated\">\n\t\t\t\t\t\t<div class=\"elementor-element elementor-element-7c1dde6 elementor-widget elementor-widget-iimage_box\" data-id=\"7c1dde6\" data-element_type=\"widget\" data-widget_type=\"iimage_box.default\">\n\t\t\t\t<div class=\"elementor-widget-container\">\n\t\t\t\t\t\r\n\t\t<div class=\"ot-image-box\">\r\n\t\t\t\t\t\t<div class=\"content-box\">\r\n\t\t\t\t<h5 class=\"title-box\">\u015eirket y\u00f6netim hizmetleri<\/h5>\t\t\t\t<p>\u0130dari hizmetler, i\u015f ak\u0131\u015flar\u0131n\u0131n istikrarl\u0131 bir \u015fekilde geli\u015fiminde hayati bir rol oynar.  \u015eirketlerin uyumunu sa\u011flarken i\u015fleyi\u015flerini kolayla\u015ft\u0131rmak i\u00e7in gereklidirler.  Bu, muhasebe, KDV, maa\u015flar, gerekti\u011finde Avrupa'da \u00e7al\u0131\u015fma izinleri y\u00f6netimini ve vergi konular\u0131yla ilgili yan\u0131tlar\u0131 i\u00e7erir, b\u00f6ylece ilgili \u00fclkelerde i\u015fletmelerin etkili bir \u015fekilde y\u00f6netilmesini sa\u011flar.<\/p>\t\t\t<\/div>\r\n\t\t\t\t    <\/div>\r\n\r\n\t    \t\t\t\t<\/div>\n\t\t\t\t<\/div>\n\t\t\t\t\t<\/div>\n\t\t<\/div>\n\t\t\t\t\t<\/div>\n\t\t<\/section>\n\t\t\t\t<section class=\"elementor-section elementor-inner-section elementor-element elementor-element-66ea1d2 elementor-section-full_width elementor-section-height-default elementor-section-height-default\" data-id=\"66ea1d2\" data-element_type=\"section\">\n\t\t\t\t\t\t<div class=\"elementor-container elementor-column-gap-extended\">\n\t\t\t\t\t<div class=\"elementor-column elementor-col-50 elementor-inner-column elementor-element elementor-element-3d1613c ot-flex-column-vertical\" data-id=\"3d1613c\" data-element_type=\"column\">\n\t\t\t<div class=\"elementor-widget-wrap elementor-element-populated\">\n\t\t\t\t\t\t<div class=\"elementor-element elementor-element-782c8e3 elementor-widget elementor-widget-iimage_box\" data-id=\"782c8e3\" data-element_type=\"widget\" data-widget_type=\"iimage_box.default\">\n\t\t\t\t<div class=\"elementor-widget-container\">\n\t\t\t\t\t\r\n\t\t<div class=\"ot-image-box\">\r\n\t\t\t\t\t\t<div class=\"content-box\">\r\n\t\t\t\t<h3 class=\"title-box\">Y\u00f6netici ve m\u00fcd\u00fcr vekaleti<\/h3>\t\t\t\t<p>Stolagon Capital ve ortaklar\u0131, ilgili \u00fclkelerdeki \u015firketler i\u00e7in kapsaml\u0131 \u00e7\u00f6z\u00fcmler sunarak \u015firket y\u00f6neticili\u011fi hizmetleri sunmaktad\u0131r.  Deneyimli \u00e7al\u0131\u015fanlar ve ortaklar, kurumsal y\u00f6netim \u00e7er\u00e7evesinde profesyonel bir destek sa\u011flamaktad\u0131r.<\/p>\t\t\t<\/div>\r\n\t\t\t\t    <\/div>\r\n\r\n\t    \t\t\t\t<\/div>\n\t\t\t\t<\/div>\n\t\t\t\t\t<\/div>\n\t\t<\/div>\n\t\t\t\t<div class=\"elementor-column elementor-col-50 elementor-inner-column elementor-element elementor-element-3d73bf6 ot-flex-column-vertical\" data-id=\"3d73bf6\" data-element_type=\"column\">\n\t\t\t<div class=\"elementor-widget-wrap elementor-element-populated\">\n\t\t\t\t\t\t<div class=\"elementor-element elementor-element-8d9f939 elementor-widget elementor-widget-iimage_box\" data-id=\"8d9f939\" data-element_type=\"widget\" data-widget_type=\"iimage_box.default\">\n\t\t\t\t<div class=\"elementor-widget-container\">\n\t\t\t\t\t\r\n\t\t<div class=\"ot-image-box\">\r\n\t\t\t\t\t\t<div class=\"content-box\">\r\n\t\t\t\t<h5 class=\"title-box\">\u00d6zel vak\u0131flar\u0131n kurulmas\u0131 ve y\u00f6netimi<\/h5>\t\t\t\t<p>Birlikte \u00f6zel vak\u0131flar\u0131n kurulu\u015fu ve y\u00f6netimi ile ilgileniyoruz.\nSizi yasal uyumlulu\u011fu sa\u011flamak ve faydalanabilece\u011finiz vergi avantajlar\u0131n\u0131 en \u00fcst d\u00fczeye \u00e7\u0131karmak i\u00e7in y\u00f6nlendiriyoruz.  Hadi kural\u0131m ve finansal etkisini en \u00fcst d\u00fczeye \u00e7\u0131karmak i\u00e7in vakf\u0131n\u0131z\u0131n y\u00f6netimini bize devredin.<\/p>\t\t\t<\/div>\r\n\t\t\t\t    <\/div>\r\n\r\n\t    \t\t\t\t<\/div>\n\t\t\t\t<\/div>\n\t\t\t\t\t<\/div>\n\t\t<\/div>\n\t\t\t\t\t<\/div>\n\t\t<\/section>\n\t\t\t\t<section class=\"elementor-section elementor-inner-section elementor-element elementor-element-3750771 elementor-section-full_width elementor-section-height-default elementor-section-height-default\" data-id=\"3750771\" data-element_type=\"section\">\n\t\t\t\t\t\t<div class=\"elementor-container elementor-column-gap-extended\">\n\t\t\t\t\t<div class=\"elementor-column elementor-col-100 elementor-inner-column elementor-element elementor-element-325ea45 ot-flex-column-vertical\" data-id=\"325ea45\" data-element_type=\"column\">\n\t\t\t<div class=\"elementor-widget-wrap elementor-element-populated\">\n\t\t\t\t\t\t<div class=\"elementor-element elementor-element-965b7d2 elementor-widget elementor-widget-iimage_box\" data-id=\"965b7d2\" data-element_type=\"widget\" data-widget_type=\"iimage_box.default\">\n\t\t\t\t<div class=\"elementor-widget-container\">\n\t\t\t\t\t\r\n\t\t<div class=\"ot-image-box\">\r\n\t\t\t\t\t\t<div class=\"content-box\">\r\n\t\t\t\t<h3 class=\"title-box\">\u015eirketin ikametgah\u0131 <\/h3>\t\t\t\t<p>Domiciliation, yeni bir faaliyet ba\u015flatmak ve yerle\u015fmek isteyen \u015firketlere bir\u00e7ok avantaj sunan bir hizmettir.\nDomicilasyon se\u00e7ene\u011fini tercih ederek, yerel bir varl\u0131k kazan\u0131rs\u0131n\u0131z, bu da m\u00fc\u015fteriler ve ticari ortaklar nezdinde faaliyetlerinizi kan\u0131tlar.  Domicilasyon hizmetlerimiz, posta al\u0131m\u0131 ve y\u00f6netimi, gerekirse toplant\u0131 odalar\u0131n\u0131n tahsisi ve profesyonel ihtiya\u00e7lar\u0131n\u0131za yan\u0131t verecek bir\u00e7ok kapsaml\u0131 \u00e7\u00f6z\u00fcm sunmaktad\u0131r.<\/p>\t\t\t<\/div>\r\n\t\t\t\t    <\/div>\r\n\r\n\t    \t\t\t\t<\/div>\n\t\t\t\t<\/div>\n\t\t\t\t\t<\/div>\n\t\t<\/div>\n\t\t\t\t\t<\/div>\n\t\t<\/section>\n\t\t\t\t\t<\/div>\n\t\t<\/div>\n\t\t\t\t\t<\/div>\n\t\t<\/section>\n\t\t\t\t<section class=\"elementor-section elementor-top-section elementor-element elementor-element-607ad14 elementor-section-boxed elementor-section-height-default elementor-section-height-default\" data-id=\"607ad14\" data-element_type=\"section\">\n\t\t\t\t\t\t<div class=\"elementor-container elementor-column-gap-default\">\n\t\t\t\t\t<div class=\"elementor-column elementor-col-100 elementor-top-column elementor-element elementor-element-4d39ba4 ot-flex-column-vertical\" data-id=\"4d39ba4\" data-element_type=\"column\">\n\t\t\t<div class=\"elementor-widget-wrap\">\n\t\t\t\t\t\t\t<\/div>\n\t\t<\/div>\n\t\t\t\t\t<\/div>\n\t\t<\/section>\n\t\t\t\t<\/div>","protected":false},"excerpt":{"rendered":"<p>Administration &amp; cr\u00e9ation de soci\u00e9t\u00e9s Stolagon Capital et ses partenaires offrent des services complets de cr\u00e9ation d\u2019entreprises, administration, gestion des salaires, comptabilit\u00e9 et fiscalit\u00e9 en Suisse, au Luxembourg, au Portugal, au Royaume-Uni, \u00e0 Singapour et aux Philippines ainsi que les services de permis de travail et de r\u00e9sidence, domiciliation d\u2019entreprise, repr\u00e9sentation fiscale pour la TVA, [&hellip;]<\/p>","protected":false},"author":1,"featured_media":0,"parent":2713,"menu_order":0,"comment_status":"closed","ping_status":"closed","template":"","meta":{"footnotes":""},"class_list":["post-2729","page","type-page","status-publish","hentry"],"_links":{"self":[{"href":"https:\/\/stolagon.lesitesweb.ch\/tr\/wp-json\/wp\/v2\/pages\/2729","targetHints":{"allow":["GET"]}}],"collection":[{"href":"https:\/\/stolagon.lesitesweb.ch\/tr\/wp-json\/wp\/v2\/pages"}],"about":[{"href":"https:\/\/stolagon.lesitesweb.ch\/tr\/wp-json\/wp\/v2\/types\/page"}],"author":[{"embeddable":true,"href":"https:\/\/stolagon.lesitesweb.ch\/tr\/wp-json\/wp\/v2\/users\/1"}],"replies":[{"embeddable":true,"href":"https:\/\/stolagon.lesitesweb.ch\/tr\/wp-json\/wp\/v2\/comments?post=2729"}],"version-history":[{"count":16,"href":"https:\/\/stolagon.lesitesweb.ch\/tr\/wp-json\/wp\/v2\/pages\/2729\/revisions"}],"predecessor-version":[{"id":2943,"href":"https:\/\/stolagon.lesitesweb.ch\/tr\/wp-json\/wp\/v2\/pages\/2729\/revisions\/2943"}],"up":[{"embeddable":true,"href":"https:\/\/stolagon.lesitesweb.ch\/tr\/wp-json\/wp\/v2\/pages\/2713"}],"wp:attachment":[{"href":"https:\/\/stolagon.lesitesweb.ch\/tr\/wp-json\/wp\/v2\/media?parent=2729"}],"curies":[{"name":"wp","href":"https:\/\/api.w.org\/{rel}","templated":true}]}}